{"id":27579,"date":"2024-07-01T10:47:44","date_gmt":"2024-07-01T10:47:44","guid":{"rendered":"https:\/\/dibosch.com\/?post_type=product&#038;p=27579"},"modified":"2024-07-01T10:48:22","modified_gmt":"2024-07-01T10:48:22","slug":"plumero-con-lampo-00008880-tts","status":"publish","type":"product","link":"https:\/\/dibosch.com\/es\/producto\/plumero-con-lampo-00008880-tts\/","title":{"rendered":"PLUMERO CON LAMPO 00008880 &#8211; TTS"},"content":{"rendered":"<p><strong>Caracter\u00edsticas del producto:<\/strong><\/p>\n<p>Plumero en forma de \u00abU\u00bb de acr\u00edlico plegable hasta 240\u00b0 y empu\u00f1adura sistema Lampo con tapa desmontable<\/p>\n<p>Plumero abatible para desempolvar<\/p>\n<p>Ideal para una limpieza r\u00e1pida y precisa de superficies inc\u00f3modas de alcanzar por altura, profundidad o inclinaci\u00f3n<\/p>\n<p>Eficaz: la acci\u00f3n electrost\u00e1tica natural que se genera al frotar las fibras acr\u00edlicas en las superficies las hace ideales para quitar el polvo<\/p>\n<p>Pr\u00e1ctico: la horquilla permite limpiar f\u00e1cilmente incluso las superficies m\u00e1s dif\u00edciles de alcanzar<\/p>\n","protected":false},"excerpt":{"rendered":"<p>Caracter\u00edsticas del producto: Plumero en forma de \u00abU\u00bb de acr\u00edlico plegable hasta 240\u00b0 y empu\u00f1adura sistema Lampo con tapa desmontable Plumero abatible para desempolvar Ideal para una limpieza r\u00e1pida y precisa de superficies inc\u00f3modas de alcanzar por altura, profundidad o inclinaci\u00f3n Eficaz: la acci\u00f3n electrost\u00e1tica natural que se genera al frotar las fibras acr\u00edlicas en [&hellip;]<\/p>\n","protected":false},"featured_media":27578,"comment_status":"closed","ping_status":"closed","template":"","meta":[],"product_brand":[],"product_cat":[713,684,764],"product_tag":[],"marcas":[917],"certificats":[],"caracteristiques":[],"tipus-productes":[],"zona-aplicacio":[],"tipus-maquinaria":[],"class_list":{"0":"post-27579","1":"product","2":"type-product","3":"status-publish","4":"has-post-thumbnail","6":"product_cat-utensilios","7":"product_cat-utiles-de-limpieza","8":"product_cat-utiles-especificos","9":"marcas-tts-es","11":"first","12":"instock","13":"shipping-taxable","14":"product-type-simple"},"_links":{"self":[{"href":"https:\/\/dibosch.com\/es\/wp-json\/wp\/v2\/product\/27579","targetHints":{"allow":["GET"]}}],"collection":[{"href":"https:\/\/dibosch.com\/es\/wp-json\/wp\/v2\/product"}],"about":[{"href":"https:\/\/dibosch.com\/es\/wp-json\/wp\/v2\/types\/product"}],"replies":[{"embeddable":true,"href":"https:\/\/dibosch.com\/es\/wp-json\/wp\/v2\/comments?post=27579"}],"wp:featuredmedia":[{"embeddable":true,"href":"https:\/\/dibosch.com\/es\/wp-json\/wp\/v2\/media\/27578"}],"wp:attachment":[{"href":"https:\/\/dibosch.com\/es\/wp-json\/wp\/v2\/media?parent=27579"}],"wp:term":[{"taxonomy":"product_brand","embeddable":true,"href":"https:\/\/dibosch.com\/es\/wp-json\/wp\/v2\/product_brand?post=27579"},{"taxonomy":"product_cat","embeddable":true,"href":"https:\/\/dibosch.com\/es\/wp-json\/wp\/v2\/product_cat?post=27579"},{"taxonomy":"product_tag","embeddable":true,"href":"https:\/\/dibosch.com\/es\/wp-json\/wp\/v2\/product_tag?post=27579"},{"taxonomy":"marcas","embeddable":true,"href":"https:\/\/dibosch.com\/es\/wp-json\/wp\/v2\/marcas?post=27579"},{"taxonomy":"certificats","embeddable":true,"href":"https:\/\/dibosch.com\/es\/wp-json\/wp\/v2\/certificats?post=27579"},{"taxonomy":"caracteristiques","embeddable":true,"href":"https:\/\/dibosch.com\/es\/wp-json\/wp\/v2\/caracteristiques?post=27579"},{"taxonomy":"tipus-productes","embeddable":true,"href":"https:\/\/dibosch.com\/es\/wp-json\/wp\/v2\/tipus-productes?post=27579"},{"taxonomy":"zona-aplicacio","embeddable":true,"href":"https:\/\/dibosch.com\/es\/wp-json\/wp\/v2\/zona-aplicacio?post=27579"},{"taxonomy":"tipus-maquinaria","embeddable":true,"href":"https:\/\/dibosch.com\/es\/wp-json\/wp\/v2\/tipus-maquinaria?post=27579"}],"curies":[{"name":"wp","href":"https:\/\/api.w.org\/{rel}","templated":true}]}}