{"id":27605,"date":"2024-07-01T12:01:04","date_gmt":"2024-07-01T12:01:04","guid":{"rendered":"https:\/\/dibosch.com\/?post_type=product&#038;p=27605"},"modified":"2024-07-03T13:04:19","modified_gmt":"2024-07-03T13:04:19","slug":"m-hidrolimpiadora-comac-ci-c30-eu-comac","status":"publish","type":"product","link":"https:\/\/dibosch.com\/es\/producto\/m-hidrolimpiadora-comac-ci-c30-eu-comac\/","title":{"rendered":"HIDROLIMPIADORA COMAC CI C30 EU &#8211; COMAC"},"content":{"rendered":"<p><strong>Caracter\u00edsticas del producto:<\/strong><\/p>\n<p>Hidrolimpiadora de agua fr\u00eda<\/p>\n<p>La CI C30 es la hidrolimpiadora trif\u00e1sica de agua fr\u00eda que se distingue por sus dimensiones compactas y su elegante dise\u00f1o. Adem\u00e1s, es robusta para garantizar altas prestaciones, fiabilidad y durabilidad.<\/p>\n<p>Las reducidas dimensiones y la manejabilidad de esta m\u00e1quina de alta presi\u00f3n hacen que sea muy c\u00f3moda y pr\u00e1ctica, sin renunciar a unas excelentes prestaciones. La CI C30 tambi\u00e9n es muy f\u00e1cil de usar gracias a su pr\u00e1ctico e innovador manillar en forma de V, que facilita el agarre durante el uso.<\/p>\n<p>La CI C30 es la hidrolimpiadora profesional perfecta para un uso continuado y dif\u00edcil. Gracias a su innovadora tecnolog\u00eda y a sus componentes de alta calidad, es la limpiadora de alta presi\u00f3n ideal para las necesidades de limpieza de los sectores de la automoci\u00f3n, la industria, la log\u00edstica y la artesan\u00eda.<\/p>\n","protected":false},"excerpt":{"rendered":"<p>Caracter\u00edsticas del producto: Hidrolimpiadora de agua fr\u00eda La CI C30 es la hidrolimpiadora trif\u00e1sica de agua fr\u00eda que se distingue por sus dimensiones compactas y su elegante dise\u00f1o. Adem\u00e1s, es robusta para garantizar altas prestaciones, fiabilidad y durabilidad. Las reducidas dimensiones y la manejabilidad de esta m\u00e1quina de alta presi\u00f3n hacen que sea muy c\u00f3moda [&hellip;]<\/p>\n","protected":false},"featured_media":27604,"comment_status":"closed","ping_status":"closed","template":"","meta":[],"product_brand":[],"product_cat":[1202,577],"product_tag":[],"marcas":[916],"certificats":[],"caracteristiques":[],"tipus-productes":[],"zona-aplicacio":[],"tipus-maquinaria":[],"class_list":{"0":"post-27605","1":"product","2":"type-product","3":"status-publish","4":"has-post-thumbnail","6":"product_cat-hidrolimpiadoras-profesionales-para-limpieza-industrial","7":"product_cat-maquinas","8":"marcas-comac-es","10":"first","11":"instock","12":"shipping-taxable","13":"product-type-simple"},"_links":{"self":[{"href":"https:\/\/dibosch.com\/es\/wp-json\/wp\/v2\/product\/27605","targetHints":{"allow":["GET"]}}],"collection":[{"href":"https:\/\/dibosch.com\/es\/wp-json\/wp\/v2\/product"}],"about":[{"href":"https:\/\/dibosch.com\/es\/wp-json\/wp\/v2\/types\/product"}],"replies":[{"embeddable":true,"href":"https:\/\/dibosch.com\/es\/wp-json\/wp\/v2\/comments?post=27605"}],"wp:featuredmedia":[{"embeddable":true,"href":"https:\/\/dibosch.com\/es\/wp-json\/wp\/v2\/media\/27604"}],"wp:attachment":[{"href":"https:\/\/dibosch.com\/es\/wp-json\/wp\/v2\/media?parent=27605"}],"wp:term":[{"taxonomy":"product_brand","embeddable":true,"href":"https:\/\/dibosch.com\/es\/wp-json\/wp\/v2\/product_brand?post=27605"},{"taxonomy":"product_cat","embeddable":true,"href":"https:\/\/dibosch.com\/es\/wp-json\/wp\/v2\/product_cat?post=27605"},{"taxonomy":"product_tag","embeddable":true,"href":"https:\/\/dibosch.com\/es\/wp-json\/wp\/v2\/product_tag?post=27605"},{"taxonomy":"marcas","embeddable":true,"href":"https:\/\/dibosch.com\/es\/wp-json\/wp\/v2\/marcas?post=27605"},{"taxonomy":"certificats","embeddable":true,"href":"https:\/\/dibosch.com\/es\/wp-json\/wp\/v2\/certificats?post=27605"},{"taxonomy":"caracteristiques","embeddable":true,"href":"https:\/\/dibosch.com\/es\/wp-json\/wp\/v2\/caracteristiques?post=27605"},{"taxonomy":"tipus-productes","embeddable":true,"href":"https:\/\/dibosch.com\/es\/wp-json\/wp\/v2\/tipus-productes?post=27605"},{"taxonomy":"zona-aplicacio","embeddable":true,"href":"https:\/\/dibosch.com\/es\/wp-json\/wp\/v2\/zona-aplicacio?post=27605"},{"taxonomy":"tipus-maquinaria","embeddable":true,"href":"https:\/\/dibosch.com\/es\/wp-json\/wp\/v2\/tipus-maquinaria?post=27605"}],"curies":[{"name":"wp","href":"https:\/\/api.w.org\/{rel}","templated":true}]}}