{"id":27613,"date":"2024-07-01T12:12:19","date_gmt":"2024-07-01T12:12:19","guid":{"rendered":"https:\/\/dibosch.com\/?post_type=product&#038;p=27613"},"modified":"2026-01-05T11:18:48","modified_gmt":"2026-01-05T11:18:48","slug":"m-aspirador-piccolo-green-tmb","status":"publish","type":"product","link":"https:\/\/dibosch.com\/es\/producto\/m-aspirador-piccolo-green-tmb\/","title":{"rendered":"ASPIRADOR PICCOLO GREEN &#8211; TMB"},"content":{"rendered":"<p data-start=\"489\" data-end=\"843\">El <strong data-start=\"492\" data-end=\"525\">Aspirador Piccolo Green \u2013 TMB<\/strong> es un <strong data-start=\"532\" data-end=\"566\">aspirador profesional compacto<\/strong> dise\u00f1ado para ofrecer una <strong data-start=\"593\" data-end=\"638\">limpieza eficiente, pr\u00e1ctica y sostenible<\/strong> en entornos profesionales. Est\u00e1 equipado con un <strong data-start=\"687\" data-end=\"705\">motor de 800 W<\/strong>, que proporciona un <strong data-start=\"726\" data-end=\"754\">caudal de aire de 54 l\/s<\/strong> y una <strong data-start=\"761\" data-end=\"789\">depresi\u00f3n de 2200 mm H\u2082O<\/strong>, asegurando una aspiraci\u00f3n eficaz de suciedad s\u00f3lida.<\/p>\n<p data-start=\"845\" data-end=\"1169\">Incorpora un <strong data-start=\"858\" data-end=\"941\">sistema de filtraci\u00f3n compuesto por saco de papel y filtro de cartucho est\u00e1ndar<\/strong>, garantizando una correcta retenci\u00f3n del polvo y un mantenimiento sencillo. Dispone de un <strong data-start=\"1032\" data-end=\"1057\">dep\u00f3sito de 13 litros<\/strong> y <strong data-start=\"1060\" data-end=\"1093\">capacidad de saco de 8 litros<\/strong>, adecuados para tareas de limpieza diaria en superficies peque\u00f1as y medias.<\/p>\n<p data-start=\"1171\" data-end=\"1569\">Su <strong data-start=\"1174\" data-end=\"1193\">dise\u00f1o compacto<\/strong>, el <strong data-start=\"1198\" data-end=\"1228\">peso reducido de solo 7 kg<\/strong> y el <strong data-start=\"1234\" data-end=\"1271\">cable de alimentaci\u00f3n de 7 metros<\/strong> facilitan la maniobrabilidad, el transporte y el trabajo continuo sin interrupciones. El Piccolo Green se suministra con <strong data-start=\"1393\" data-end=\"1431\">kit completo de accesorios \u00d8 32 mm<\/strong>, que incluye manguera flexible, tubo de extensi\u00f3n, cepillo y lanza plana, ofreciendo versatilidad para diferentes superficies y rincones.<\/p>\n<p data-start=\"1571\" data-end=\"1757\">Es una soluci\u00f3n ideal para <strong data-start=\"1598\" data-end=\"1673\">oficinas, comercios, hoteles, centros educativos y empresas de limpieza<\/strong> que buscan un aspirador fiable, manejable y eficiente para el mantenimiento diario.<\/p>\n","protected":false},"excerpt":{"rendered":"<p>El Aspirador Piccolo Green \u2013 TMB es un aspirador profesional compacto dise\u00f1ado para ofrecer una limpieza eficiente, pr\u00e1ctica y sostenible en entornos profesionales. Est\u00e1 equipado con un motor de 800 W, que proporciona un caudal de aire de 54 l\/s y una depresi\u00f3n de 2200 mm H\u2082O, asegurando una aspiraci\u00f3n eficaz de suciedad s\u00f3lida. Incorpora [&hellip;]<\/p>\n","protected":false},"featured_media":27612,"comment_status":"closed","ping_status":"closed","template":"","meta":[],"product_brand":[],"product_cat":[577,1356,769],"product_tag":[],"marcas":[1353],"certificats":[],"caracteristiques":[],"tipus-productes":[],"zona-aplicacio":[],"tipus-maquinaria":[],"class_list":{"0":"post-27613","1":"product","2":"type-product","3":"status-publish","4":"has-post-thumbnail","6":"product_cat-maquinas","7":"product_cat-aspirador-pequeno-industrial","8":"product_cat-aspiradores-profesionales","9":"marcas-tmb","11":"first","12":"instock","13":"shipping-taxable","14":"product-type-simple"},"_links":{"self":[{"href":"https:\/\/dibosch.com\/es\/wp-json\/wp\/v2\/product\/27613","targetHints":{"allow":["GET"]}}],"collection":[{"href":"https:\/\/dibosch.com\/es\/wp-json\/wp\/v2\/product"}],"about":[{"href":"https:\/\/dibosch.com\/es\/wp-json\/wp\/v2\/types\/product"}],"replies":[{"embeddable":true,"href":"https:\/\/dibosch.com\/es\/wp-json\/wp\/v2\/comments?post=27613"}],"wp:featuredmedia":[{"embeddable":true,"href":"https:\/\/dibosch.com\/es\/wp-json\/wp\/v2\/media\/27612"}],"wp:attachment":[{"href":"https:\/\/dibosch.com\/es\/wp-json\/wp\/v2\/media?parent=27613"}],"wp:term":[{"taxonomy":"product_brand","embeddable":true,"href":"https:\/\/dibosch.com\/es\/wp-json\/wp\/v2\/product_brand?post=27613"},{"taxonomy":"product_cat","embeddable":true,"href":"https:\/\/dibosch.com\/es\/wp-json\/wp\/v2\/product_cat?post=27613"},{"taxonomy":"product_tag","embeddable":true,"href":"https:\/\/dibosch.com\/es\/wp-json\/wp\/v2\/product_tag?post=27613"},{"taxonomy":"marcas","embeddable":true,"href":"https:\/\/dibosch.com\/es\/wp-json\/wp\/v2\/marcas?post=27613"},{"taxonomy":"certificats","embeddable":true,"href":"https:\/\/dibosch.com\/es\/wp-json\/wp\/v2\/certificats?post=27613"},{"taxonomy":"caracteristiques","embeddable":true,"href":"https:\/\/dibosch.com\/es\/wp-json\/wp\/v2\/caracteristiques?post=27613"},{"taxonomy":"tipus-productes","embeddable":true,"href":"https:\/\/dibosch.com\/es\/wp-json\/wp\/v2\/tipus-productes?post=27613"},{"taxonomy":"zona-aplicacio","embeddable":true,"href":"https:\/\/dibosch.com\/es\/wp-json\/wp\/v2\/zona-aplicacio?post=27613"},{"taxonomy":"tipus-maquinaria","embeddable":true,"href":"https:\/\/dibosch.com\/es\/wp-json\/wp\/v2\/tipus-maquinaria?post=27613"}],"curies":[{"name":"wp","href":"https:\/\/api.w.org\/{rel}","templated":true}]}}