{"id":27617,"date":"2024-07-01T12:19:30","date_gmt":"2024-07-01T12:19:30","guid":{"rendered":"https:\/\/dibosch.com\/?post_type=product&#038;p=27617"},"modified":"2025-02-04T15:38:33","modified_gmt":"2025-02-04T15:38:33","slug":"m-barredora-comac-cs500-bt-comac","status":"publish","type":"product","link":"https:\/\/dibosch.com\/es\/producto\/m-barredora-comac-cs500-bt-comac\/","title":{"rendered":"BARREDORA HOMBRE A PIE COMAC CS500 BT &#8211; COMAC"},"content":{"rendered":"<p>La CS500 de <a href=\"https:\/\/dibosch.com\/es\/marcas\/comac-es\/\">Comac<\/a> es una peque\u00f1a <a href=\"https:\/\/dibosch.com\/es\/maquinas\/barredora\/barredoras-a-pie\/\">barredora hombre a pie<\/a> compacta y pr\u00e1ctica, pero potente y precisa en la limpieza de superficies. Con esta peque\u00f1a barredora de bater\u00eda se pueden simplificar las operaciones de limpieza gracias a sus prestaciones, que permiten aumentar la productividad del usuario.<\/p>\n<p>Adecuada para la limpieza de superficies interiores y exteriores de hasta 2600 m2, la CS500 es la barredora operador apeado de Comac ideal para barrer garajes, aparcamientos, entradas de veh\u00edculos, calzadas o aceras. Aunque, esta peque\u00f1a barredora tambi\u00e9n es perfecta para la limpieza de almacenes, \u00e1reas de servicio, estaciones de lavado de coches y entornos de los sectores log\u00edstico, de la artesan\u00eda o de la automoci\u00f3n.<\/p>\n<p>La barredora de bater\u00eda CS500 est\u00e1 disponible en las versiones con o sin tracci\u00f3n, y tambi\u00e9n se puede dotar de bater\u00edas de litio.<\/p>\n<p>&nbsp;<\/p>\n<p>PRECIO SC500 BT<\/p>\n<p>Consultar accesorios incluidos en el precio.<\/p>\n","protected":false},"excerpt":{"rendered":"<p>La CS500 de Comac es una peque\u00f1a barredora hombre a pie compacta y pr\u00e1ctica, pero potente y precisa en la limpieza de superficies. Con esta peque\u00f1a barredora de bater\u00eda se pueden simplificar las operaciones de limpieza gracias a sus prestaciones, que permiten aumentar la productividad del usuario. Adecuada para la limpieza de superficies interiores y [&hellip;]<\/p>\n","protected":false},"featured_media":27616,"comment_status":"closed","ping_status":"closed","template":"","meta":[],"product_brand":[],"product_cat":[577,786,811],"product_tag":[],"marcas":[916],"certificats":[],"caracteristiques":[],"tipus-productes":[],"zona-aplicacio":[951,949],"tipus-maquinaria":[],"class_list":{"0":"post-27617","1":"product","2":"type-product","3":"status-publish","4":"has-post-thumbnail","6":"product_cat-maquinas","7":"product_cat-barredoras-a-pie","8":"product_cat-barredora","9":"marcas-comac-es","10":"zona-aplicacio-exteriores-y-fachadas","11":"zona-aplicacio-zona-produccion-y-talleres","13":"first","14":"instock","15":"shipping-taxable","16":"purchasable","17":"product-type-simple"},"_links":{"self":[{"href":"https:\/\/dibosch.com\/es\/wp-json\/wp\/v2\/product\/27617","targetHints":{"allow":["GET"]}}],"collection":[{"href":"https:\/\/dibosch.com\/es\/wp-json\/wp\/v2\/product"}],"about":[{"href":"https:\/\/dibosch.com\/es\/wp-json\/wp\/v2\/types\/product"}],"replies":[{"embeddable":true,"href":"https:\/\/dibosch.com\/es\/wp-json\/wp\/v2\/comments?post=27617"}],"wp:featuredmedia":[{"embeddable":true,"href":"https:\/\/dibosch.com\/es\/wp-json\/wp\/v2\/media\/27616"}],"wp:attachment":[{"href":"https:\/\/dibosch.com\/es\/wp-json\/wp\/v2\/media?parent=27617"}],"wp:term":[{"taxonomy":"product_brand","embeddable":true,"href":"https:\/\/dibosch.com\/es\/wp-json\/wp\/v2\/product_brand?post=27617"},{"taxonomy":"product_cat","embeddable":true,"href":"https:\/\/dibosch.com\/es\/wp-json\/wp\/v2\/product_cat?post=27617"},{"taxonomy":"product_tag","embeddable":true,"href":"https:\/\/dibosch.com\/es\/wp-json\/wp\/v2\/product_tag?post=27617"},{"taxonomy":"marcas","embeddable":true,"href":"https:\/\/dibosch.com\/es\/wp-json\/wp\/v2\/marcas?post=27617"},{"taxonomy":"certificats","embeddable":true,"href":"https:\/\/dibosch.com\/es\/wp-json\/wp\/v2\/certificats?post=27617"},{"taxonomy":"caracteristiques","embeddable":true,"href":"https:\/\/dibosch.com\/es\/wp-json\/wp\/v2\/caracteristiques?post=27617"},{"taxonomy":"tipus-productes","embeddable":true,"href":"https:\/\/dibosch.com\/es\/wp-json\/wp\/v2\/tipus-productes?post=27617"},{"taxonomy":"zona-aplicacio","embeddable":true,"href":"https:\/\/dibosch.com\/es\/wp-json\/wp\/v2\/zona-aplicacio?post=27617"},{"taxonomy":"tipus-maquinaria","embeddable":true,"href":"https:\/\/dibosch.com\/es\/wp-json\/wp\/v2\/tipus-maquinaria?post=27617"}],"curies":[{"name":"wp","href":"https:\/\/api.w.org\/{rel}","templated":true}]}}