{"id":27683,"date":"2024-07-02T10:47:22","date_gmt":"2024-07-02T10:47:22","guid":{"rendered":"https:\/\/dibosch.com\/?post_type=product&#038;p=27683"},"modified":"2026-02-04T09:56:09","modified_gmt":"2026-02-04T09:56:09","slug":"m-kit-limpieza-en-altura","status":"publish","type":"product","link":"https:\/\/dibosch.com\/es\/producto\/m-kit-limpieza-en-altura\/","title":{"rendered":"KIT LIMPIEZA EN ALTURA"},"content":{"rendered":"<p><strong>Caracter\u00edsticas del producto:<\/strong><\/p>\n<p>Kit de limpieza en altura ATEX<\/p>\n<p>Este kit ATEX est\u00e1 fabricado en fibra de carbono y es adecuado para fregar y aspirar lugares altos en entornos con riesgo de incendio y explosi\u00f3n (Zonas ATEX).<\/p>\n<p>Este set antiest\u00e1tico ATEX es ideal para eliminar almid\u00f3n, az\u00facares y polvo pegajoso de paredes, rejas o tuber\u00edas. Los tubos de extensi\u00f3n separados miden cada uno 1,2 metros y contienen un sistema de conmutaci\u00f3n mediante bot\u00f3n para una buena uni\u00f3n entre las piezas<\/p>\n<p><strong>Este kit contiene:<\/strong><\/p>\n<p>Tres tubos de extensi\u00f3n ATEX separados de 1,2 m cada uno<br \/>\nCepillo aspirador ATEX<br \/>\nHerramienta para rincones plana ATEX<br \/>\nTubo de esquina ATEX<br \/>\nBoquilla para suelos ATEX<br \/>\nManguera de aspiraci\u00f3n de PVC flexible antiest\u00e1tica con manguitos<\/p>\n","protected":false},"excerpt":{"rendered":"<p>Caracter\u00edsticas del producto: Kit de limpieza en altura ATEX Este kit ATEX est\u00e1 fabricado en fibra de carbono y es adecuado para fregar y aspirar lugares altos en entornos con riesgo de incendio y explosi\u00f3n (Zonas ATEX). Este set antiest\u00e1tico ATEX es ideal para eliminar almid\u00f3n, az\u00facares y polvo pegajoso de paredes, rejas o tuber\u00edas. [&hellip;]<\/p>\n","protected":false},"featured_media":27682,"comment_status":"closed","ping_status":"closed","template":"","meta":[],"product_brand":[],"product_cat":[693],"product_tag":[],"marcas":[915],"certificats":[],"caracteristiques":[],"tipus-productes":[],"zona-aplicacio":[],"tipus-maquinaria":[],"class_list":{"0":"post-27683","1":"product","2":"type-product","3":"status-publish","4":"has-post-thumbnail","6":"product_cat-accesorios-aspirador-industrial","7":"marcas-delfin-es","9":"first","10":"instock","11":"shipping-taxable","12":"product-type-simple"},"_links":{"self":[{"href":"https:\/\/dibosch.com\/es\/wp-json\/wp\/v2\/product\/27683","targetHints":{"allow":["GET"]}}],"collection":[{"href":"https:\/\/dibosch.com\/es\/wp-json\/wp\/v2\/product"}],"about":[{"href":"https:\/\/dibosch.com\/es\/wp-json\/wp\/v2\/types\/product"}],"replies":[{"embeddable":true,"href":"https:\/\/dibosch.com\/es\/wp-json\/wp\/v2\/comments?post=27683"}],"wp:featuredmedia":[{"embeddable":true,"href":"https:\/\/dibosch.com\/es\/wp-json\/wp\/v2\/media\/27682"}],"wp:attachment":[{"href":"https:\/\/dibosch.com\/es\/wp-json\/wp\/v2\/media?parent=27683"}],"wp:term":[{"taxonomy":"product_brand","embeddable":true,"href":"https:\/\/dibosch.com\/es\/wp-json\/wp\/v2\/product_brand?post=27683"},{"taxonomy":"product_cat","embeddable":true,"href":"https:\/\/dibosch.com\/es\/wp-json\/wp\/v2\/product_cat?post=27683"},{"taxonomy":"product_tag","embeddable":true,"href":"https:\/\/dibosch.com\/es\/wp-json\/wp\/v2\/product_tag?post=27683"},{"taxonomy":"marcas","embeddable":true,"href":"https:\/\/dibosch.com\/es\/wp-json\/wp\/v2\/marcas?post=27683"},{"taxonomy":"certificats","embeddable":true,"href":"https:\/\/dibosch.com\/es\/wp-json\/wp\/v2\/certificats?post=27683"},{"taxonomy":"caracteristiques","embeddable":true,"href":"https:\/\/dibosch.com\/es\/wp-json\/wp\/v2\/caracteristiques?post=27683"},{"taxonomy":"tipus-productes","embeddable":true,"href":"https:\/\/dibosch.com\/es\/wp-json\/wp\/v2\/tipus-productes?post=27683"},{"taxonomy":"zona-aplicacio","embeddable":true,"href":"https:\/\/dibosch.com\/es\/wp-json\/wp\/v2\/zona-aplicacio?post=27683"},{"taxonomy":"tipus-maquinaria","embeddable":true,"href":"https:\/\/dibosch.com\/es\/wp-json\/wp\/v2\/tipus-maquinaria?post=27683"}],"curies":[{"name":"wp","href":"https:\/\/api.w.org\/{rel}","templated":true}]}}