{"id":27781,"date":"2024-07-03T07:45:36","date_gmt":"2024-07-03T07:45:36","guid":{"rendered":"https:\/\/dibosch.com\/?post_type=product&#038;p=27781"},"modified":"2024-07-03T07:46:34","modified_gmt":"2024-07-03T07:46:34","slug":"aspirador-18vx2-lxt-ac-dc-8l","status":"publish","type":"product","link":"https:\/\/dibosch.com\/es\/producto\/aspirador-18vx2-lxt-ac-dc-8l\/","title":{"rendered":"ASPIRADOR 18Vx2 LXT AC\/DC 8L"},"content":{"rendered":"<p><strong>Caracter\u00edsticas del producto:<\/strong><\/p>\n<p>Extractor de polvo conectable a la m\u00e1quina para la limpieza o la eliminaci\u00f3n del polvo<\/p>\n<p>Un aspirador vers\u00e1til que funciona con dos bater\u00edas LXT\u00ae de 18V o con la red el\u00e9ctrica. Se adapta a las clases de filtro &#8216;L&#8217; y Hepa 13.<\/p>\n<p>El tiempo de funcionamiento con bater\u00edas de 5,0Ah es de unos 30 &#8211; 65 min. Incluye set de limpieza y manguera para conexi\u00f3n de la herramienta.<\/p>\n","protected":false},"excerpt":{"rendered":"<p>Caracter\u00edsticas del producto: Extractor de polvo conectable a la m\u00e1quina para la limpieza o la eliminaci\u00f3n del polvo Un aspirador vers\u00e1til que funciona con dos bater\u00edas LXT\u00ae de 18V o con la red el\u00e9ctrica. Se adapta a las clases de filtro &#8216;L&#8217; y Hepa 13. El tiempo de funcionamiento con bater\u00edas de 5,0Ah es de [&hellip;]<\/p>\n","protected":false},"featured_media":27780,"comment_status":"closed","ping_status":"closed","template":"","meta":[],"product_brand":[],"product_cat":[577,1329,1354,1330,1356,769],"product_tag":[],"marcas":[],"certificats":[],"caracteristiques":[],"tipus-productes":[],"zona-aplicacio":[],"tipus-maquinaria":[],"class_list":{"0":"post-27781","1":"product","2":"type-product","3":"status-publish","4":"has-post-thumbnail","6":"product_cat-maquinas","7":"product_cat-aspirador-liquidos-industriales","8":"product_cat-aspirador-industrial-moquetas","9":"product_cat-aspirador-industrial-sin-cable","10":"product_cat-aspirador-pequeno-industrial","11":"product_cat-aspiradores-profesionales","13":"first","14":"instock","15":"shipping-taxable","16":"product-type-simple"},"_links":{"self":[{"href":"https:\/\/dibosch.com\/es\/wp-json\/wp\/v2\/product\/27781","targetHints":{"allow":["GET"]}}],"collection":[{"href":"https:\/\/dibosch.com\/es\/wp-json\/wp\/v2\/product"}],"about":[{"href":"https:\/\/dibosch.com\/es\/wp-json\/wp\/v2\/types\/product"}],"replies":[{"embeddable":true,"href":"https:\/\/dibosch.com\/es\/wp-json\/wp\/v2\/comments?post=27781"}],"wp:featuredmedia":[{"embeddable":true,"href":"https:\/\/dibosch.com\/es\/wp-json\/wp\/v2\/media\/27780"}],"wp:attachment":[{"href":"https:\/\/dibosch.com\/es\/wp-json\/wp\/v2\/media?parent=27781"}],"wp:term":[{"taxonomy":"product_brand","embeddable":true,"href":"https:\/\/dibosch.com\/es\/wp-json\/wp\/v2\/product_brand?post=27781"},{"taxonomy":"product_cat","embeddable":true,"href":"https:\/\/dibosch.com\/es\/wp-json\/wp\/v2\/product_cat?post=27781"},{"taxonomy":"product_tag","embeddable":true,"href":"https:\/\/dibosch.com\/es\/wp-json\/wp\/v2\/product_tag?post=27781"},{"taxonomy":"marcas","embeddable":true,"href":"https:\/\/dibosch.com\/es\/wp-json\/wp\/v2\/marcas?post=27781"},{"taxonomy":"certificats","embeddable":true,"href":"https:\/\/dibosch.com\/es\/wp-json\/wp\/v2\/certificats?post=27781"},{"taxonomy":"caracteristiques","embeddable":true,"href":"https:\/\/dibosch.com\/es\/wp-json\/wp\/v2\/caracteristiques?post=27781"},{"taxonomy":"tipus-productes","embeddable":true,"href":"https:\/\/dibosch.com\/es\/wp-json\/wp\/v2\/tipus-productes?post=27781"},{"taxonomy":"zona-aplicacio","embeddable":true,"href":"https:\/\/dibosch.com\/es\/wp-json\/wp\/v2\/zona-aplicacio?post=27781"},{"taxonomy":"tipus-maquinaria","embeddable":true,"href":"https:\/\/dibosch.com\/es\/wp-json\/wp\/v2\/tipus-maquinaria?post=27781"}],"curies":[{"name":"wp","href":"https:\/\/api.w.org\/{rel}","templated":true}]}}