{"id":27972,"date":"2024-07-05T11:42:05","date_gmt":"2024-07-05T11:42:05","guid":{"rendered":"https:\/\/dibosch.com\/?post_type=product&#038;p=27972"},"modified":"2025-09-14T08:34:53","modified_gmt":"2025-09-14T08:34:53","slug":"charging-station-dock-cd-01-gausium","status":"publish","type":"product","link":"https:\/\/dibosch.com\/es\/producto\/charging-station-dock-cd-01-gausium\/","title":{"rendered":"CHARGING STATION DOCK\/CD-01 &#8211; GAUSIUM"},"content":{"rendered":"<p><strong>Caracter\u00edsticas del producto Dock <a href=\"https:\/\/dibosch.com\/es\/marcas\/gaussian-es\/\">Gausium<\/a>:<\/strong><\/p>\n<p>Las bases de carga se han dise\u00f1ado para aumentar la autonom\u00eda de los robots.<\/p>\n<p>Est\u00e1n disponibles para Phantas, Vacuum 40 series, Scrubber 50 series y Sweeper 111.<\/p>\n<p>El robot puede volver autom\u00e1ticamente a la base de carga para recargarse cuando la bater\u00eda est\u00e1 baja y reanudar autom\u00e1ticamente su tarea anterior cuando se completa la carga.<\/p>\n","protected":false},"excerpt":{"rendered":"<p>Caracter\u00edsticas del producto Dock Gausium: Las bases de carga se han dise\u00f1ado para aumentar la autonom\u00eda de los robots. Est\u00e1n disponibles para Phantas, Vacuum 40 series, Scrubber 50 series y Sweeper 111. El robot puede volver autom\u00e1ticamente a la base de carga para recargarse cuando la bater\u00eda est\u00e1 baja y reanudar autom\u00e1ticamente su tarea anterior [&hellip;]<\/p>\n","protected":false},"featured_media":27971,"comment_status":"closed","ping_status":"closed","template":"","meta":[],"product_brand":[],"product_cat":[912],"product_tag":[],"marcas":[1064],"certificats":[],"caracteristiques":[],"tipus-productes":[],"zona-aplicacio":[],"tipus-maquinaria":[],"class_list":{"0":"post-27972","1":"product","2":"type-product","3":"status-publish","4":"has-post-thumbnail","6":"product_cat-robots-industriales-de-limpieza","7":"marcas-gaussian-es","9":"first","10":"instock","11":"shipping-taxable","12":"product-type-simple"},"_links":{"self":[{"href":"https:\/\/dibosch.com\/es\/wp-json\/wp\/v2\/product\/27972","targetHints":{"allow":["GET"]}}],"collection":[{"href":"https:\/\/dibosch.com\/es\/wp-json\/wp\/v2\/product"}],"about":[{"href":"https:\/\/dibosch.com\/es\/wp-json\/wp\/v2\/types\/product"}],"replies":[{"embeddable":true,"href":"https:\/\/dibosch.com\/es\/wp-json\/wp\/v2\/comments?post=27972"}],"wp:featuredmedia":[{"embeddable":true,"href":"https:\/\/dibosch.com\/es\/wp-json\/wp\/v2\/media\/27971"}],"wp:attachment":[{"href":"https:\/\/dibosch.com\/es\/wp-json\/wp\/v2\/media?parent=27972"}],"wp:term":[{"taxonomy":"product_brand","embeddable":true,"href":"https:\/\/dibosch.com\/es\/wp-json\/wp\/v2\/product_brand?post=27972"},{"taxonomy":"product_cat","embeddable":true,"href":"https:\/\/dibosch.com\/es\/wp-json\/wp\/v2\/product_cat?post=27972"},{"taxonomy":"product_tag","embeddable":true,"href":"https:\/\/dibosch.com\/es\/wp-json\/wp\/v2\/product_tag?post=27972"},{"taxonomy":"marcas","embeddable":true,"href":"https:\/\/dibosch.com\/es\/wp-json\/wp\/v2\/marcas?post=27972"},{"taxonomy":"certificats","embeddable":true,"href":"https:\/\/dibosch.com\/es\/wp-json\/wp\/v2\/certificats?post=27972"},{"taxonomy":"caracteristiques","embeddable":true,"href":"https:\/\/dibosch.com\/es\/wp-json\/wp\/v2\/caracteristiques?post=27972"},{"taxonomy":"tipus-productes","embeddable":true,"href":"https:\/\/dibosch.com\/es\/wp-json\/wp\/v2\/tipus-productes?post=27972"},{"taxonomy":"zona-aplicacio","embeddable":true,"href":"https:\/\/dibosch.com\/es\/wp-json\/wp\/v2\/zona-aplicacio?post=27972"},{"taxonomy":"tipus-maquinaria","embeddable":true,"href":"https:\/\/dibosch.com\/es\/wp-json\/wp\/v2\/tipus-maquinaria?post=27972"}],"curies":[{"name":"wp","href":"https:\/\/api.w.org\/{rel}","templated":true}]}}