{"id":27976,"date":"2024-07-05T11:45:19","date_gmt":"2024-07-05T11:45:19","guid":{"rendered":"https:\/\/dibosch.com\/?post_type=product&#038;p=27976"},"modified":"2025-02-07T13:51:43","modified_gmt":"2025-02-07T13:51:43","slug":"m-working-station-75-gausium","status":"publish","type":"product","link":"https:\/\/dibosch.com\/es\/producto\/m-working-station-75-gausium\/","title":{"rendered":"WORKING STATION 75 &#8211; GAUSIUM"},"content":{"rendered":"<p><strong>Caracter\u00edsticas del producto:<\/strong><\/p>\n<p>WS-02 es la estaci\u00f3n de trabajo dise\u00f1ada para funcionar con la serie Scrubber 75.<\/p>\n<p>Est\u00e1 dise\u00f1ada para aumentar el tiempo de funcionamiento de los robots y reducir la intervenci\u00f3n humana.<\/p>\n<p>Al acoplarse a la estaci\u00f3n de trabajo, el robot<a href=\"https:\/\/dibosch.com\/es\/marcas\/gaussian-es\/\"> Gausium<\/a> puede cargar la bater\u00eda, rellenar el agua y descargar las aguas residuales autom\u00e1ticamente.<\/p>\n","protected":false},"excerpt":{"rendered":"<p>Caracter\u00edsticas del producto: WS-02 es la estaci\u00f3n de trabajo dise\u00f1ada para funcionar con la serie Scrubber 75. Est\u00e1 dise\u00f1ada para aumentar el tiempo de funcionamiento de los robots y reducir la intervenci\u00f3n humana. Al acoplarse a la estaci\u00f3n de trabajo, el robot Gausium puede cargar la bater\u00eda, rellenar el agua y descargar las aguas residuales [&hellip;]<\/p>\n","protected":false},"featured_media":27975,"comment_status":"closed","ping_status":"closed","template":"","meta":[],"product_brand":[],"product_cat":[912],"product_tag":[],"marcas":[1064],"certificats":[],"caracteristiques":[],"tipus-productes":[],"zona-aplicacio":[],"tipus-maquinaria":[],"class_list":{"0":"post-27976","1":"product","2":"type-product","3":"status-publish","4":"has-post-thumbnail","6":"product_cat-robots-industriales-de-limpieza","7":"marcas-gaussian-es","9":"first","10":"instock","11":"shipping-taxable","12":"product-type-simple"},"_links":{"self":[{"href":"https:\/\/dibosch.com\/es\/wp-json\/wp\/v2\/product\/27976","targetHints":{"allow":["GET"]}}],"collection":[{"href":"https:\/\/dibosch.com\/es\/wp-json\/wp\/v2\/product"}],"about":[{"href":"https:\/\/dibosch.com\/es\/wp-json\/wp\/v2\/types\/product"}],"replies":[{"embeddable":true,"href":"https:\/\/dibosch.com\/es\/wp-json\/wp\/v2\/comments?post=27976"}],"wp:featuredmedia":[{"embeddable":true,"href":"https:\/\/dibosch.com\/es\/wp-json\/wp\/v2\/media\/27975"}],"wp:attachment":[{"href":"https:\/\/dibosch.com\/es\/wp-json\/wp\/v2\/media?parent=27976"}],"wp:term":[{"taxonomy":"product_brand","embeddable":true,"href":"https:\/\/dibosch.com\/es\/wp-json\/wp\/v2\/product_brand?post=27976"},{"taxonomy":"product_cat","embeddable":true,"href":"https:\/\/dibosch.com\/es\/wp-json\/wp\/v2\/product_cat?post=27976"},{"taxonomy":"product_tag","embeddable":true,"href":"https:\/\/dibosch.com\/es\/wp-json\/wp\/v2\/product_tag?post=27976"},{"taxonomy":"marcas","embeddable":true,"href":"https:\/\/dibosch.com\/es\/wp-json\/wp\/v2\/marcas?post=27976"},{"taxonomy":"certificats","embeddable":true,"href":"https:\/\/dibosch.com\/es\/wp-json\/wp\/v2\/certificats?post=27976"},{"taxonomy":"caracteristiques","embeddable":true,"href":"https:\/\/dibosch.com\/es\/wp-json\/wp\/v2\/caracteristiques?post=27976"},{"taxonomy":"tipus-productes","embeddable":true,"href":"https:\/\/dibosch.com\/es\/wp-json\/wp\/v2\/tipus-productes?post=27976"},{"taxonomy":"zona-aplicacio","embeddable":true,"href":"https:\/\/dibosch.com\/es\/wp-json\/wp\/v2\/zona-aplicacio?post=27976"},{"taxonomy":"tipus-maquinaria","embeddable":true,"href":"https:\/\/dibosch.com\/es\/wp-json\/wp\/v2\/tipus-maquinaria?post=27976"}],"curies":[{"name":"wp","href":"https:\/\/api.w.org\/{rel}","templated":true}]}}