{"id":29302,"date":"2024-08-16T12:15:45","date_gmt":"2024-08-16T12:15:45","guid":{"rendered":"https:\/\/dibosch.com\/?post_type=product&#038;p=29302"},"modified":"2024-08-16T12:16:45","modified_gmt":"2024-08-16T12:16:45","slug":"papelera-reciclaje-60l-amarillo-azul-marron-con-ruedas-lytec","status":"publish","type":"product","link":"https:\/\/dibosch.com\/es\/producto\/papelera-reciclaje-60l-amarillo-azul-marron-con-ruedas-lytec\/","title":{"rendered":"PAPELERA RECICLAJE 60l AMARILLO\/AZUL\/MARR\u00d3N CON RUEDAS &#8211; LYTEC"},"content":{"rendered":"<p><strong>Caracter\u00edsticas del producto:<\/strong><\/p>\n<p>Papelera de reciclaje de 60 L<\/p>\n<p>Tapas de colores: azul, amarillo y marr\u00f3n<\/p>\n<p>Dimensiones (cm): 33 x 47 x 67.<\/p>\n<p>Fabricado en polietileno de alta<br \/>\ndensidad HDPE de 3 mm de espesor m\u00ednimo<\/p>\n","protected":false},"excerpt":{"rendered":"<p>Caracter\u00edsticas del producto: Papelera de reciclaje de 60 L Tapas de colores: azul, amarillo y marr\u00f3n Dimensiones (cm): 33 x 47 x 67. Fabricado en polietileno de alta densidad HDPE de 3 mm de espesor m\u00ednimo<\/p>\n","protected":false},"featured_media":29301,"comment_status":"open","ping_status":"closed","template":"","meta":[],"product_brand":[],"product_cat":[735,723,684],"product_tag":[],"marcas":[],"certificats":[],"caracteristiques":[],"tipus-productes":[],"zona-aplicacio":[],"tipus-maquinaria":[],"class_list":{"0":"post-29302","1":"product","2":"type-product","3":"status-publish","4":"has-post-thumbnail","6":"product_cat-contenedores-50l","7":"product_cat-gestion-de-residuos","8":"product_cat-utiles-de-limpieza","10":"first","11":"instock","12":"shipping-taxable","13":"product-type-simple"},"_links":{"self":[{"href":"https:\/\/dibosch.com\/es\/wp-json\/wp\/v2\/product\/29302","targetHints":{"allow":["GET"]}}],"collection":[{"href":"https:\/\/dibosch.com\/es\/wp-json\/wp\/v2\/product"}],"about":[{"href":"https:\/\/dibosch.com\/es\/wp-json\/wp\/v2\/types\/product"}],"replies":[{"embeddable":true,"href":"https:\/\/dibosch.com\/es\/wp-json\/wp\/v2\/comments?post=29302"}],"wp:featuredmedia":[{"embeddable":true,"href":"https:\/\/dibosch.com\/es\/wp-json\/wp\/v2\/media\/29301"}],"wp:attachment":[{"href":"https:\/\/dibosch.com\/es\/wp-json\/wp\/v2\/media?parent=29302"}],"wp:term":[{"taxonomy":"product_brand","embeddable":true,"href":"https:\/\/dibosch.com\/es\/wp-json\/wp\/v2\/product_brand?post=29302"},{"taxonomy":"product_cat","embeddable":true,"href":"https:\/\/dibosch.com\/es\/wp-json\/wp\/v2\/product_cat?post=29302"},{"taxonomy":"product_tag","embeddable":true,"href":"https:\/\/dibosch.com\/es\/wp-json\/wp\/v2\/product_tag?post=29302"},{"taxonomy":"marcas","embeddable":true,"href":"https:\/\/dibosch.com\/es\/wp-json\/wp\/v2\/marcas?post=29302"},{"taxonomy":"certificats","embeddable":true,"href":"https:\/\/dibosch.com\/es\/wp-json\/wp\/v2\/certificats?post=29302"},{"taxonomy":"caracteristiques","embeddable":true,"href":"https:\/\/dibosch.com\/es\/wp-json\/wp\/v2\/caracteristiques?post=29302"},{"taxonomy":"tipus-productes","embeddable":true,"href":"https:\/\/dibosch.com\/es\/wp-json\/wp\/v2\/tipus-productes?post=29302"},{"taxonomy":"zona-aplicacio","embeddable":true,"href":"https:\/\/dibosch.com\/es\/wp-json\/wp\/v2\/zona-aplicacio?post=29302"},{"taxonomy":"tipus-maquinaria","embeddable":true,"href":"https:\/\/dibosch.com\/es\/wp-json\/wp\/v2\/tipus-maquinaria?post=29302"}],"curies":[{"name":"wp","href":"https:\/\/api.w.org\/{rel}","templated":true}]}}