{"id":29310,"date":"2024-08-16T12:32:12","date_gmt":"2024-08-16T12:32:12","guid":{"rendered":"https:\/\/dibosch.com\/?post_type=product&#038;p=29310"},"modified":"2024-08-16T12:34:16","modified_gmt":"2024-08-16T12:34:16","slug":"portarrollos-ind-plastic-negro","status":"publish","type":"product","link":"https:\/\/dibosch.com\/es\/producto\/portarrollos-ind-plastic-negro\/","title":{"rendered":"PORTARROLLOS IND. PLASTIC NEGRO"},"content":{"rendered":"<p><strong>Caracter\u00edsticas del producto:<\/strong><\/p>\n<p>Dispensador de Papel Higi\u00e9nico fabricado en pl\u00e1stico ABS 100% reciclable y con visera de policarbonato.<\/p>\n<p>Gracias a su composici\u00f3n, este producto es resistente a los impactos y a los cambios de temperatura.<\/p>\n<p>El papel se dispensa desde la parte central y se consigue un corte perfecto gracias a un innovador sistema enfocado a reducir el desperdicio de papel.<\/p>\n<p>La tapa se abre f\u00e1cilmente y la carga del papel es r\u00e1pida y sencilla. Su capacidad es de \u00d820 CM y dispone de cierre de seguridad con llave.<\/p>\n","protected":false},"excerpt":{"rendered":"<p>Caracter\u00edsticas del producto: Dispensador de Papel Higi\u00e9nico fabricado en pl\u00e1stico ABS 100% reciclable y con visera de policarbonato. Gracias a su composici\u00f3n, este producto es resistente a los impactos y a los cambios de temperatura. El papel se dispensa desde la parte central y se consigue un corte perfecto gracias a un innovador sistema enfocado [&hellip;]<\/p>\n","protected":false},"featured_media":29309,"comment_status":"open","ping_status":"closed","template":"","meta":[],"product_brand":[],"product_cat":[709,687],"product_tag":[],"marcas":[],"certificats":[],"caracteristiques":[],"tipus-productes":[],"zona-aplicacio":[],"tipus-maquinaria":[],"class_list":{"0":"post-29310","1":"product","2":"type-product","3":"status-publish","4":"has-post-thumbnail","6":"product_cat-dispensadores-de-papel-higienico","7":"product_cat-equipamientos","9":"first","10":"instock","11":"shipping-taxable","12":"product-type-simple"},"_links":{"self":[{"href":"https:\/\/dibosch.com\/es\/wp-json\/wp\/v2\/product\/29310","targetHints":{"allow":["GET"]}}],"collection":[{"href":"https:\/\/dibosch.com\/es\/wp-json\/wp\/v2\/product"}],"about":[{"href":"https:\/\/dibosch.com\/es\/wp-json\/wp\/v2\/types\/product"}],"replies":[{"embeddable":true,"href":"https:\/\/dibosch.com\/es\/wp-json\/wp\/v2\/comments?post=29310"}],"wp:featuredmedia":[{"embeddable":true,"href":"https:\/\/dibosch.com\/es\/wp-json\/wp\/v2\/media\/29309"}],"wp:attachment":[{"href":"https:\/\/dibosch.com\/es\/wp-json\/wp\/v2\/media?parent=29310"}],"wp:term":[{"taxonomy":"product_brand","embeddable":true,"href":"https:\/\/dibosch.com\/es\/wp-json\/wp\/v2\/product_brand?post=29310"},{"taxonomy":"product_cat","embeddable":true,"href":"https:\/\/dibosch.com\/es\/wp-json\/wp\/v2\/product_cat?post=29310"},{"taxonomy":"product_tag","embeddable":true,"href":"https:\/\/dibosch.com\/es\/wp-json\/wp\/v2\/product_tag?post=29310"},{"taxonomy":"marcas","embeddable":true,"href":"https:\/\/dibosch.com\/es\/wp-json\/wp\/v2\/marcas?post=29310"},{"taxonomy":"certificats","embeddable":true,"href":"https:\/\/dibosch.com\/es\/wp-json\/wp\/v2\/certificats?post=29310"},{"taxonomy":"caracteristiques","embeddable":true,"href":"https:\/\/dibosch.com\/es\/wp-json\/wp\/v2\/caracteristiques?post=29310"},{"taxonomy":"tipus-productes","embeddable":true,"href":"https:\/\/dibosch.com\/es\/wp-json\/wp\/v2\/tipus-productes?post=29310"},{"taxonomy":"zona-aplicacio","embeddable":true,"href":"https:\/\/dibosch.com\/es\/wp-json\/wp\/v2\/zona-aplicacio?post=29310"},{"taxonomy":"tipus-maquinaria","embeddable":true,"href":"https:\/\/dibosch.com\/es\/wp-json\/wp\/v2\/tipus-maquinaria?post=29310"}],"curies":[{"name":"wp","href":"https:\/\/api.w.org\/{rel}","templated":true}]}}