{"id":29318,"date":"2024-08-16T12:47:29","date_gmt":"2024-08-16T12:47:29","guid":{"rendered":"https:\/\/dibosch.com\/?post_type=product&#038;p=29318"},"modified":"2024-08-16T12:51:14","modified_gmt":"2024-08-16T12:51:14","slug":"disp-jabon-autom-1l-acero-inox-negro-dj0037ab","status":"publish","type":"product","link":"https:\/\/dibosch.com\/es\/producto\/disp-jabon-autom-1l-acero-inox-negro-dj0037ab\/","title":{"rendered":"DISP. JAB\u00d3N AUTOM. 1L ACERO INOX NEGRO DJ0037AB"},"content":{"rendered":"<p><strong>Caracter\u00edsticas del producto:<\/strong><\/p>\n<p>Dosificador de jab\u00f3n l\u00edquido de accionamiento autom\u00e1tico de 1 L de capacidad m\u00e1xima, fabricado en acero inoxidable AISI 304, de 0,8 mm de espesor, para instalar directamente a la pared.<\/p>\n<p>Estos dosificadores de jab\u00f3n tienen un dise\u00f1o funcional, robusto, moderno y de acorde a la nueva l\u00ednea de accesorios de ba\u00f1o de Mediclinics, permitiendo su perfecta integraci\u00f3n en cualquier espacio de ba\u00f1o.<\/p>\n<p>V\u00e1lido para instalaciones de tr\u00e1fico elevado y para uso p\u00fablico.<\/p>\n<p>Dispone de un visor de nivel de contenido de jab\u00f3n, situado en la parte frontal que permite visualizar en todo momento el nivel de jab\u00f3n disponible dentro del dosificador.<\/p>\n<p>Funciona con 6 pilas alcalinas del tipo AA<\/p>\n<p>Se recomienda utilizar jab\u00f3n l\u00edquido o jab\u00f3n desinfectante en forma de gel con las siguientes caracter\u00edsticas:<\/p>\n<ul>\n<li>Contenido m\u00e1ximo de alcohol del 80%<\/li>\n<li>Densidad entre 0,9 y 1,35 kg\/dm3<\/li>\n<li>Viscosidad entre 500 y 2.500 cps<\/li>\n<\/ul>\n","protected":false},"excerpt":{"rendered":"<p>Caracter\u00edsticas del producto: Dosificador de jab\u00f3n l\u00edquido de accionamiento autom\u00e1tico de 1 L de capacidad m\u00e1xima, fabricado en acero inoxidable AISI 304, de 0,8 mm de espesor, para instalar directamente a la pared. Estos dosificadores de jab\u00f3n tienen un dise\u00f1o funcional, robusto, moderno y de acorde a la nueva l\u00ednea de accesorios de ba\u00f1o de [&hellip;]<\/p>\n","protected":false},"featured_media":29317,"comment_status":"open","ping_status":"closed","template":"","meta":[],"product_brand":[],"product_cat":[760,687],"product_tag":[],"marcas":[920],"certificats":[],"caracteristiques":[],"tipus-productes":[],"zona-aplicacio":[],"tipus-maquinaria":[],"class_list":{"0":"post-29318","1":"product","2":"type-product","3":"status-publish","4":"has-post-thumbnail","6":"product_cat-dosificadores-de-jabon","7":"product_cat-equipamientos","8":"marcas-mediclinics-es","10":"first","11":"instock","12":"shipping-taxable","13":"product-type-simple"},"_links":{"self":[{"href":"https:\/\/dibosch.com\/es\/wp-json\/wp\/v2\/product\/29318","targetHints":{"allow":["GET"]}}],"collection":[{"href":"https:\/\/dibosch.com\/es\/wp-json\/wp\/v2\/product"}],"about":[{"href":"https:\/\/dibosch.com\/es\/wp-json\/wp\/v2\/types\/product"}],"replies":[{"embeddable":true,"href":"https:\/\/dibosch.com\/es\/wp-json\/wp\/v2\/comments?post=29318"}],"wp:featuredmedia":[{"embeddable":true,"href":"https:\/\/dibosch.com\/es\/wp-json\/wp\/v2\/media\/29317"}],"wp:attachment":[{"href":"https:\/\/dibosch.com\/es\/wp-json\/wp\/v2\/media?parent=29318"}],"wp:term":[{"taxonomy":"product_brand","embeddable":true,"href":"https:\/\/dibosch.com\/es\/wp-json\/wp\/v2\/product_brand?post=29318"},{"taxonomy":"product_cat","embeddable":true,"href":"https:\/\/dibosch.com\/es\/wp-json\/wp\/v2\/product_cat?post=29318"},{"taxonomy":"product_tag","embeddable":true,"href":"https:\/\/dibosch.com\/es\/wp-json\/wp\/v2\/product_tag?post=29318"},{"taxonomy":"marcas","embeddable":true,"href":"https:\/\/dibosch.com\/es\/wp-json\/wp\/v2\/marcas?post=29318"},{"taxonomy":"certificats","embeddable":true,"href":"https:\/\/dibosch.com\/es\/wp-json\/wp\/v2\/certificats?post=29318"},{"taxonomy":"caracteristiques","embeddable":true,"href":"https:\/\/dibosch.com\/es\/wp-json\/wp\/v2\/caracteristiques?post=29318"},{"taxonomy":"tipus-productes","embeddable":true,"href":"https:\/\/dibosch.com\/es\/wp-json\/wp\/v2\/tipus-productes?post=29318"},{"taxonomy":"zona-aplicacio","embeddable":true,"href":"https:\/\/dibosch.com\/es\/wp-json\/wp\/v2\/zona-aplicacio?post=29318"},{"taxonomy":"tipus-maquinaria","embeddable":true,"href":"https:\/\/dibosch.com\/es\/wp-json\/wp\/v2\/tipus-maquinaria?post=29318"}],"curies":[{"name":"wp","href":"https:\/\/api.w.org\/{rel}","templated":true}]}}