{"id":29324,"date":"2024-08-16T12:55:25","date_gmt":"2024-08-16T12:55:25","guid":{"rendered":"https:\/\/dibosch.com\/?post_type=product&#038;p=29324"},"modified":"2024-08-16T12:56:26","modified_gmt":"2024-08-16T12:56:26","slug":"cepillo-inox-reforzado-azul-64mm-t835b-hillbrush","status":"publish","type":"product","link":"https:\/\/dibosch.com\/es\/producto\/cepillo-inox-reforzado-azul-64mm-t835b-hillbrush\/","title":{"rendered":"CEPILLO INOX REFORZADO AZUL 64mm T835B &#8211; HILLBRUSH"},"content":{"rendered":"<p><strong>Caracter\u00edsticas del producto:<\/strong><\/p>\n<p>Cepillo de alambre trenzado en acero inoxidable de poli\u00e9ster de 400 mm de di\u00e1metro exterior x 64 mm de di\u00e1metro medio, con mango de pl\u00e1stico.<\/p>\n","protected":false},"excerpt":{"rendered":"<p>Caracter\u00edsticas del producto: Cepillo de alambre trenzado en acero inoxidable de poli\u00e9ster de 400 mm de di\u00e1metro exterior x 64 mm de di\u00e1metro medio, con mango de pl\u00e1stico.<\/p>\n","protected":false},"featured_media":29323,"comment_status":"open","ping_status":"closed","template":"","meta":[],"product_brand":[],"product_cat":[771,713,684],"product_tag":[],"marcas":[921],"certificats":[],"caracteristiques":[],"tipus-productes":[],"zona-aplicacio":[],"tipus-maquinaria":[],"class_list":{"0":"post-29324","1":"product","2":"type-product","3":"status-publish","4":"has-post-thumbnail","6":"product_cat-cepillos-manuales","7":"product_cat-utensilios","8":"product_cat-utiles-de-limpieza","9":"marcas-hillbrush-es","11":"first","12":"instock","13":"shipping-taxable","14":"product-type-simple"},"_links":{"self":[{"href":"https:\/\/dibosch.com\/es\/wp-json\/wp\/v2\/product\/29324","targetHints":{"allow":["GET"]}}],"collection":[{"href":"https:\/\/dibosch.com\/es\/wp-json\/wp\/v2\/product"}],"about":[{"href":"https:\/\/dibosch.com\/es\/wp-json\/wp\/v2\/types\/product"}],"replies":[{"embeddable":true,"href":"https:\/\/dibosch.com\/es\/wp-json\/wp\/v2\/comments?post=29324"}],"wp:featuredmedia":[{"embeddable":true,"href":"https:\/\/dibosch.com\/es\/wp-json\/wp\/v2\/media\/29323"}],"wp:attachment":[{"href":"https:\/\/dibosch.com\/es\/wp-json\/wp\/v2\/media?parent=29324"}],"wp:term":[{"taxonomy":"product_brand","embeddable":true,"href":"https:\/\/dibosch.com\/es\/wp-json\/wp\/v2\/product_brand?post=29324"},{"taxonomy":"product_cat","embeddable":true,"href":"https:\/\/dibosch.com\/es\/wp-json\/wp\/v2\/product_cat?post=29324"},{"taxonomy":"product_tag","embeddable":true,"href":"https:\/\/dibosch.com\/es\/wp-json\/wp\/v2\/product_tag?post=29324"},{"taxonomy":"marcas","embeddable":true,"href":"https:\/\/dibosch.com\/es\/wp-json\/wp\/v2\/marcas?post=29324"},{"taxonomy":"certificats","embeddable":true,"href":"https:\/\/dibosch.com\/es\/wp-json\/wp\/v2\/certificats?post=29324"},{"taxonomy":"caracteristiques","embeddable":true,"href":"https:\/\/dibosch.com\/es\/wp-json\/wp\/v2\/caracteristiques?post=29324"},{"taxonomy":"tipus-productes","embeddable":true,"href":"https:\/\/dibosch.com\/es\/wp-json\/wp\/v2\/tipus-productes?post=29324"},{"taxonomy":"zona-aplicacio","embeddable":true,"href":"https:\/\/dibosch.com\/es\/wp-json\/wp\/v2\/zona-aplicacio?post=29324"},{"taxonomy":"tipus-maquinaria","embeddable":true,"href":"https:\/\/dibosch.com\/es\/wp-json\/wp\/v2\/tipus-maquinaria?post=29324"}],"curies":[{"name":"wp","href":"https:\/\/api.w.org\/{rel}","templated":true}]}}