{"id":29867,"date":"2024-09-25T07:01:43","date_gmt":"2024-09-25T07:01:43","guid":{"rendered":"https:\/\/dibosch.com\/?post_type=product&#038;p=29867"},"modified":"2025-09-24T10:46:06","modified_gmt":"2025-09-24T10:46:06","slug":"spr-complet-x25kg-pahes-limper","status":"publish","type":"product","link":"https:\/\/dibosch.com\/es\/producto\/spr-complet-x25kg-pahes-limper\/","title":{"rendered":"SPR COMPLET (x25KG) &#8211; PAHES LIMPER"},"content":{"rendered":"<p><strong>Caracter\u00edsticas del producto:<\/strong><\/p>\n<p>Detergente concentrado en\u00e9rgico que engloba en un s\u00f3lo producto el poder del detergente, los aditivos y el suavizante.<\/p>\n<p>Especialmente dise\u00f1ado para el lavado de lencer\u00eda y s\u00e1banas con un \u00fanico producto y para eliminar de forma eficaz las manchas amarillas y rosadas de las cremas solares.<\/p>\n<p>SPR COMPLET es un detergente en polvo especial, muy completo e innovador pues unifica en un mismo producto el poder del detergente, los aditivos y el suavizante.<\/p>\n<p>Indicado para todo tipo de ropa.<\/p>\n","protected":false},"excerpt":{"rendered":"<p>Detergente en polvo de alto rendimiento<\/p>\n","protected":false},"featured_media":29866,"comment_status":"open","ping_status":"closed","template":"","meta":[],"product_brand":[],"product_cat":[689,691,690],"product_tag":[],"marcas":[926],"certificats":[],"caracteristiques":[],"tipus-productes":[],"zona-aplicacio":[],"tipus-maquinaria":[],"class_list":{"0":"post-29867","1":"product","2":"type-product","3":"status-publish","4":"has-post-thumbnail","6":"product_cat-productos-de-limpieza","7":"product_cat-detergentes","8":"product_cat-especificos-para-lavanderia","9":"marcas-pahes-limper-es","11":"first","12":"instock","13":"shipping-taxable","14":"product-type-simple"},"_links":{"self":[{"href":"https:\/\/dibosch.com\/es\/wp-json\/wp\/v2\/product\/29867","targetHints":{"allow":["GET"]}}],"collection":[{"href":"https:\/\/dibosch.com\/es\/wp-json\/wp\/v2\/product"}],"about":[{"href":"https:\/\/dibosch.com\/es\/wp-json\/wp\/v2\/types\/product"}],"replies":[{"embeddable":true,"href":"https:\/\/dibosch.com\/es\/wp-json\/wp\/v2\/comments?post=29867"}],"wp:featuredmedia":[{"embeddable":true,"href":"https:\/\/dibosch.com\/es\/wp-json\/wp\/v2\/media\/29866"}],"wp:attachment":[{"href":"https:\/\/dibosch.com\/es\/wp-json\/wp\/v2\/media?parent=29867"}],"wp:term":[{"taxonomy":"product_brand","embeddable":true,"href":"https:\/\/dibosch.com\/es\/wp-json\/wp\/v2\/product_brand?post=29867"},{"taxonomy":"product_cat","embeddable":true,"href":"https:\/\/dibosch.com\/es\/wp-json\/wp\/v2\/product_cat?post=29867"},{"taxonomy":"product_tag","embeddable":true,"href":"https:\/\/dibosch.com\/es\/wp-json\/wp\/v2\/product_tag?post=29867"},{"taxonomy":"marcas","embeddable":true,"href":"https:\/\/dibosch.com\/es\/wp-json\/wp\/v2\/marcas?post=29867"},{"taxonomy":"certificats","embeddable":true,"href":"https:\/\/dibosch.com\/es\/wp-json\/wp\/v2\/certificats?post=29867"},{"taxonomy":"caracteristiques","embeddable":true,"href":"https:\/\/dibosch.com\/es\/wp-json\/wp\/v2\/caracteristiques?post=29867"},{"taxonomy":"tipus-productes","embeddable":true,"href":"https:\/\/dibosch.com\/es\/wp-json\/wp\/v2\/tipus-productes?post=29867"},{"taxonomy":"zona-aplicacio","embeddable":true,"href":"https:\/\/dibosch.com\/es\/wp-json\/wp\/v2\/zona-aplicacio?post=29867"},{"taxonomy":"tipus-maquinaria","embeddable":true,"href":"https:\/\/dibosch.com\/es\/wp-json\/wp\/v2\/tipus-maquinaria?post=29867"}],"curies":[{"name":"wp","href":"https:\/\/api.w.org\/{rel}","templated":true}]}}