{"id":29883,"date":"2024-09-25T08:51:07","date_gmt":"2024-09-25T08:51:07","guid":{"rendered":"https:\/\/dibosch.com\/?post_type=product&#038;p=29883"},"modified":"2024-09-25T08:52:09","modified_gmt":"2024-09-25T08:52:09","slug":"racambio-middle-acrilico-bastidor-doble-100x13cm-00000401-tts","status":"publish","type":"product","link":"https:\/\/dibosch.com\/es\/producto\/racambio-middle-acrilico-bastidor-doble-100x13cm-00000401-tts\/","title":{"rendered":"RACAMBIO MIDDLE ACR\u00cdLICO BASTIDOR DOBLE 100X13CM 00000401 &#8211; TTS"},"content":{"rendered":"<p><strong>Caracter\u00edsticas del producto:<\/strong><\/p>\n<p>Sistema doble para quitar el polvo de suelos con recambios para superficies amplias<\/p>\n<p>Ideal para grandes \u00e1reas como gimnasios, aeropuertos, edificios,\u2026<\/p>\n<p>Eficaz: la acci\u00f3n electrost\u00e1tica natural que se genera al frotar las fibras acr\u00edlicas en las superficies las hace ideales para quitar el polvo<\/p>\n<p>Durable: es duradero, lo que representa una excelente inversi\u00f3n con un bajo impacto ambiental<\/p>\n","protected":false},"excerpt":{"rendered":"<p>Un par de recambios Middle Acr\u00edlica doble con bolsillos y botones y tela de algod\u00f3n, confeccionado<\/p>\n","protected":false},"featured_media":29882,"comment_status":"open","ping_status":"closed","template":"","meta":[],"product_brand":[],"product_cat":[714,713,684],"product_tag":[],"marcas":[917],"certificats":[],"caracteristiques":[],"tipus-productes":[],"zona-aplicacio":[],"tipus-maquinaria":[],"class_list":{"0":"post-29883","1":"product","2":"type-product","3":"status-publish","4":"has-post-thumbnail","6":"product_cat-mopas","7":"product_cat-utensilios","8":"product_cat-utiles-de-limpieza","9":"marcas-tts-es","11":"first","12":"instock","13":"shipping-taxable","14":"product-type-simple"},"_links":{"self":[{"href":"https:\/\/dibosch.com\/es\/wp-json\/wp\/v2\/product\/29883","targetHints":{"allow":["GET"]}}],"collection":[{"href":"https:\/\/dibosch.com\/es\/wp-json\/wp\/v2\/product"}],"about":[{"href":"https:\/\/dibosch.com\/es\/wp-json\/wp\/v2\/types\/product"}],"replies":[{"embeddable":true,"href":"https:\/\/dibosch.com\/es\/wp-json\/wp\/v2\/comments?post=29883"}],"wp:featuredmedia":[{"embeddable":true,"href":"https:\/\/dibosch.com\/es\/wp-json\/wp\/v2\/media\/29882"}],"wp:attachment":[{"href":"https:\/\/dibosch.com\/es\/wp-json\/wp\/v2\/media?parent=29883"}],"wp:term":[{"taxonomy":"product_brand","embeddable":true,"href":"https:\/\/dibosch.com\/es\/wp-json\/wp\/v2\/product_brand?post=29883"},{"taxonomy":"product_cat","embeddable":true,"href":"https:\/\/dibosch.com\/es\/wp-json\/wp\/v2\/product_cat?post=29883"},{"taxonomy":"product_tag","embeddable":true,"href":"https:\/\/dibosch.com\/es\/wp-json\/wp\/v2\/product_tag?post=29883"},{"taxonomy":"marcas","embeddable":true,"href":"https:\/\/dibosch.com\/es\/wp-json\/wp\/v2\/marcas?post=29883"},{"taxonomy":"certificats","embeddable":true,"href":"https:\/\/dibosch.com\/es\/wp-json\/wp\/v2\/certificats?post=29883"},{"taxonomy":"caracteristiques","embeddable":true,"href":"https:\/\/dibosch.com\/es\/wp-json\/wp\/v2\/caracteristiques?post=29883"},{"taxonomy":"tipus-productes","embeddable":true,"href":"https:\/\/dibosch.com\/es\/wp-json\/wp\/v2\/tipus-productes?post=29883"},{"taxonomy":"zona-aplicacio","embeddable":true,"href":"https:\/\/dibosch.com\/es\/wp-json\/wp\/v2\/zona-aplicacio?post=29883"},{"taxonomy":"tipus-maquinaria","embeddable":true,"href":"https:\/\/dibosch.com\/es\/wp-json\/wp\/v2\/tipus-maquinaria?post=29883"}],"curies":[{"name":"wp","href":"https:\/\/api.w.org\/{rel}","templated":true}]}}