{"id":29893,"date":"2024-09-26T08:00:05","date_gmt":"2024-09-26T08:00:05","guid":{"rendered":"https:\/\/dibosch.com\/?post_type=product&#038;p=29893"},"modified":"2025-09-24T07:36:12","modified_gmt":"2025-09-24T07:36:12","slug":"fd-deosan-viragri-plus-bp20-diversey","status":"publish","type":"product","link":"https:\/\/dibosch.com\/es\/producto\/fd-deosan-viragri-plus-bp20-diversey\/","title":{"rendered":"FD- DEOSAN VIRAGRI PLUS BP20 &#8211; DIVERSEY"},"content":{"rendered":"<p><strong>Caracter\u00edsticas del producto:<\/strong><\/p>\n<p>Deosan Viragri Plus es un desinfectante no oxidante y altamente efectivo, formulado especialmente para el uso en superficies limpias en industrias agropecuarias.<\/p>\n<p>Para la desinfecci\u00f3n de superficies, equipos, paredes, suelos y locales en la Industria Ganadera<\/p>\n<p>Est\u00e1 dise\u00f1ado como desinfectante terminal para uso sobre superficies limpias y aclaradas para eliminar restos de suciedad. Est\u00e1 recomendado para el uso en industrias agropecuarias, como salas de orde\u00f1o, alojamientos ganaderos en general, adem\u00e1s de invernaderos u otras instalaciones de cultivo.<\/p>\n","protected":false},"excerpt":{"rendered":"<p>Desinfectante no oxidante<\/p>\n","protected":false},"featured_media":29892,"comment_status":"open","ping_status":"closed","template":"","meta":[],"product_brand":[],"product_cat":[689,768,715],"product_tag":[],"marcas":[919],"certificats":[],"caracteristiques":[],"tipus-productes":[],"zona-aplicacio":[],"tipus-maquinaria":[],"class_list":{"0":"post-29893","1":"product","2":"type-product","3":"status-publish","4":"has-post-thumbnail","6":"product_cat-productos-de-limpieza","7":"product_cat-desinfectantes","8":"product_cat-especificos-para-industria-alimentaria","9":"marcas-diversey-es","11":"first","12":"instock","13":"shipping-taxable","14":"product-type-simple"},"_links":{"self":[{"href":"https:\/\/dibosch.com\/es\/wp-json\/wp\/v2\/product\/29893","targetHints":{"allow":["GET"]}}],"collection":[{"href":"https:\/\/dibosch.com\/es\/wp-json\/wp\/v2\/product"}],"about":[{"href":"https:\/\/dibosch.com\/es\/wp-json\/wp\/v2\/types\/product"}],"replies":[{"embeddable":true,"href":"https:\/\/dibosch.com\/es\/wp-json\/wp\/v2\/comments?post=29893"}],"wp:featuredmedia":[{"embeddable":true,"href":"https:\/\/dibosch.com\/es\/wp-json\/wp\/v2\/media\/29892"}],"wp:attachment":[{"href":"https:\/\/dibosch.com\/es\/wp-json\/wp\/v2\/media?parent=29893"}],"wp:term":[{"taxonomy":"product_brand","embeddable":true,"href":"https:\/\/dibosch.com\/es\/wp-json\/wp\/v2\/product_brand?post=29893"},{"taxonomy":"product_cat","embeddable":true,"href":"https:\/\/dibosch.com\/es\/wp-json\/wp\/v2\/product_cat?post=29893"},{"taxonomy":"product_tag","embeddable":true,"href":"https:\/\/dibosch.com\/es\/wp-json\/wp\/v2\/product_tag?post=29893"},{"taxonomy":"marcas","embeddable":true,"href":"https:\/\/dibosch.com\/es\/wp-json\/wp\/v2\/marcas?post=29893"},{"taxonomy":"certificats","embeddable":true,"href":"https:\/\/dibosch.com\/es\/wp-json\/wp\/v2\/certificats?post=29893"},{"taxonomy":"caracteristiques","embeddable":true,"href":"https:\/\/dibosch.com\/es\/wp-json\/wp\/v2\/caracteristiques?post=29893"},{"taxonomy":"tipus-productes","embeddable":true,"href":"https:\/\/dibosch.com\/es\/wp-json\/wp\/v2\/tipus-productes?post=29893"},{"taxonomy":"zona-aplicacio","embeddable":true,"href":"https:\/\/dibosch.com\/es\/wp-json\/wp\/v2\/zona-aplicacio?post=29893"},{"taxonomy":"tipus-maquinaria","embeddable":true,"href":"https:\/\/dibosch.com\/es\/wp-json\/wp\/v2\/tipus-maquinaria?post=29893"}],"curies":[{"name":"wp","href":"https:\/\/api.w.org\/{rel}","templated":true}]}}