{"id":29938,"date":"2024-09-27T08:12:45","date_gmt":"2024-09-27T08:12:45","guid":{"rendered":"https:\/\/dibosch.com\/?post_type=product&#038;p=29938"},"modified":"2025-09-24T09:14:32","modified_gmt":"2025-09-24T09:14:32","slug":"fregadoras-abila-17-20-50-comac","status":"publish","type":"product","link":"https:\/\/dibosch.com\/es\/producto\/fregadoras-abila-17-20-50-comac\/","title":{"rendered":"FREGADORAS ABILA 17\/20\/50 &#8211; COMAC"},"content":{"rendered":"<p>El modelo Abila es una <a href=\"https:\/\/dibosch.com\/es\/maquinas\/fregadora-es\/fregadoras-a-pie\/\">fregadora de pavimentos hombre a pie<\/a> de <a href=\"https:\/\/dibosch.com\/es\/marcas\/comac-es\/\">COMAC<\/a> muy pr\u00e1ctica y compacta y, por lo tanto, ideal para la limpieza de superficies con obst\u00e1culos.<\/p>\n<p>Dise\u00f1ada para ser la soluci\u00f3n eficaz, eficiente, c\u00f3moda para lograr una limpieza de pavimentos profesional, pero con costes de gesti\u00f3n reducidos.<\/p>\n<p>El modelo Abila es la elecci\u00f3n perfecta para una limpieza sencilla, pero fiable, de las superficies de medianas dimensiones, incluso en ambientes con obst\u00e1culos como puntos de venta, talleres, gimnasios o entornos sanitarios en general.<\/p>\n<p>Estudiada para garantizar la m\u00e1xima sencillez de uso en las operaciones de limpieza diaria,<\/p>\n<p>Es ideal para la limpieza de mantenimiento de superficies de hasta 1600 m\u00b2.<\/p>\n<p>&nbsp;<\/p>\n<p><strong>Caracter\u00edsticas fregadoras Abila<\/strong><\/p>\n<ul>\n<li>Dimensiones compactas para transportarla f\u00e1cilmente de un ambiente a otro<\/li>\n<li>C\u00f3moda y manejable para que pueda trabajar incluso en zonas con obst\u00e1culos<\/li>\n<li>Enorme productividad y reducci\u00f3n de los costes de gesti\u00f3n<\/li>\n<li>Con unos pocos y sencillos pasos est\u00e1 lista de inmediato para su uso, lo que hace que sea apta incluso para los operadores con menos experiencia<\/li>\n<li>Mantenimiento al final del trabajo r\u00e1pido y sencillo<\/li>\n<\/ul>\n<p>&nbsp;<\/p>\n<p><em><strong>Datos t\u00e9cnicos ABILA 17B:<\/strong><\/em><\/p>\n<ul>\n<li>Productividad te\u00f3rica (hasta m2\/h) &#8211; 1470<\/li>\n<li>Pista de fregado (mm) &#8211; 420<\/li>\n<li>Cepillos cantidad y tipo &#8211; 1 Disco<\/li>\n<li>Cepillos (mm) &#8211; 420<\/li>\n<li>Presi\u00f3n en el cepillo (kg) &#8211; 20<\/li>\n<li>Tanque de soluci\u00f3n (l) &#8211; 33<\/li>\n<li>Tanque de recuperaci\u00f3n (l) &#8211; 40<\/li>\n<li>Alimentaci\u00f3n\/tracci\u00f3n (V) &#8211; 24\/semi aut<\/li>\n<li>Autonom\u00eda de hasta (h) &#8211; 2.5<\/li>\n<li>Dimensiones de la m\u00e1quina (l x h x a) (mm) &#8211; 1085x960x455<\/li>\n<li>Anchura boquilla de aspiraci\u00f3n (mm) &#8211; 660<\/li>\n<li>Peso m\u00e1quina en trabajo (kg) &#8211; 159<\/li>\n<li>Nivel de presi\u00f3n sonora (A) &#8211; &lt;65<\/li>\n<\/ul>\n<p>&nbsp;<\/p>\n<p><em><strong>Datos t\u00e9cnicos ABILA 20BT:<\/strong><\/em><\/p>\n<ul>\n<li>Productividad te\u00f3rica (hasta m2\/h) &#8211; 1750<\/li>\n<li>Pista de fregado (mm) &#8211; 500<\/li>\n<li>Cepillos cantidad y tipo &#8211; 1 Disco<\/li>\n<li>Cepillos (mm) &#8211; 500<\/li>\n<li>Presi\u00f3n en el cepillo (kg) &#8211; 20<\/li>\n<li>Tanque de soluci\u00f3n (l) &#8211; 33<\/li>\n<li>Tanque de recuperaci\u00f3n (l) &#8211; 40<\/li>\n<li>Alimentaci\u00f3n\/tracci\u00f3n (V) &#8211; 24\/semi aut<\/li>\n<li>Autonom\u00eda de hasta (h) &#8211; 2.5<\/li>\n<li>Dimensiones de la m\u00e1quina (l x h x a) (mm) &#8211; 1160x960x455<\/li>\n<li>Anchura boquilla de aspiraci\u00f3n (mm) &#8211; 755<\/li>\n<li>Peso m\u00e1quina en trabajo (kg) &#8211; 161<\/li>\n<li>Nivel de presi\u00f3n sonora (A) &#8211; &lt;65<\/li>\n<\/ul>\n<p>&nbsp;<\/p>\n<p><em><strong>Datos t\u00e9cnicos ABILA 50E:<\/strong><\/em><\/p>\n<ul>\n<li>Productividad te\u00f3rica (hasta m2\/h) &#8211; 1750<\/li>\n<li>Pista de fregado (mm) &#8211; 500<\/li>\n<li>Cepillos cantidad y tipo &#8211; 1 Disco<\/li>\n<li>Cepillos (mm) &#8211; 500<\/li>\n<li>Presi\u00f3n en el cepillo (kg) &#8211; 20<\/li>\n<li>Tanque de soluci\u00f3n (l) &#8211; 33<\/li>\n<li>Tanque de recuperaci\u00f3n (l) &#8211; 40<\/li>\n<li>Alimentaci\u00f3n\/tracci\u00f3n (V) &#8211; 230\/semi aut<\/li>\n<li>Autonom\u00eda de hasta (h) &#8211; ilimitada<\/li>\n<li>Dimensiones de la m\u00e1quina (l x h x a) (mm) &#8211; 1226x960x455<\/li>\n<li>Anchura boquilla de aspiraci\u00f3n (mm) &#8211; 755<\/li>\n<li>Peso m\u00e1quina en trabajo (kg) &#8211; 110<\/li>\n<li>Nivel de presi\u00f3n sonora (A) &#8211; &lt;65<\/li>\n<\/ul>\n<p>&nbsp;<\/p>\n<p>&nbsp;<\/p>\n<div data-olk-copy-source=\"MailCompose\">PRECIO ABILA 17B<\/div>\n<div>Consultar accesorios incluidos en el precio.<\/div>\n","protected":false},"excerpt":{"rendered":"<p>Fregadoras hombre a pie hasta 1.600m2<\/p>\n","protected":false},"featured_media":29927,"comment_status":"open","ping_status":"closed","template":"","meta":[],"product_brand":[],"product_cat":[577,1076,727,988,810,1074],"product_tag":[],"marcas":[916],"certificats":[],"caracteristiques":[],"tipus-productes":[],"zona-aplicacio":[950,949,955,946],"tipus-maquinaria":[],"class_list":{"0":"post-29938","1":"product","2":"type-product","3":"status-publish","4":"has-post-thumbnail","6":"product_cat-maquinas","7":"product_cat-fregadora-industrial-pequena","8":"product_cat-fregadoras-a-pie","9":"product_cat-fregadoras-comac","10":"product_cat-fregadora-es","11":"product_cat-maquina-limpia-suelos","12":"marcas-comac-es","13":"zona-aplicacio-zona-manipulacion-de-alimentos-industria","14":"zona-aplicacio-zona-produccion-y-talleres","15":"zona-aplicacio-zona-sanitaria","16":"zona-aplicacio-zonas-comunes","18":"first","19":"instock","20":"shipping-taxable","21":"purchasable","22":"product-type-simple"},"_links":{"self":[{"href":"https:\/\/dibosch.com\/es\/wp-json\/wp\/v2\/product\/29938","targetHints":{"allow":["GET"]}}],"collection":[{"href":"https:\/\/dibosch.com\/es\/wp-json\/wp\/v2\/product"}],"about":[{"href":"https:\/\/dibosch.com\/es\/wp-json\/wp\/v2\/types\/product"}],"replies":[{"embeddable":true,"href":"https:\/\/dibosch.com\/es\/wp-json\/wp\/v2\/comments?post=29938"}],"wp:featuredmedia":[{"embeddable":true,"href":"https:\/\/dibosch.com\/es\/wp-json\/wp\/v2\/media\/29927"}],"wp:attachment":[{"href":"https:\/\/dibosch.com\/es\/wp-json\/wp\/v2\/media?parent=29938"}],"wp:term":[{"taxonomy":"product_brand","embeddable":true,"href":"https:\/\/dibosch.com\/es\/wp-json\/wp\/v2\/product_brand?post=29938"},{"taxonomy":"product_cat","embeddable":true,"href":"https:\/\/dibosch.com\/es\/wp-json\/wp\/v2\/product_cat?post=29938"},{"taxonomy":"product_tag","embeddable":true,"href":"https:\/\/dibosch.com\/es\/wp-json\/wp\/v2\/product_tag?post=29938"},{"taxonomy":"marcas","embeddable":true,"href":"https:\/\/dibosch.com\/es\/wp-json\/wp\/v2\/marcas?post=29938"},{"taxonomy":"certificats","embeddable":true,"href":"https:\/\/dibosch.com\/es\/wp-json\/wp\/v2\/certificats?post=29938"},{"taxonomy":"caracteristiques","embeddable":true,"href":"https:\/\/dibosch.com\/es\/wp-json\/wp\/v2\/caracteristiques?post=29938"},{"taxonomy":"tipus-productes","embeddable":true,"href":"https:\/\/dibosch.com\/es\/wp-json\/wp\/v2\/tipus-productes?post=29938"},{"taxonomy":"zona-aplicacio","embeddable":true,"href":"https:\/\/dibosch.com\/es\/wp-json\/wp\/v2\/zona-aplicacio?post=29938"},{"taxonomy":"tipus-maquinaria","embeddable":true,"href":"https:\/\/dibosch.com\/es\/wp-json\/wp\/v2\/tipus-maquinaria?post=29938"}],"curies":[{"name":"wp","href":"https:\/\/api.w.org\/{rel}","templated":true}]}}