{"id":29984,"date":"2024-09-27T12:22:06","date_gmt":"2024-09-27T12:22:06","guid":{"rendered":"https:\/\/dibosch.com\/?post_type=product&#038;p=29984"},"modified":"2025-02-04T13:15:47","modified_gmt":"2025-02-04T13:15:47","slug":"fregadoras-vega-65-70-75-85-comac","status":"publish","type":"product","link":"https:\/\/dibosch.com\/es\/producto\/fregadoras-vega-65-70-75-85-comac\/","title":{"rendered":"FREGADORAS VEGA 65\/70\/75\/85 &#8211; COMAC"},"content":{"rendered":"<p>El modelo Vega es una <a href=\"https:\/\/dibosch.com\/es\/maquinas\/fregadora-es\/fregadoras-a-pie\/\">fregadora de pavimentos hombre a pie<\/a> que combina, en una sola m\u00e1quina, potencia y versatilidad, sin dejar de ser compacta y manejable.<\/p>\n<p>Con Vega, la calidad <a href=\"https:\/\/dibosch.com\/es\/marcas\/comac-es\/\">Comac<\/a> se concentra en lo esencial: sencillez de uso, robustez y dise\u00f1o funcional hacen que esta gama sea perfecta para trabajar en las condiciones de suciedad m\u00e1s dif\u00edciles.<\/p>\n<p>Por lo que es una fregadora de pavimentos adecuada para cualquier situaci\u00f3n: desde la limpieza de pavimentos de los ambientes del sector industrial o log\u00edstico hasta los de las estructuras sanitarias o de la gran distribuci\u00f3n.<\/p>\n<p>Sus caracter\u00edsticas t\u00e9cnicas y sus funciones hacen de Vega una fregadora de pavimentos profesional adecuada tanto para limpieza de mantenimiento como profunda de grandes superficies, que pueden llegar hasta los 4500 m\u00b2.<\/p>\n<p>&nbsp;<\/p>\n<p><strong>Caracter\u00edsticas fregadoras Vega<\/strong><\/p>\n<ul>\n<li>Conducci\u00f3n intuitiva y mandos sencillos<\/li>\n<li>Cargador de bater\u00edas a bordo opcional, para recargarla con facilidad y rapidez<\/li>\n<li>Carga r\u00e1pida del agua<\/li>\n<li>Pr\u00e1ctico indicador del nivel de soluci\u00f3n<\/li>\n<li>Tanque de soluci\u00f3n (l) \u2013 75<\/li>\n<li>Tanque de recuperaci\u00f3n (l) \u2013 115<\/li>\n<li>Alimentaci\u00f3n\/tracci\u00f3n (V) \u2013 24\/aut<\/li>\n<li>Nivel de presi\u00f3n sonora (A) \u2013 &lt;70<\/li>\n<\/ul>\n<p>&nbsp;<\/p>\n<p><em><strong>Datos t\u00e9cnicos VEGA 65BT<\/strong><\/em><\/p>\n<ul>\n<li>Productividad te\u00f3rica (hasta m2\/h) \u2013 2816<\/li>\n<li>Pista de fregado (mm) \u2013 655<\/li>\n<li>Cepillos cantidad y tipo \u2013 2 Disco<\/li>\n<li>Cepillos (mm) \u2013 340<\/li>\n<li>Presi\u00f3n en el cepillo (kg) \u2013 40-53<\/li>\n<li>Autonom\u00eda de hasta (h) \u2013 3.5<\/li>\n<li>Dimensiones de la m\u00e1quina (l x h x a) (mm) \u2013 1495x1055x785<\/li>\n<li>Anchura boquilla de aspiraci\u00f3n (mm) \u2013 785<\/li>\n<li>Peso m\u00e1quina en trabajo (kg) \u2013 368<\/li>\n<\/ul>\n<p>&nbsp;<\/p>\n<p><em><strong>Datos t\u00e9cnicos VEGA 70BTO<\/strong><\/em><\/p>\n<ul>\n<li>Productividad te\u00f3rica (hasta m2\/h) \u2013 3053<\/li>\n<li>Pista de fregado (mm) \u2013 710<\/li>\n<li>Cepillos cantidad y tipo \u2013 1 Pad rectangular<\/li>\n<li>Pad (mm) \u2013 710&#215;355<\/li>\n<li>Presi\u00f3n en el cepillo (kg) \u2013 40-45<\/li>\n<li>Autonom\u00eda de hasta (h) \u2013 3<\/li>\n<li>Dimensiones de la m\u00e1quina (l x h x a) (mm) \u2013 1390x1055x885<\/li>\n<li>Anchura boquilla de aspiraci\u00f3n (mm) \u2013 885<\/li>\n<li>Peso m\u00e1quina en trabajo (kg) \u2013 386<\/li>\n<\/ul>\n<p>&nbsp;<\/p>\n<p><em><strong>Datos t\u00e9cnicos VEGA 70BTS<\/strong><\/em><\/p>\n<ul>\n<li>Productividad te\u00f3rica (hasta m2\/h) \u2013 2752<\/li>\n<li>Pista de fregado (mm) \u2013 640<\/li>\n<li>Cepillos cantidad y tipo \u2013 2 Cil\u00edndricas<\/li>\n<li>Cepillos (mm) \u2013 180-615<\/li>\n<li>Presi\u00f3n en el cepillo (kg) \u2013 40-53<\/li>\n<li>Autonom\u00eda de hasta (h) \u2013 3<\/li>\n<li>Dimensiones de la m\u00e1quina (l x h x a) (mm) \u2013 1475x1055x885<\/li>\n<li>Anchura boquilla de aspiraci\u00f3n (mm) \u2013 885<\/li>\n<li>Peso m\u00e1quina en trabajo (kg) \u2013 394<\/li>\n<\/ul>\n<p>&nbsp;<\/p>\n<p><em><strong>Datos t\u00e9cnicos VEGA 75BT<\/strong><\/em><\/p>\n<ul>\n<li>Productividad te\u00f3rica (hasta m2\/h) \u2013 3289<\/li>\n<li>Pista de fregado (mm) \u2013 765<\/li>\n<li>Cepillos cantidad y tipo \u2013 2 Disco<\/li>\n<li>Cepillos (mm) \u2013 400<\/li>\n<li>Presi\u00f3n en el cepillo (kg) \u2013 40-53<\/li>\n<li>Autonom\u00eda de hasta (h) \u2013 3<\/li>\n<li>Dimensiones de la m\u00e1quina (l x h x a) (mm) \u2013 1515x1055x885<\/li>\n<li>Anchura boquilla de aspiraci\u00f3n (mm) \u2013 885<\/li>\n<li>Peso m\u00e1quina en trabajo (kg) \u2013 377<\/li>\n<\/ul>\n<p>&nbsp;<\/p>\n<p><em><strong>Datos t\u00e9cnicos VEGA 85BT<\/strong><\/em><\/p>\n<ul>\n<li>Productividad te\u00f3rica (hasta m2\/h) \u2013 3655<\/li>\n<li>Pista de fregado (mm) \u2013 850<\/li>\n<li>Cepillos cantidad y tipo \u2013 2 Disco<\/li>\n<li>Cepillos (mm) \u2013 440<\/li>\n<li>Presi\u00f3n en el cepillo (kg) \u2013 40-53<\/li>\n<li>Autonom\u00eda de hasta (h) \u2013 3<\/li>\n<li>Dimensiones de la m\u00e1quina (l x h x a) (mm) \u2013 1545x1055x985<\/li>\n<li>Anchura boquilla de aspiraci\u00f3n (mm) \u2013 985<\/li>\n<li>Peso m\u00e1quina en trabajo (kg) \u2013 386<\/li>\n<\/ul>\n<p>&nbsp;<\/p>\n<p>PRECIO VEGA 65BT<\/p>\n<p>Consultar accesorios incluidos en el precio.<\/p>\n","protected":false},"excerpt":{"rendered":"<p>Fregadoras hombre a pie hasta 4.500m2<\/p>\n","protected":false},"featured_media":29983,"comment_status":"open","ping_status":"closed","template":"","meta":[],"product_brand":[],"product_cat":[577,727,988,810,1074],"product_tag":[],"marcas":[916],"certificats":[],"caracteristiques":[],"tipus-productes":[],"zona-aplicacio":[950,949,955,946],"tipus-maquinaria":[],"class_list":{"0":"post-29984","1":"product","2":"type-product","3":"status-publish","4":"has-post-thumbnail","6":"product_cat-maquinas","7":"product_cat-fregadoras-a-pie","8":"product_cat-fregadoras-comac","9":"product_cat-fregadora-es","10":"product_cat-maquina-limpia-suelos","11":"marcas-comac-es","12":"zona-aplicacio-zona-manipulacion-de-alimentos-industria","13":"zona-aplicacio-zona-produccion-y-talleres","14":"zona-aplicacio-zona-sanitaria","15":"zona-aplicacio-zonas-comunes","17":"first","18":"instock","19":"shipping-taxable","20":"purchasable","21":"product-type-simple"},"_links":{"self":[{"href":"https:\/\/dibosch.com\/es\/wp-json\/wp\/v2\/product\/29984","targetHints":{"allow":["GET"]}}],"collection":[{"href":"https:\/\/dibosch.com\/es\/wp-json\/wp\/v2\/product"}],"about":[{"href":"https:\/\/dibosch.com\/es\/wp-json\/wp\/v2\/types\/product"}],"replies":[{"embeddable":true,"href":"https:\/\/dibosch.com\/es\/wp-json\/wp\/v2\/comments?post=29984"}],"wp:featuredmedia":[{"embeddable":true,"href":"https:\/\/dibosch.com\/es\/wp-json\/wp\/v2\/media\/29983"}],"wp:attachment":[{"href":"https:\/\/dibosch.com\/es\/wp-json\/wp\/v2\/media?parent=29984"}],"wp:term":[{"taxonomy":"product_brand","embeddable":true,"href":"https:\/\/dibosch.com\/es\/wp-json\/wp\/v2\/product_brand?post=29984"},{"taxonomy":"product_cat","embeddable":true,"href":"https:\/\/dibosch.com\/es\/wp-json\/wp\/v2\/product_cat?post=29984"},{"taxonomy":"product_tag","embeddable":true,"href":"https:\/\/dibosch.com\/es\/wp-json\/wp\/v2\/product_tag?post=29984"},{"taxonomy":"marcas","embeddable":true,"href":"https:\/\/dibosch.com\/es\/wp-json\/wp\/v2\/marcas?post=29984"},{"taxonomy":"certificats","embeddable":true,"href":"https:\/\/dibosch.com\/es\/wp-json\/wp\/v2\/certificats?post=29984"},{"taxonomy":"caracteristiques","embeddable":true,"href":"https:\/\/dibosch.com\/es\/wp-json\/wp\/v2\/caracteristiques?post=29984"},{"taxonomy":"tipus-productes","embeddable":true,"href":"https:\/\/dibosch.com\/es\/wp-json\/wp\/v2\/tipus-productes?post=29984"},{"taxonomy":"zona-aplicacio","embeddable":true,"href":"https:\/\/dibosch.com\/es\/wp-json\/wp\/v2\/zona-aplicacio?post=29984"},{"taxonomy":"tipus-maquinaria","embeddable":true,"href":"https:\/\/dibosch.com\/es\/wp-json\/wp\/v2\/tipus-maquinaria?post=29984"}],"curies":[{"name":"wp","href":"https:\/\/api.w.org\/{rel}","templated":true}]}}