{"id":30066,"date":"2024-10-04T09:46:49","date_gmt":"2024-10-04T09:46:49","guid":{"rendered":"https:\/\/dibosch.com\/?post_type=product&#038;p=30066"},"modified":"2025-09-24T09:32:01","modified_gmt":"2025-09-24T09:32:01","slug":"fregadoras-vispa-35-comac","status":"publish","type":"product","link":"https:\/\/dibosch.com\/es\/producto\/fregadoras-vispa-35-comac\/","title":{"rendered":"FREGADORAS VISPA 35 &#8211; COMAC"},"content":{"rendered":"<p>El modelo Vispa 35 <a href=\"https:\/\/dibosch.com\/es\/marcas\/comac-es\/\">COMAC<\/a> es la fregadora de pavimentos que ha revolucionado las operaciones de limpieza en ambientes peque\u00f1os y con obst\u00e1culos, ya que es perfecta para sustituir los sistemas de limpieza manuales. De hecho, los pavimentos se lavan, se secan e higienizan de una sola pasada, para que se puedan pisar de inmediato con seguridad.<\/p>\n<p>Concebida para la limpieza de tiendas peque\u00f1as, oficinas, comedores, restaurantes, centros de salud y belleza, peluquer\u00edas, ambulatorios m\u00e9dicos, guarder\u00edas y escuelas, la <a href=\"https:\/\/dibosch.com\/es\/maquinas\/fregadora-es\/fregadora-industrial-pequena\/\">fregadora industrial peque\u00f1a<\/a> Vispa 35 ofrece todas las ventajas de una fregadora de pavimentos profesional con la practicidad y las dimensiones compactas que siempre la han caracterizado.<\/p>\n<p>Ideal para las operaciones de limpieza de mantenimiento de superficies de hasta 1000 m\u00b2.<\/p>\n<p>Est\u00e1 disponible con bater\u00eda y cable en la versi\u00f3n fregadora y con bater\u00eda en la versi\u00f3n barredora.<\/p>\n<p>&nbsp;<\/p>\n<p><strong>Caracter\u00edsticas fregadoras VISPA 35<\/strong><\/p>\n<ul>\n<li>Dos tipos de bancada diferentes para obtener resultados excelentes en cualquier pavimento: con cepillo de disco (B) o cepillos cil\u00edndricos (BS)<\/li>\n<li>La altura y la inclinaci\u00f3n del manillar se regulan para garantizar el m\u00e1ximo confort del operador, incluso durante un uso prolongado<\/li>\n<li>El sistema autom\u00e1tico de registro de la boquilla de aspiraci\u00f3n y del cepillo permite que la m\u00e1quina se adapte autom\u00e1ticamente a cualquier tipo de pavimento<\/li>\n<li>Pista de fregado (mm) \u2013 350<\/li>\n<li>Tanque de recuperaci\u00f3n (l) \u2013 10<\/li>\n<li>Nivel de presi\u00f3n sonora (A) \u2013 &lt;70<\/li>\n<\/ul>\n<p>&nbsp;<\/p>\n<p><em><strong>Datos t\u00e9cnicos VISPA 35E:<\/strong><\/em><\/p>\n<ul>\n<li>Productividad te\u00f3rica (hasta m2\/h) \u2013 1050<\/li>\n<li>Cepillos cantidad y tipo \u2013 1 Disco<\/li>\n<li>Cepillos (mm) \u2013 350<\/li>\n<li>Presi\u00f3n en el cepillo (kg) \u2013 17<\/li>\n<li>Tanque de soluci\u00f3n (l) \u2013 8<\/li>\n<li>Alimentaci\u00f3n\/tracci\u00f3n (V) \u2013 220-230\/semi aut<\/li>\n<li>Autonom\u00eda de hasta (h) \u2013 ilimitada<\/li>\n<li>Dimensiones de la m\u00e1quina (l x h x a) (mm) \u2013 620x1050x440<\/li>\n<li>Anchura boquilla de aspiraci\u00f3n (mm) \u2013 440<\/li>\n<li>Peso m\u00e1quina en trabajo (kg) \u2013 42.7<\/li>\n<\/ul>\n<p>&nbsp;<\/p>\n<p><em><strong>Datos t\u00e9cnicos VISPA 35B:<\/strong><\/em><\/p>\n<ul>\n<li>Productividad te\u00f3rica (hasta m2\/h) \u2013 1050<\/li>\n<li>Cepillos cantidad y tipo \u2013 1 Disco<\/li>\n<li>Cepillos (mm) \u2013 350<\/li>\n<li>Presi\u00f3n en el cepillo (kg) \u2013 20<\/li>\n<li>Tanque de soluci\u00f3n (l) \u2013 10<\/li>\n<li>Alimentaci\u00f3n\/tracci\u00f3n (V) \u2013 12\/semi aut<\/li>\n<li>Autonom\u00eda de hasta (h) \u2013 1<\/li>\n<li>Dimensiones de la m\u00e1quina (l x h x a) (mm) \u2013 682x1018x440<\/li>\n<li>Anchura boquilla de aspiraci\u00f3n (mm) \u2013 440<\/li>\n<li>Peso m\u00e1quina en trabajo (kg) \u2013 77<\/li>\n<\/ul>\n<p>&nbsp;<\/p>\n<p><em><strong>Datos t\u00e9cnicos VISPA 35BS:<\/strong><\/em><\/p>\n<ul>\n<li>Productividad te\u00f3rica (hasta m2\/h) \u2013 1010<\/li>\n<li><\/li>\n<li>Cepillos cantidad y tipo \u2013 2 Cil\u00edndricas<\/li>\n<li>Cepillos (mm) \u2013 110&#215;35-330<\/li>\n<li>Presi\u00f3n en el cepillo (kg) \u2013 14.5<\/li>\n<li>Tanque de soluci\u00f3n (l) \u2013 10<\/li>\n<li>Alimentaci\u00f3n\/tracci\u00f3n (V) \u2013 12\/semi aut<\/li>\n<li>Autonom\u00eda de hasta (h) \u2013 1<\/li>\n<li>Dimensiones de la m\u00e1quina (l x h x a) (mm) \u2013 718x1105x460<\/li>\n<li>Anchura boquilla de aspiraci\u00f3n (mm) \u2013 525<\/li>\n<li>Peso m\u00e1quina en trabajo (kg) \u2013 69<\/li>\n<\/ul>\n<p>&nbsp;<\/p>\n<p>PRECIO VISPA 35E<\/p>\n<p>Consultar accesorios incluidos en el precio.<\/p>\n","protected":false},"excerpt":{"rendered":"<p>Fregadoras hombre a pie hasta 1.000m2<\/p>\n","protected":false},"featured_media":30131,"comment_status":"open","ping_status":"closed","template":"","meta":[],"product_brand":[],"product_cat":[577,1076,727,988,810,1074],"product_tag":[],"marcas":[916],"certificats":[],"caracteristiques":[],"tipus-productes":[],"zona-aplicacio":[944,948,955,946],"tipus-maquinaria":[],"class_list":{"0":"post-30066","1":"product","2":"type-product","3":"status-publish","4":"has-post-thumbnail","6":"product_cat-maquinas","7":"product_cat-fregadora-industrial-pequena","8":"product_cat-fregadoras-a-pie","9":"product_cat-fregadoras-comac","10":"product_cat-fregadora-es","11":"product_cat-maquina-limpia-suelos","12":"marcas-comac-es","13":"zona-aplicacio-zona-cocina","14":"zona-aplicacio-zona-habitaciones","15":"zona-aplicacio-zona-sanitaria","16":"zona-aplicacio-zonas-comunes","18":"first","19":"instock","20":"shipping-taxable","21":"purchasable","22":"product-type-simple"},"_links":{"self":[{"href":"https:\/\/dibosch.com\/es\/wp-json\/wp\/v2\/product\/30066","targetHints":{"allow":["GET"]}}],"collection":[{"href":"https:\/\/dibosch.com\/es\/wp-json\/wp\/v2\/product"}],"about":[{"href":"https:\/\/dibosch.com\/es\/wp-json\/wp\/v2\/types\/product"}],"replies":[{"embeddable":true,"href":"https:\/\/dibosch.com\/es\/wp-json\/wp\/v2\/comments?post=30066"}],"wp:featuredmedia":[{"embeddable":true,"href":"https:\/\/dibosch.com\/es\/wp-json\/wp\/v2\/media\/30131"}],"wp:attachment":[{"href":"https:\/\/dibosch.com\/es\/wp-json\/wp\/v2\/media?parent=30066"}],"wp:term":[{"taxonomy":"product_brand","embeddable":true,"href":"https:\/\/dibosch.com\/es\/wp-json\/wp\/v2\/product_brand?post=30066"},{"taxonomy":"product_cat","embeddable":true,"href":"https:\/\/dibosch.com\/es\/wp-json\/wp\/v2\/product_cat?post=30066"},{"taxonomy":"product_tag","embeddable":true,"href":"https:\/\/dibosch.com\/es\/wp-json\/wp\/v2\/product_tag?post=30066"},{"taxonomy":"marcas","embeddable":true,"href":"https:\/\/dibosch.com\/es\/wp-json\/wp\/v2\/marcas?post=30066"},{"taxonomy":"certificats","embeddable":true,"href":"https:\/\/dibosch.com\/es\/wp-json\/wp\/v2\/certificats?post=30066"},{"taxonomy":"caracteristiques","embeddable":true,"href":"https:\/\/dibosch.com\/es\/wp-json\/wp\/v2\/caracteristiques?post=30066"},{"taxonomy":"tipus-productes","embeddable":true,"href":"https:\/\/dibosch.com\/es\/wp-json\/wp\/v2\/tipus-productes?post=30066"},{"taxonomy":"zona-aplicacio","embeddable":true,"href":"https:\/\/dibosch.com\/es\/wp-json\/wp\/v2\/zona-aplicacio?post=30066"},{"taxonomy":"tipus-maquinaria","embeddable":true,"href":"https:\/\/dibosch.com\/es\/wp-json\/wp\/v2\/tipus-maquinaria?post=30066"}],"curies":[{"name":"wp","href":"https:\/\/api.w.org\/{rel}","templated":true}]}}