{"id":30080,"date":"2024-10-04T12:08:59","date_gmt":"2024-10-04T12:08:59","guid":{"rendered":"https:\/\/dibosch.com\/?post_type=product&#038;p=30080"},"modified":"2025-09-24T09:22:15","modified_gmt":"2025-09-24T09:22:15","slug":"fregadoras-c85-nsc-comac","status":"publish","type":"product","link":"https:\/\/dibosch.com\/es\/producto\/fregadoras-c85-nsc-comac\/","title":{"rendered":"FREGADORAS C85 NSC &#8211; COMAC"},"content":{"rendered":"<p>La C85 Non Stop Cleaning es una <a href=\"https:\/\/dibosch.com\/es\/maquinas\/fregadora-es\/fregadoras-a-bordo\/\">fregadora de pavimentos\u00a0hombre a bordo<\/a> con bater\u00eda, extremadamente innovadora y ecol\u00f3gica porque est\u00e1 dotada de un sistema de filtraci\u00f3n a bordo que permite reutilizar el agua empleada para fregar el pavimento.<\/p>\n<p>C85 NSC de <a href=\"https:\/\/dibosch.com\/es\/marcas\/comac-es\/\">Comac<\/a> forma parte del concepto #comac4water, ya que el agua de fregado se puede reutilizar durante cinco d\u00edas* y reducir as\u00ed su consumo. Adem\u00e1s, el operador se ahorra el esfuerzo de tener que vaciar y llenar repetidamente los tanques de la fregadora de pavimentos.<\/p>\n<p>El sistema con el que est\u00e1 dotada la C85 NSC permite reutilizar el agua a trav\u00e9s de tres fases: en la primera, el agua se utiliza normalmente y se recoge por aspiraci\u00f3n; en la segunda fase, el agua se filtra y se purifica, completando as\u00ed la fase de reciclado del agua. En la tercera fase, el agua vuelve a estar disponible para su uso.<\/p>\n<p>Para responder a las necesidades de limpieza m\u00e1s espec\u00edficas, la versi\u00f3n C85 NSC PREMIUM est\u00e1 dotada de un estadio de filtraci\u00f3n avanzada que permite obtener agua a\u00fan m\u00e1s purificada y, por lo tanto, trabajar con agua clara.<\/p>\n<p><strong>Caracter\u00edsticas fregadoras C85 NSC:<\/strong><\/p>\n<ul>\n<li>NSC &#8211; Non Stop Cleaning es un sistema de reciclado del agua de lavado instalado directamente a bordo de la fregadora de pavimentos<\/li>\n<li>Reducci\u00f3n del impacto medioambiental relacionado con las operaciones de limpieza de pavimentos<\/li>\n<li>Reducci\u00f3n del tiempo improductivo del operador que no tiene que descargar y llenar continuamente los tanques de la fregadora de pavimentos<\/li>\n<li>Reducci\u00f3n de los costes relacionados con el uso de agua limpia<\/li>\n<li>Anchura boquilla de aspiraci\u00f3n (mm) \u2013 1105<\/li>\n<li>Nivel de presi\u00f3n sonora (A) \u2013 &lt;70<\/li>\n<li>Autonom\u00eda de hasta (h) \u2013 4<\/li>\n<li>Tanque de soluci\u00f3n (l) \u2013 300<\/li>\n<li>Alimentaci\u00f3n\/tracci\u00f3n (V) \u2013 36\/aut<\/li>\n<li>Pista de fregado (mm) \u2013 850<\/li>\n<\/ul>\n<p>&nbsp;<\/p>\n<p><em><strong>Datos t\u00e9cnicos C85B NSC:<\/strong><\/em><\/p>\n<ul>\n<li>Productividad te\u00f3rica (hasta m2\/h) \u2013 6800<\/li>\n<li>Cepillos cantidad y tipo \u2013 2 Discos<\/li>\n<li>Cepillos (mm) \u2013 430<\/li>\n<li>Presi\u00f3n en el cepillo (kg) \u2013 150<\/li>\n<li>Dimensiones de la m\u00e1quina (l x h x a) (mm) \u2013 1917x1630x961<\/li>\n<\/ul>\n<p>&nbsp;<\/p>\n<p><em><strong>Datos t\u00e9cnicos C85BS NSC:<\/strong><\/em><\/p>\n<ul>\n<li>Productividad te\u00f3rica (hasta m2\/h) \u2013 5726<\/li>\n<li>Cepillos cantidad y tipo \u2013 2 Cil\u00edndricas<\/li>\n<li>Cepillos (mm) \u2013 210&#215;856<\/li>\n<li>Presi\u00f3n en el cepillo (kg) \u2013 50<\/li>\n<li>Dimensiones de la m\u00e1quina (l x h x a) (mm) \u2013 1920x1630x960<\/li>\n<\/ul>\n<p>&nbsp;<\/p>\n<p>PRECIO C85 NON STOP CLEANING<\/p>\n<p>Consultar accesorios incluidos en el precio.<\/p>\n","protected":false},"excerpt":{"rendered":"<p>Fregadoras hombre a bordo hasta 12.000m2<\/p>\n","protected":false},"featured_media":30322,"comment_status":"open","ping_status":"closed","template":"","meta":[],"product_brand":[],"product_cat":[577,777,988,810,1074],"product_tag":[],"marcas":[916],"certificats":[],"caracteristiques":[],"tipus-productes":[],"zona-aplicacio":[950,949,955,946],"tipus-maquinaria":[],"class_list":{"0":"post-30080","1":"product","2":"type-product","3":"status-publish","4":"has-post-thumbnail","6":"product_cat-maquinas","7":"product_cat-fregadoras-a-bordo","8":"product_cat-fregadoras-comac","9":"product_cat-fregadora-es","10":"product_cat-maquina-limpia-suelos","11":"marcas-comac-es","12":"zona-aplicacio-zona-manipulacion-de-alimentos-industria","13":"zona-aplicacio-zona-produccion-y-talleres","14":"zona-aplicacio-zona-sanitaria","15":"zona-aplicacio-zonas-comunes","17":"first","18":"instock","19":"shipping-taxable","20":"purchasable","21":"product-type-simple"},"_links":{"self":[{"href":"https:\/\/dibosch.com\/es\/wp-json\/wp\/v2\/product\/30080","targetHints":{"allow":["GET"]}}],"collection":[{"href":"https:\/\/dibosch.com\/es\/wp-json\/wp\/v2\/product"}],"about":[{"href":"https:\/\/dibosch.com\/es\/wp-json\/wp\/v2\/types\/product"}],"replies":[{"embeddable":true,"href":"https:\/\/dibosch.com\/es\/wp-json\/wp\/v2\/comments?post=30080"}],"wp:featuredmedia":[{"embeddable":true,"href":"https:\/\/dibosch.com\/es\/wp-json\/wp\/v2\/media\/30322"}],"wp:attachment":[{"href":"https:\/\/dibosch.com\/es\/wp-json\/wp\/v2\/media?parent=30080"}],"wp:term":[{"taxonomy":"product_brand","embeddable":true,"href":"https:\/\/dibosch.com\/es\/wp-json\/wp\/v2\/product_brand?post=30080"},{"taxonomy":"product_cat","embeddable":true,"href":"https:\/\/dibosch.com\/es\/wp-json\/wp\/v2\/product_cat?post=30080"},{"taxonomy":"product_tag","embeddable":true,"href":"https:\/\/dibosch.com\/es\/wp-json\/wp\/v2\/product_tag?post=30080"},{"taxonomy":"marcas","embeddable":true,"href":"https:\/\/dibosch.com\/es\/wp-json\/wp\/v2\/marcas?post=30080"},{"taxonomy":"certificats","embeddable":true,"href":"https:\/\/dibosch.com\/es\/wp-json\/wp\/v2\/certificats?post=30080"},{"taxonomy":"caracteristiques","embeddable":true,"href":"https:\/\/dibosch.com\/es\/wp-json\/wp\/v2\/caracteristiques?post=30080"},{"taxonomy":"tipus-productes","embeddable":true,"href":"https:\/\/dibosch.com\/es\/wp-json\/wp\/v2\/tipus-productes?post=30080"},{"taxonomy":"zona-aplicacio","embeddable":true,"href":"https:\/\/dibosch.com\/es\/wp-json\/wp\/v2\/zona-aplicacio?post=30080"},{"taxonomy":"tipus-maquinaria","embeddable":true,"href":"https:\/\/dibosch.com\/es\/wp-json\/wp\/v2\/tipus-maquinaria?post=30080"}],"curies":[{"name":"wp","href":"https:\/\/api.w.org\/{rel}","templated":true}]}}