{"id":30084,"date":"2024-10-04T12:34:33","date_gmt":"2024-10-04T12:34:33","guid":{"rendered":"https:\/\/dibosch.com\/?post_type=product&#038;p=30084"},"modified":"2025-09-24T09:15:52","modified_gmt":"2025-09-24T09:15:52","slug":"fregadoras-c100-comac","status":"publish","type":"product","link":"https:\/\/dibosch.com\/es\/producto\/fregadoras-c100-comac\/","title":{"rendered":"FREGADORAS C100 &#8211; COMAC"},"content":{"rendered":"<p>La C100 es una <a href=\"https:\/\/dibosch.com\/es\/maquinas\/fregadora-es\/fregadoras-a-bordo\/\">fregadora de pavimentos hombre a bordo<\/a> altamente tecnol\u00f3gica y robusta que forma parte de la gama industrial C de<a href=\"https:\/\/dibosch.com\/es\/marcas\/comac-es\/\"> Comac.<\/a> Caracterizada por un nuevo dise\u00f1o y un esp\u00edritu inteligente, la C100 es una fregadora de pavimentos dotada de la tecnolog\u00eda m\u00e1s innovadora que permite al operador interactuar con la m\u00e1quina para aprovechar al m\u00e1ximo sus funciones con el fin de optimizar los tiempos de intervenci\u00f3n y reducir los costes.<\/p>\n<p>Tecnolog\u00eda innovadora tambi\u00e9n significa excelentes prestaciones, gran potencia y m\u00e1xima seguridad, sin renunciar a la sencillez de uso, para que la C100 sea una fregadora de pavimentos extremadamente vers\u00e1til. Las configuraciones, las opciones y los accesorios opcionales disponibles ofrecen la extraordinaria oportunidad de poder configurar la C100 con la m\u00e1xima flexibilidad para que pueda trabajar en cualquier ambiente y con cualquier condici\u00f3n de suciedad, como en los departamentos de producci\u00f3n, almacenes, centros comerciales, supermercados y centros log\u00edsticos.<\/p>\n<p>Gracias a la perfecta combinaci\u00f3n de productividad, prestaciones y fiabilidad, la C100 es apta para la limpieza de mantenimiento y profunda, incluso de las suciedades m\u00e1s dif\u00edciles en medianas y grandes superficies de hasta 16000 m2.<\/p>\n<p>&nbsp;<\/p>\n<p><strong>Caracter\u00edsticas fregadoras C85:<\/strong><\/p>\n<ul>\n<li>Conducci\u00f3n intuitiva y mandos sencillos tanto en la configuraci\u00f3n Essential como en la Bright<\/li>\n<li>Posici\u00f3n de trabajo elevada y descentrada para aumentar la visibilidad durante las operaciones de limpieza<\/li>\n<li>El volante, el pedal de marcha de nueva generaci\u00f3n y el asiento con apoyabrazos superconfortables garantizan el m\u00e1ximo confort para el operador, incluso cuando se utiliza la fregadora de pavimentos durante mucho tiempo<\/li>\n<\/ul>\n<p>&nbsp;<\/p>\n<p><em><strong>Datos t\u00e9cnicos C100B:<\/strong><\/em><\/p>\n<ul>\n<li>Productividad te\u00f3rica (hasta m2\/h) \u2013 8000<\/li>\n<li>Pista de fregado (mm) \u2013 1000<\/li>\n<li>Cepillos cantidad y tipo \u2013 2 Discos<\/li>\n<li>Cepillos (mm) \u2013 510<\/li>\n<li>Presi\u00f3n en el cepillo (kg) \u2013 150<\/li>\n<li>Tanque de soluci\u00f3n (l) \u2013 230<\/li>\n<li>Tanque de recuperaci\u00f3n (l) \u2013 240<\/li>\n<li>Alimentaci\u00f3n\/tracci\u00f3n (V) \u2013 36\/aut<\/li>\n<li>Autonom\u00eda de hasta (h) \u2013 4<\/li>\n<li>Dimensiones de la m\u00e1quina (l x h x a) (mm) \u2013 1917x1730x1095<\/li>\n<li>Anchura boquilla de aspiraci\u00f3n (mm) \u2013 1305<\/li>\n<li>Peso m\u00e1quina en trabajo (kg) \u2013 1216<\/li>\n<li>Nivel de presi\u00f3n sonora (A) \u2013 &lt;70<\/li>\n<\/ul>\n<p>&nbsp;<\/p>\n<p><em><strong>Datos t\u00e9cnicos C100BS:<\/strong><\/em><\/p>\n<ul>\n<li>Productividad te\u00f3rica (hasta m2\/h) \u2013 8000<\/li>\n<li>Pista de fregado (mm) \u2013 1000<\/li>\n<li>Cepillos cantidad y tipo \u2013 2 Cil\u00edndricas<\/li>\n<li>Cepillos (mm) \u2013 210&#215;1006<\/li>\n<li>Presi\u00f3n en el cepillo (kg) \u2013 60<\/li>\n<li>Tanque de soluci\u00f3n (l) \u2013 230<\/li>\n<li>Tanque de recuperaci\u00f3n (l) \u2013 240<\/li>\n<li>Alimentaci\u00f3n\/tracci\u00f3n (V) \u2013 36\/aut<\/li>\n<li>Autonom\u00eda de hasta (h) \u2013 4<\/li>\n<li>Dimensiones de la m\u00e1quina (l x h x a) (mm) \u2013 1917x1730x1095<\/li>\n<li>Anchura boquilla de aspiraci\u00f3n (mm) \u2013 1305<\/li>\n<li>Peso m\u00e1quina en trabajo (kg) \u2013 1366<\/li>\n<li>Nivel de presi\u00f3n sonora (A) \u2013 &lt;70<\/li>\n<\/ul>\n<p>&nbsp;<\/p>\n<p>&nbsp;<\/p>\n<div data-olk-copy-source=\"MailCompose\">PRECIO C100B ESSENTIAL<\/div>\n<div>Consultar accesorios incluidos en el precio.<\/div>\n","protected":false},"excerpt":{"rendered":"<p>Fregadoras hombre a bordo hasta 16.000m2<\/p>\n","protected":false},"featured_media":30330,"comment_status":"open","ping_status":"closed","template":"","meta":[],"product_brand":[],"product_cat":[577,777,988,810,1074],"product_tag":[],"marcas":[916],"certificats":[],"caracteristiques":[],"tipus-productes":[],"zona-aplicacio":[950,949,946],"tipus-maquinaria":[],"class_list":{"0":"post-30084","1":"product","2":"type-product","3":"status-publish","4":"has-post-thumbnail","6":"product_cat-maquinas","7":"product_cat-fregadoras-a-bordo","8":"product_cat-fregadoras-comac","9":"product_cat-fregadora-es","10":"product_cat-maquina-limpia-suelos","11":"marcas-comac-es","12":"zona-aplicacio-zona-manipulacion-de-alimentos-industria","13":"zona-aplicacio-zona-produccion-y-talleres","14":"zona-aplicacio-zonas-comunes","16":"first","17":"instock","18":"shipping-taxable","19":"purchasable","20":"product-type-simple"},"_links":{"self":[{"href":"https:\/\/dibosch.com\/es\/wp-json\/wp\/v2\/product\/30084","targetHints":{"allow":["GET"]}}],"collection":[{"href":"https:\/\/dibosch.com\/es\/wp-json\/wp\/v2\/product"}],"about":[{"href":"https:\/\/dibosch.com\/es\/wp-json\/wp\/v2\/types\/product"}],"replies":[{"embeddable":true,"href":"https:\/\/dibosch.com\/es\/wp-json\/wp\/v2\/comments?post=30084"}],"wp:featuredmedia":[{"embeddable":true,"href":"https:\/\/dibosch.com\/es\/wp-json\/wp\/v2\/media\/30330"}],"wp:attachment":[{"href":"https:\/\/dibosch.com\/es\/wp-json\/wp\/v2\/media?parent=30084"}],"wp:term":[{"taxonomy":"product_brand","embeddable":true,"href":"https:\/\/dibosch.com\/es\/wp-json\/wp\/v2\/product_brand?post=30084"},{"taxonomy":"product_cat","embeddable":true,"href":"https:\/\/dibosch.com\/es\/wp-json\/wp\/v2\/product_cat?post=30084"},{"taxonomy":"product_tag","embeddable":true,"href":"https:\/\/dibosch.com\/es\/wp-json\/wp\/v2\/product_tag?post=30084"},{"taxonomy":"marcas","embeddable":true,"href":"https:\/\/dibosch.com\/es\/wp-json\/wp\/v2\/marcas?post=30084"},{"taxonomy":"certificats","embeddable":true,"href":"https:\/\/dibosch.com\/es\/wp-json\/wp\/v2\/certificats?post=30084"},{"taxonomy":"caracteristiques","embeddable":true,"href":"https:\/\/dibosch.com\/es\/wp-json\/wp\/v2\/caracteristiques?post=30084"},{"taxonomy":"tipus-productes","embeddable":true,"href":"https:\/\/dibosch.com\/es\/wp-json\/wp\/v2\/tipus-productes?post=30084"},{"taxonomy":"zona-aplicacio","embeddable":true,"href":"https:\/\/dibosch.com\/es\/wp-json\/wp\/v2\/zona-aplicacio?post=30084"},{"taxonomy":"tipus-maquinaria","embeddable":true,"href":"https:\/\/dibosch.com\/es\/wp-json\/wp\/v2\/tipus-maquinaria?post=30084"}],"curies":[{"name":"wp","href":"https:\/\/api.w.org\/{rel}","templated":true}]}}