{"id":30090,"date":"2024-10-04T14:02:05","date_gmt":"2024-10-04T14:02:05","guid":{"rendered":"https:\/\/dibosch.com\/?post_type=product&#038;p=30090"},"modified":"2025-09-24T09:21:05","modified_gmt":"2025-09-24T09:21:05","slug":"fregadoras-c130-comac","status":"publish","type":"product","link":"https:\/\/dibosch.com\/es\/producto\/fregadoras-c130-comac\/","title":{"rendered":"FREGADORAS C130 &#8211; COMAC"},"content":{"rendered":"<p>La C130 es una potente <a href=\"https:\/\/dibosch.com\/es\/maquinas\/fregadora-es\/fregadoras-a-bordo\/\">fregadora\u00a0de pavimentos industrial hombre a bordo<\/a>, concebida para la limpieza de grandes superficies en ambientes como aeropuertos, estaciones de tren, aparcamientos, centros log\u00edsticos y de almacenaje, f\u00e1bricas y centros comerciales.<\/p>\n<p>La C130 de <a href=\"https:\/\/dibosch.com\/es\/marcas\/comac-es\/\">Comac<\/a> friega y barre a la vez, garantizando prestaciones extraordinarias de una sola pasada: una sola m\u00e1quina para fregar en profundidad y recoger peque\u00f1os detritos. Adem\u00e1s, la estructura presenta un dise\u00f1o muy funcional y est\u00e1 construida con materiales robustos que garantizan su fiabilidad a lo largo del tiempo. Toda la potencia de la C130 se concentra en su pantalla t\u00e1ctil a color de 7\u201d, que hace que su uso sea muy intuitivo y sencillo, permitiendo al operador interactuar con la m\u00e1quina y seleccionar los programas de trabajo en funci\u00f3n de las necesidades.<\/p>\n<p>Gracias a la perfecta combinaci\u00f3n de productividad, prestaciones y fiabilidad, la C130 es apta para la limpieza de mantenimiento y profunda, incluso de las suciedades m\u00e1s dif\u00edciles en medianas y grandes superficies de hasta 25000 m2.<\/p>\n<p>&nbsp;<\/p>\n<p><strong>Caracter\u00edsticas fregadoras C130:<\/strong><\/p>\n<ul>\n<li>Asiento ergon\u00f3mico con reposabrazos y volante regulables para garantizar una adecuada sujeci\u00f3n de la espalda, permitiendo trabajar m\u00e1s horas sin acusar el cansancio<\/li>\n<li>Puesto de conducci\u00f3n completamente rodeado por el cuerpo de la m\u00e1quina para proteger al operador<\/li>\n<li>Selector de programas de trabajo para seleccionar manualmente el tipo de actividad que se quiera realizar<\/li>\n<li>Productividad te\u00f3rica (hasta m2\/h) \u2013 7800<\/li>\n<li>Pista de fregado (mm) \u2013 1300<\/li>\n<li>Cepillos cantidad y tipo \u2013 4 Disco + 1 Cil\u00edndrica<\/li>\n<li>Cepillos (mm) \u2013343+300&#215;1106<\/li>\n<li>Presi\u00f3n en el cepillo (kg) \u2013 130-180<\/li>\n<li>Tanque de soluci\u00f3n (l) \u2013 300<\/li>\n<li>Tanque de recuperaci\u00f3n (l) \u2013 360<\/li>\n<li>Autonom\u00eda de hasta (h) \u2013 5<\/li>\n<li>Dimensiones de la m\u00e1quina (l x h x a) (mm) \u2013 2355x1807x1486<\/li>\n<li>Anchura boquilla de aspiraci\u00f3n (mm) \u2013 1493<\/li>\n<li>Nivel de presi\u00f3n sonora (A) \u2013 &lt;70<\/li>\n<\/ul>\n<p>&nbsp;<\/p>\n<p><em><strong>Datos t\u00e9cnicos C130BS:<\/strong><\/em><\/p>\n<ul>\n<li>Alimentaci\u00f3n\/tracci\u00f3n (V) \u2013 36\/aut<\/li>\n<li>Peso m\u00e1quina en trabajo (kg) \u2013 2145<\/li>\n<\/ul>\n<p>&nbsp;<\/p>\n<p><em><strong>Datos t\u00e9cnicos C130 DIESEL:<\/strong><\/em><\/p>\n<ul>\n<li>Alimentaci\u00f3n\/tracci\u00f3n (V) \u2013 Di\u00e9sel 36\/aut<\/li>\n<li>Peso m\u00e1quina en trabajo (kg) \u2013 1700<\/li>\n<\/ul>\n<p>&nbsp;<\/p>\n<p><em><strong>Datos t\u00e9cnicos C130 BIFUEL:<\/strong><\/em><\/p>\n<ul>\n<li>Alimentaci\u00f3n\/tracci\u00f3n (V) \u2013 Bifuel GPL 36\/aut<\/li>\n<li>Peso m\u00e1quina en trabajo (kg) \u2013 1695<\/li>\n<\/ul>\n<p>&nbsp;<\/p>\n<p>PRECIO C130 BS<\/p>\n<p>Consultar accesorios incluidos en el precio.<\/p>\n","protected":false},"excerpt":{"rendered":"<p>Fregadoras hombre a bordo hasta 25.000m2<\/p>\n","protected":false},"featured_media":30348,"comment_status":"open","ping_status":"closed","template":"","meta":[],"product_brand":[],"product_cat":[577,777,988,810,1074],"product_tag":[],"marcas":[916],"certificats":[],"caracteristiques":[],"tipus-productes":[],"zona-aplicacio":[950,949,955,946],"tipus-maquinaria":[],"class_list":{"0":"post-30090","1":"product","2":"type-product","3":"status-publish","4":"has-post-thumbnail","6":"product_cat-maquinas","7":"product_cat-fregadoras-a-bordo","8":"product_cat-fregadoras-comac","9":"product_cat-fregadora-es","10":"product_cat-maquina-limpia-suelos","11":"marcas-comac-es","12":"zona-aplicacio-zona-manipulacion-de-alimentos-industria","13":"zona-aplicacio-zona-produccion-y-talleres","14":"zona-aplicacio-zona-sanitaria","15":"zona-aplicacio-zonas-comunes","17":"first","18":"instock","19":"shipping-taxable","20":"purchasable","21":"product-type-simple"},"_links":{"self":[{"href":"https:\/\/dibosch.com\/es\/wp-json\/wp\/v2\/product\/30090","targetHints":{"allow":["GET"]}}],"collection":[{"href":"https:\/\/dibosch.com\/es\/wp-json\/wp\/v2\/product"}],"about":[{"href":"https:\/\/dibosch.com\/es\/wp-json\/wp\/v2\/types\/product"}],"replies":[{"embeddable":true,"href":"https:\/\/dibosch.com\/es\/wp-json\/wp\/v2\/comments?post=30090"}],"wp:featuredmedia":[{"embeddable":true,"href":"https:\/\/dibosch.com\/es\/wp-json\/wp\/v2\/media\/30348"}],"wp:attachment":[{"href":"https:\/\/dibosch.com\/es\/wp-json\/wp\/v2\/media?parent=30090"}],"wp:term":[{"taxonomy":"product_brand","embeddable":true,"href":"https:\/\/dibosch.com\/es\/wp-json\/wp\/v2\/product_brand?post=30090"},{"taxonomy":"product_cat","embeddable":true,"href":"https:\/\/dibosch.com\/es\/wp-json\/wp\/v2\/product_cat?post=30090"},{"taxonomy":"product_tag","embeddable":true,"href":"https:\/\/dibosch.com\/es\/wp-json\/wp\/v2\/product_tag?post=30090"},{"taxonomy":"marcas","embeddable":true,"href":"https:\/\/dibosch.com\/es\/wp-json\/wp\/v2\/marcas?post=30090"},{"taxonomy":"certificats","embeddable":true,"href":"https:\/\/dibosch.com\/es\/wp-json\/wp\/v2\/certificats?post=30090"},{"taxonomy":"caracteristiques","embeddable":true,"href":"https:\/\/dibosch.com\/es\/wp-json\/wp\/v2\/caracteristiques?post=30090"},{"taxonomy":"tipus-productes","embeddable":true,"href":"https:\/\/dibosch.com\/es\/wp-json\/wp\/v2\/tipus-productes?post=30090"},{"taxonomy":"zona-aplicacio","embeddable":true,"href":"https:\/\/dibosch.com\/es\/wp-json\/wp\/v2\/zona-aplicacio?post=30090"},{"taxonomy":"tipus-maquinaria","embeddable":true,"href":"https:\/\/dibosch.com\/es\/wp-json\/wp\/v2\/tipus-maquinaria?post=30090"}],"curies":[{"name":"wp","href":"https:\/\/api.w.org\/{rel}","templated":true}]}}