{"id":30871,"date":"2024-12-04T10:11:04","date_gmt":"2024-12-04T10:11:04","guid":{"rendered":"https:\/\/dibosch.com\/?post_type=product&#038;p=30871"},"modified":"2025-09-24T10:50:20","modified_gmt":"2025-09-24T10:50:20","slug":"vircol-bp1000-induquim","status":"publish","type":"product","link":"https:\/\/dibosch.com\/es\/producto\/vircol-bp1000-induquim\/","title":{"rendered":"VIRCOL BP1000 &#8211; INDUQUIM"},"content":{"rendered":"<p><strong>Caracter\u00edsticas del producto:<\/strong><\/p>\n<p>Producto Bactericida y Viricida, listo al uso, sin diluci\u00f3n, de aplicaci\u00f3n en el \u00e1mbito p\u00fablico y privado, en la industria alimentaria y restauraci\u00f3n colectiva, all\u00ed donde se requiere una alta calidad higi\u00e9nica.<\/p>\n<p>No mancha la ropa ni da\u00f1a las superficies, pero se recomienda probar previamente su compatibilidad con el producto aplic\u00e1ndolo en zonas no visibles.<\/p>\n<p>Se basa en una mezcla de alcoholes y amonio cuaternario.<\/p>\n<p>Se puede aplicar en descansos o intermedios de procesos productivos para evitar contaminaci\u00f3n cruzada.<\/p>\n<p>R\u00e1pida evaporaci\u00f3n. No precisa aclarado.<\/p>\n","protected":false},"excerpt":{"rendered":"<p>Desinfectante limpiador hidroalcoh\u00f3lico de superficies<\/p>\n","protected":false},"featured_media":30870,"comment_status":"open","ping_status":"closed","template":"","meta":[],"product_brand":[],"product_cat":[689,751,694],"product_tag":[],"marcas":[918],"certificats":[],"caracteristiques":[],"tipus-productes":[],"zona-aplicacio":[],"tipus-maquinaria":[],"class_list":{"0":"post-30871","1":"product","2":"type-product","3":"status-publish","4":"has-post-thumbnail","6":"product_cat-productos-de-limpieza","7":"product_cat-desinfectantes-e-higienizados","8":"product_cat-quimicos","9":"marcas-induquim-es","11":"first","12":"instock","13":"shipping-taxable","14":"product-type-simple"},"_links":{"self":[{"href":"https:\/\/dibosch.com\/es\/wp-json\/wp\/v2\/product\/30871","targetHints":{"allow":["GET"]}}],"collection":[{"href":"https:\/\/dibosch.com\/es\/wp-json\/wp\/v2\/product"}],"about":[{"href":"https:\/\/dibosch.com\/es\/wp-json\/wp\/v2\/types\/product"}],"replies":[{"embeddable":true,"href":"https:\/\/dibosch.com\/es\/wp-json\/wp\/v2\/comments?post=30871"}],"wp:featuredmedia":[{"embeddable":true,"href":"https:\/\/dibosch.com\/es\/wp-json\/wp\/v2\/media\/30870"}],"wp:attachment":[{"href":"https:\/\/dibosch.com\/es\/wp-json\/wp\/v2\/media?parent=30871"}],"wp:term":[{"taxonomy":"product_brand","embeddable":true,"href":"https:\/\/dibosch.com\/es\/wp-json\/wp\/v2\/product_brand?post=30871"},{"taxonomy":"product_cat","embeddable":true,"href":"https:\/\/dibosch.com\/es\/wp-json\/wp\/v2\/product_cat?post=30871"},{"taxonomy":"product_tag","embeddable":true,"href":"https:\/\/dibosch.com\/es\/wp-json\/wp\/v2\/product_tag?post=30871"},{"taxonomy":"marcas","embeddable":true,"href":"https:\/\/dibosch.com\/es\/wp-json\/wp\/v2\/marcas?post=30871"},{"taxonomy":"certificats","embeddable":true,"href":"https:\/\/dibosch.com\/es\/wp-json\/wp\/v2\/certificats?post=30871"},{"taxonomy":"caracteristiques","embeddable":true,"href":"https:\/\/dibosch.com\/es\/wp-json\/wp\/v2\/caracteristiques?post=30871"},{"taxonomy":"tipus-productes","embeddable":true,"href":"https:\/\/dibosch.com\/es\/wp-json\/wp\/v2\/tipus-productes?post=30871"},{"taxonomy":"zona-aplicacio","embeddable":true,"href":"https:\/\/dibosch.com\/es\/wp-json\/wp\/v2\/zona-aplicacio?post=30871"},{"taxonomy":"tipus-maquinaria","embeddable":true,"href":"https:\/\/dibosch.com\/es\/wp-json\/wp\/v2\/tipus-maquinaria?post=30871"}],"curies":[{"name":"wp","href":"https:\/\/api.w.org\/{rel}","templated":true}]}}