{"id":30881,"date":"2024-12-05T09:05:37","date_gmt":"2024-12-05T09:05:37","guid":{"rendered":"https:\/\/dibosch.com\/?post_type=product&#038;p=30881"},"modified":"2025-12-01T16:06:03","modified_gmt":"2025-12-01T16:06:03","slug":"ambientador-airin-bamboo-600ml-induquim","status":"publish","type":"product","link":"https:\/\/dibosch.com\/es\/producto\/ambientador-airin-bamboo-600ml-induquim\/","title":{"rendered":"AMBIENTADOR AIRIN BAMBOO 600ml &#8211; INDUQUIM"},"content":{"rendered":"<p><strong>Caracter\u00edsticas del producto:<\/strong><\/p>\n<p>Airin Bamboo es un ambientador desodorizante concentrado con un intenso perfume a bamboo.<\/p>\n<p>Gracias a sus componentes de alta calidad junto con un sistema de nebulizaci\u00f3n de \u00faltima generaci\u00f3n.<\/p>\n<p>Se consigue una combinaci\u00f3n perfecta para ambientar y desodorizar por un largo periodo de tiempo cualquier lugar en que se aplique.<\/p>\n<p>Utilizar el producto puro nebulizado con el dosificador Airin.<\/p>\n<p>Airin proporciona una incre\u00edble nebulizaci\u00f3n del producto. Por ello, el consumo es muy controlado y la ambientaci\u00f3n es muy superior en comparaci\u00f3n con pulverizadores convencionales del mercado<\/p>\n","protected":false},"excerpt":{"rendered":"<p>Ambientador desosorizante concentrado con perfume a bamb\u00fa<\/p>\n","protected":false},"featured_media":35241,"comment_status":"open","ping_status":"closed","template":"","meta":[],"product_brand":[],"product_cat":[694,733,689],"product_tag":[],"marcas":[918],"certificats":[],"caracteristiques":[],"tipus-productes":[],"zona-aplicacio":[],"tipus-maquinaria":[],"class_list":{"0":"post-30881","1":"product","2":"type-product","3":"status-publish","4":"has-post-thumbnail","6":"product_cat-quimicos","7":"product_cat-ambientadores","8":"product_cat-productos-de-limpieza","9":"marcas-induquim-es","11":"first","12":"instock","13":"shipping-taxable","14":"product-type-simple"},"_links":{"self":[{"href":"https:\/\/dibosch.com\/es\/wp-json\/wp\/v2\/product\/30881","targetHints":{"allow":["GET"]}}],"collection":[{"href":"https:\/\/dibosch.com\/es\/wp-json\/wp\/v2\/product"}],"about":[{"href":"https:\/\/dibosch.com\/es\/wp-json\/wp\/v2\/types\/product"}],"replies":[{"embeddable":true,"href":"https:\/\/dibosch.com\/es\/wp-json\/wp\/v2\/comments?post=30881"}],"wp:featuredmedia":[{"embeddable":true,"href":"https:\/\/dibosch.com\/es\/wp-json\/wp\/v2\/media\/35241"}],"wp:attachment":[{"href":"https:\/\/dibosch.com\/es\/wp-json\/wp\/v2\/media?parent=30881"}],"wp:term":[{"taxonomy":"product_brand","embeddable":true,"href":"https:\/\/dibosch.com\/es\/wp-json\/wp\/v2\/product_brand?post=30881"},{"taxonomy":"product_cat","embeddable":true,"href":"https:\/\/dibosch.com\/es\/wp-json\/wp\/v2\/product_cat?post=30881"},{"taxonomy":"product_tag","embeddable":true,"href":"https:\/\/dibosch.com\/es\/wp-json\/wp\/v2\/product_tag?post=30881"},{"taxonomy":"marcas","embeddable":true,"href":"https:\/\/dibosch.com\/es\/wp-json\/wp\/v2\/marcas?post=30881"},{"taxonomy":"certificats","embeddable":true,"href":"https:\/\/dibosch.com\/es\/wp-json\/wp\/v2\/certificats?post=30881"},{"taxonomy":"caracteristiques","embeddable":true,"href":"https:\/\/dibosch.com\/es\/wp-json\/wp\/v2\/caracteristiques?post=30881"},{"taxonomy":"tipus-productes","embeddable":true,"href":"https:\/\/dibosch.com\/es\/wp-json\/wp\/v2\/tipus-productes?post=30881"},{"taxonomy":"zona-aplicacio","embeddable":true,"href":"https:\/\/dibosch.com\/es\/wp-json\/wp\/v2\/zona-aplicacio?post=30881"},{"taxonomy":"tipus-maquinaria","embeddable":true,"href":"https:\/\/dibosch.com\/es\/wp-json\/wp\/v2\/tipus-maquinaria?post=30881"}],"curies":[{"name":"wp","href":"https:\/\/api.w.org\/{rel}","templated":true}]}}