{"id":30902,"date":"2024-12-05T10:21:40","date_gmt":"2024-12-05T10:21:40","guid":{"rendered":"https:\/\/dibosch.com\/?post_type=product&#038;p=30902"},"modified":"2025-02-07T13:53:20","modified_gmt":"2025-02-07T13:53:20","slug":"m-hidrolimpiadora-comac-ci-h40-em-inox-eu-400v-comac","status":"publish","type":"product","link":"https:\/\/dibosch.com\/es\/producto\/m-hidrolimpiadora-comac-ci-h40-em-inox-eu-400v-comac\/","title":{"rendered":"HIDROLIMPIADORA COMAC CI H40 EM INOX EU &#8211; 400V &#8211; COMAC"},"content":{"rendered":"<p><strong>Caracter\u00edsticas del producto:<\/strong><\/p>\n<p>La hidrolimpiadora profesional de agua caliente CI H40 EM INOX se caracteriza por su estructura compacta y por una carrocer\u00eda de acero inoxidable.<\/p>\n<p>Es una m\u00e1quina de alta presi\u00f3n muy manejable gracias a las cuatro grandes ruedas que facilitan el transporte y los desplazamientos.<\/p>\n<p>Equipada con una caldera de acero inoxidable de alto rendimiento alimentada por gasoil, la CI H40 EM INOX puede suministrar agua caliente con una temperatura de hasta 150\u00b0C, por lo que es perfecta para eliminar la suciedad m\u00e1s dif\u00edcil. Aunque, la estructura de acero de esta hidrolimpiadora profesional hace que sea perfecta para utilizarla en entornos dif\u00edciles y en presencia de agentes corrosivos, como en los barcos y en el sector del transporte.<\/p>\n<p>Los componentes y tecnolog\u00edas de la CI H40 EM INOX garantizan excelentes prestaciones y durabilidad, por lo que es la soluci\u00f3n de limpieza perfecta tambi\u00e9n para los sectores de la alimentaci\u00f3n, la artesan\u00eda y la industria.<\/p>\n","protected":false},"excerpt":{"rendered":"<p>Hidrolimpiadora profesional trif\u00e1sica de acero con estructura robusta y compacta<\/p>\n","protected":false},"featured_media":30901,"comment_status":"open","ping_status":"closed","template":"","meta":[],"product_brand":[],"product_cat":[739,577],"product_tag":[],"marcas":[916],"certificats":[],"caracteristiques":[],"tipus-productes":[],"zona-aplicacio":[],"tipus-maquinaria":[],"class_list":{"0":"post-30902","1":"product","2":"type-product","3":"status-publish","4":"has-post-thumbnail","6":"product_cat-hidrolimpiadoras","7":"product_cat-maquinas","8":"marcas-comac-es","10":"first","11":"instock","12":"shipping-taxable","13":"product-type-simple"},"_links":{"self":[{"href":"https:\/\/dibosch.com\/es\/wp-json\/wp\/v2\/product\/30902","targetHints":{"allow":["GET"]}}],"collection":[{"href":"https:\/\/dibosch.com\/es\/wp-json\/wp\/v2\/product"}],"about":[{"href":"https:\/\/dibosch.com\/es\/wp-json\/wp\/v2\/types\/product"}],"replies":[{"embeddable":true,"href":"https:\/\/dibosch.com\/es\/wp-json\/wp\/v2\/comments?post=30902"}],"wp:featuredmedia":[{"embeddable":true,"href":"https:\/\/dibosch.com\/es\/wp-json\/wp\/v2\/media\/30901"}],"wp:attachment":[{"href":"https:\/\/dibosch.com\/es\/wp-json\/wp\/v2\/media?parent=30902"}],"wp:term":[{"taxonomy":"product_brand","embeddable":true,"href":"https:\/\/dibosch.com\/es\/wp-json\/wp\/v2\/product_brand?post=30902"},{"taxonomy":"product_cat","embeddable":true,"href":"https:\/\/dibosch.com\/es\/wp-json\/wp\/v2\/product_cat?post=30902"},{"taxonomy":"product_tag","embeddable":true,"href":"https:\/\/dibosch.com\/es\/wp-json\/wp\/v2\/product_tag?post=30902"},{"taxonomy":"marcas","embeddable":true,"href":"https:\/\/dibosch.com\/es\/wp-json\/wp\/v2\/marcas?post=30902"},{"taxonomy":"certificats","embeddable":true,"href":"https:\/\/dibosch.com\/es\/wp-json\/wp\/v2\/certificats?post=30902"},{"taxonomy":"caracteristiques","embeddable":true,"href":"https:\/\/dibosch.com\/es\/wp-json\/wp\/v2\/caracteristiques?post=30902"},{"taxonomy":"tipus-productes","embeddable":true,"href":"https:\/\/dibosch.com\/es\/wp-json\/wp\/v2\/tipus-productes?post=30902"},{"taxonomy":"zona-aplicacio","embeddable":true,"href":"https:\/\/dibosch.com\/es\/wp-json\/wp\/v2\/zona-aplicacio?post=30902"},{"taxonomy":"tipus-maquinaria","embeddable":true,"href":"https:\/\/dibosch.com\/es\/wp-json\/wp\/v2\/tipus-maquinaria?post=30902"}],"curies":[{"name":"wp","href":"https:\/\/api.w.org\/{rel}","templated":true}]}}