{"id":30907,"date":"2024-12-05T10:34:29","date_gmt":"2024-12-05T10:34:29","guid":{"rendered":"https:\/\/dibosch.com\/?post_type=product&#038;p=30907"},"modified":"2025-02-07T13:53:50","modified_gmt":"2025-02-07T13:53:50","slug":"m-aspirador-zefiro-ev-560-kw4-z22-100l-dt-ds-h-mt-ant-delfin","status":"publish","type":"product","link":"https:\/\/dibosch.com\/es\/producto\/m-aspirador-zefiro-ev-560-kw4-z22-100l-dt-ds-h-mt-ant-delfin\/","title":{"rendered":"ASPIRADOR ZEFIRO EV 560 KW4 Z22 100L DT DS H MT ANT &#8211; DELFIN"},"content":{"rendered":"<p><strong>Caracter\u00edsticas del producto:<\/strong><\/p>\n<p>El aspirador EV AP 560 ha sido dise\u00f1ada para absorber polvos ligeros y limaduras en integraci\u00f3n directa en l\u00edneas de producci\u00f3n.<\/p>\n<p>F\u00e1cil y seguro para la aspiraci\u00f3n de limaduras o virutas muy finas (como las creadas durante el procesamiento de aluminio y pvc), permite aumentar la eficiencia.<\/p>\n<p>El ventilador el\u00e9ctrico con el que est\u00e1 equipado garantiza una prevalencia muy alta, capaz de aspirar con un alto rendimiento que es constante en el tiempo.<\/p>\n<p>El gran filtro de poli\u00e9ster y la capacidad de recolecci\u00f3n de polvo de 160 litros lo convierten en una necesidad real para aquellos que tienen ciclos de producci\u00f3n continuos para mantener la eficiencia o para aquellos que deben eliminar virutas ligeras pero en grandes cantidades durante el procesamiento.<\/p>\n<p>El aspirador se puede suministrar con un brazo de succi\u00f3n ya ensamblado o para la instalaci\u00f3n en plantas de eliminaci\u00f3n de polvo \/ l\u00edneas de producci\u00f3n.<\/p>\n<p>Disponible en versi\u00f3n certificada Atex.<\/p>\n","protected":false},"excerpt":{"rendered":"<p>Aspirador industrial para polvo y limaduras o residuos.<\/p>\n","protected":false},"featured_media":30906,"comment_status":"open","ping_status":"closed","template":"","meta":[],"product_brand":[],"product_cat":[577,1174,1340,1342,1344,1165,1176,1346,578],"product_tag":[],"marcas":[915],"certificats":[],"caracteristiques":[],"tipus-productes":[],"zona-aplicacio":[],"tipus-maquinaria":[],"class_list":{"0":"post-30907","1":"product","2":"type-product","3":"status-publish","4":"has-post-thumbnail","6":"product_cat-maquinas","7":"product_cat-aspirador-industrial-polvo-fino","8":"product_cat-aspirador-industrial-particulas","9":"product_cat-aspirador-industrial-taller","10":"product_cat-aspirador-industrial-trifasico","11":"product_cat-aspirador-de-polvo-liquido-industrial","12":"product_cat-aspirador-industrial-virutas-metalicas","13":"product_cat-aspirador-vertical-industrial","14":"product_cat-aspiradores-industriales","15":"marcas-delfin-es","17":"first","18":"instock","19":"shipping-taxable","20":"product-type-simple"},"_links":{"self":[{"href":"https:\/\/dibosch.com\/es\/wp-json\/wp\/v2\/product\/30907","targetHints":{"allow":["GET"]}}],"collection":[{"href":"https:\/\/dibosch.com\/es\/wp-json\/wp\/v2\/product"}],"about":[{"href":"https:\/\/dibosch.com\/es\/wp-json\/wp\/v2\/types\/product"}],"replies":[{"embeddable":true,"href":"https:\/\/dibosch.com\/es\/wp-json\/wp\/v2\/comments?post=30907"}],"wp:featuredmedia":[{"embeddable":true,"href":"https:\/\/dibosch.com\/es\/wp-json\/wp\/v2\/media\/30906"}],"wp:attachment":[{"href":"https:\/\/dibosch.com\/es\/wp-json\/wp\/v2\/media?parent=30907"}],"wp:term":[{"taxonomy":"product_brand","embeddable":true,"href":"https:\/\/dibosch.com\/es\/wp-json\/wp\/v2\/product_brand?post=30907"},{"taxonomy":"product_cat","embeddable":true,"href":"https:\/\/dibosch.com\/es\/wp-json\/wp\/v2\/product_cat?post=30907"},{"taxonomy":"product_tag","embeddable":true,"href":"https:\/\/dibosch.com\/es\/wp-json\/wp\/v2\/product_tag?post=30907"},{"taxonomy":"marcas","embeddable":true,"href":"https:\/\/dibosch.com\/es\/wp-json\/wp\/v2\/marcas?post=30907"},{"taxonomy":"certificats","embeddable":true,"href":"https:\/\/dibosch.com\/es\/wp-json\/wp\/v2\/certificats?post=30907"},{"taxonomy":"caracteristiques","embeddable":true,"href":"https:\/\/dibosch.com\/es\/wp-json\/wp\/v2\/caracteristiques?post=30907"},{"taxonomy":"tipus-productes","embeddable":true,"href":"https:\/\/dibosch.com\/es\/wp-json\/wp\/v2\/tipus-productes?post=30907"},{"taxonomy":"zona-aplicacio","embeddable":true,"href":"https:\/\/dibosch.com\/es\/wp-json\/wp\/v2\/zona-aplicacio?post=30907"},{"taxonomy":"tipus-maquinaria","embeddable":true,"href":"https:\/\/dibosch.com\/es\/wp-json\/wp\/v2\/tipus-maquinaria?post=30907"}],"curies":[{"name":"wp","href":"https:\/\/api.w.org\/{rel}","templated":true}]}}