{"id":30919,"date":"2024-12-05T10:58:01","date_gmt":"2024-12-05T10:58:01","guid":{"rendered":"https:\/\/dibosch.com\/?post_type=product&#038;p=30919"},"modified":"2025-02-07T13:55:04","modified_gmt":"2025-02-07T13:55:04","slug":"m-aspirador-dm3ellpacd-001-delfin","status":"publish","type":"product","link":"https:\/\/dibosch.com\/es\/producto\/m-aspirador-dm3ellpacd-001-delfin\/","title":{"rendered":"ASPIRADOR DM3ELLPACD-001 &#8211; DELFIN"},"content":{"rendered":"<p><strong>Caracter\u00edsticas del producto:<\/strong><\/p>\n<p>La potencia, la comodidad para la eliminaci\u00f3n de material nocivo recogido y la facilidad de transporte son los puntos fuertes de este aspirador industrial para la extracci\u00f3n de polvo fino.<\/p>\n<p>El sistema de resortes permite que el aspirador sea transportado en cualquier furgoneta est\u00e1ndar, mientras que el sistema de ensacado seguro Endless Bag permite la eliminaci\u00f3n de polvo muy fino o t\u00f3xico, evitando la inhalaci\u00f3n de posibles caladas por parte del operador.<\/p>\n","protected":false},"excerpt":{"rendered":"<p>Aspirador industrial para la recogida segura de polvos finos y t\u00f3xicos.<\/p>\n","protected":false},"featured_media":30918,"comment_status":"open","ping_status":"closed","template":"","meta":[],"product_brand":[],"product_cat":[577,1174,1340,1342,1344,1366,1346,578],"product_tag":[],"marcas":[915],"certificats":[],"caracteristiques":[],"tipus-productes":[],"zona-aplicacio":[],"tipus-maquinaria":[],"class_list":{"0":"post-30919","1":"product","2":"type-product","3":"status-publish","4":"has-post-thumbnail","6":"product_cat-maquinas","7":"product_cat-aspirador-industrial-polvo-fino","8":"product_cat-aspirador-industrial-particulas","9":"product_cat-aspirador-industrial-taller","10":"product_cat-aspirador-industrial-trifasico","11":"product_cat-aspirador-portatil-industrial","12":"product_cat-aspirador-vertical-industrial","13":"product_cat-aspiradores-industriales","14":"marcas-delfin-es","16":"first","17":"instock","18":"shipping-taxable","19":"product-type-simple"},"_links":{"self":[{"href":"https:\/\/dibosch.com\/es\/wp-json\/wp\/v2\/product\/30919","targetHints":{"allow":["GET"]}}],"collection":[{"href":"https:\/\/dibosch.com\/es\/wp-json\/wp\/v2\/product"}],"about":[{"href":"https:\/\/dibosch.com\/es\/wp-json\/wp\/v2\/types\/product"}],"replies":[{"embeddable":true,"href":"https:\/\/dibosch.com\/es\/wp-json\/wp\/v2\/comments?post=30919"}],"wp:featuredmedia":[{"embeddable":true,"href":"https:\/\/dibosch.com\/es\/wp-json\/wp\/v2\/media\/30918"}],"wp:attachment":[{"href":"https:\/\/dibosch.com\/es\/wp-json\/wp\/v2\/media?parent=30919"}],"wp:term":[{"taxonomy":"product_brand","embeddable":true,"href":"https:\/\/dibosch.com\/es\/wp-json\/wp\/v2\/product_brand?post=30919"},{"taxonomy":"product_cat","embeddable":true,"href":"https:\/\/dibosch.com\/es\/wp-json\/wp\/v2\/product_cat?post=30919"},{"taxonomy":"product_tag","embeddable":true,"href":"https:\/\/dibosch.com\/es\/wp-json\/wp\/v2\/product_tag?post=30919"},{"taxonomy":"marcas","embeddable":true,"href":"https:\/\/dibosch.com\/es\/wp-json\/wp\/v2\/marcas?post=30919"},{"taxonomy":"certificats","embeddable":true,"href":"https:\/\/dibosch.com\/es\/wp-json\/wp\/v2\/certificats?post=30919"},{"taxonomy":"caracteristiques","embeddable":true,"href":"https:\/\/dibosch.com\/es\/wp-json\/wp\/v2\/caracteristiques?post=30919"},{"taxonomy":"tipus-productes","embeddable":true,"href":"https:\/\/dibosch.com\/es\/wp-json\/wp\/v2\/tipus-productes?post=30919"},{"taxonomy":"zona-aplicacio","embeddable":true,"href":"https:\/\/dibosch.com\/es\/wp-json\/wp\/v2\/zona-aplicacio?post=30919"},{"taxonomy":"tipus-maquinaria","embeddable":true,"href":"https:\/\/dibosch.com\/es\/wp-json\/wp\/v2\/tipus-maquinaria?post=30919"}],"curies":[{"name":"wp","href":"https:\/\/api.w.org\/{rel}","templated":true}]}}