{"id":30927,"date":"2024-12-05T11:12:38","date_gmt":"2024-12-05T11:12:38","guid":{"rendered":"https:\/\/dibosch.com\/?post_type=product&#038;p=30927"},"modified":"2025-02-07T13:55:59","modified_gmt":"2025-02-07T13:55:59","slug":"m-hidrolimpiadora-comac-ci-c10-comac","status":"publish","type":"product","link":"https:\/\/dibosch.com\/es\/producto\/m-hidrolimpiadora-comac-ci-c10-comac\/","title":{"rendered":"HIDROLIMPIADORA COMAC CI C10 &#8211; COMAC"},"content":{"rendered":"<p><strong>Caracter\u00edstiques del producte:<\/strong><\/p>\n<p>CI C10 \u00e9s una hidrolimpiadora d&#8217;aigua freda de dimensions compactes, per\u00f2 amb unes excel\u00b7lents prestacions. Est\u00e0 dissenyada per a ser pr\u00e0ctica i f\u00e0cil d&#8217;usar, a m\u00e9s de ser manejable i f\u00e0cil de transportar.<\/p>\n<p>El motor d&#8217;inducci\u00f3 de la CI C10 la converteix en una m\u00e0quina d&#8217;alta pressi\u00f3 professional potent i fiable que, a m\u00e9s, \u00e9s silenciosa i, per tant, adequada per a un \u00fas freq\u00fcent.<\/p>\n<p>La CI C10 \u00e9s la hidrolimpiadora ideal per a la neteja de parets, paviments, escales i zones exteriors dels sectors Horeca, Wellness, Esports, Comer\u00e7 Minorista i P\u00fablico. A m\u00e9s, \u00e9s una m\u00e0quina d&#8217;alta pressi\u00f3 en fred perfecta per a les empreses de neteja i, en general, per a eliminar la brut\u00edcia m\u00e9s dif\u00edcil de superf\u00edcies de dimensions mitjanes, d&#8217;uns 40-60 m\u00b2.<\/p>\n","protected":false},"excerpt":{"rendered":"<p>Hidrolimpiadora d&#8217;aigua freda<\/p>\n","protected":false},"featured_media":30926,"comment_status":"open","ping_status":"closed","template":"","meta":[],"product_brand":[],"product_cat":[739,577],"product_tag":[],"marcas":[916],"certificats":[],"caracteristiques":[],"tipus-productes":[],"zona-aplicacio":[],"tipus-maquinaria":[],"class_list":{"0":"post-30927","1":"product","2":"type-product","3":"status-publish","4":"has-post-thumbnail","6":"product_cat-hidrolimpiadoras","7":"product_cat-maquinas","8":"marcas-comac-es","10":"first","11":"instock","12":"shipping-taxable","13":"product-type-simple"},"_links":{"self":[{"href":"https:\/\/dibosch.com\/es\/wp-json\/wp\/v2\/product\/30927","targetHints":{"allow":["GET"]}}],"collection":[{"href":"https:\/\/dibosch.com\/es\/wp-json\/wp\/v2\/product"}],"about":[{"href":"https:\/\/dibosch.com\/es\/wp-json\/wp\/v2\/types\/product"}],"replies":[{"embeddable":true,"href":"https:\/\/dibosch.com\/es\/wp-json\/wp\/v2\/comments?post=30927"}],"wp:featuredmedia":[{"embeddable":true,"href":"https:\/\/dibosch.com\/es\/wp-json\/wp\/v2\/media\/30926"}],"wp:attachment":[{"href":"https:\/\/dibosch.com\/es\/wp-json\/wp\/v2\/media?parent=30927"}],"wp:term":[{"taxonomy":"product_brand","embeddable":true,"href":"https:\/\/dibosch.com\/es\/wp-json\/wp\/v2\/product_brand?post=30927"},{"taxonomy":"product_cat","embeddable":true,"href":"https:\/\/dibosch.com\/es\/wp-json\/wp\/v2\/product_cat?post=30927"},{"taxonomy":"product_tag","embeddable":true,"href":"https:\/\/dibosch.com\/es\/wp-json\/wp\/v2\/product_tag?post=30927"},{"taxonomy":"marcas","embeddable":true,"href":"https:\/\/dibosch.com\/es\/wp-json\/wp\/v2\/marcas?post=30927"},{"taxonomy":"certificats","embeddable":true,"href":"https:\/\/dibosch.com\/es\/wp-json\/wp\/v2\/certificats?post=30927"},{"taxonomy":"caracteristiques","embeddable":true,"href":"https:\/\/dibosch.com\/es\/wp-json\/wp\/v2\/caracteristiques?post=30927"},{"taxonomy":"tipus-productes","embeddable":true,"href":"https:\/\/dibosch.com\/es\/wp-json\/wp\/v2\/tipus-productes?post=30927"},{"taxonomy":"zona-aplicacio","embeddable":true,"href":"https:\/\/dibosch.com\/es\/wp-json\/wp\/v2\/zona-aplicacio?post=30927"},{"taxonomy":"tipus-maquinaria","embeddable":true,"href":"https:\/\/dibosch.com\/es\/wp-json\/wp\/v2\/tipus-maquinaria?post=30927"}],"curies":[{"name":"wp","href":"https:\/\/api.w.org\/{rel}","templated":true}]}}