{"id":31263,"date":"2025-01-23T14:54:41","date_gmt":"2025-01-23T14:54:41","guid":{"rendered":"https:\/\/dibosch.com\/?post_type=product&#038;p=31263"},"modified":"2025-09-24T06:25:17","modified_gmt":"2025-09-24T06:25:17","slug":"autonomous-beetle-gausium","status":"publish","type":"product","link":"https:\/\/dibosch.com\/es\/producto\/autonomous-beetle-gausium\/","title":{"rendered":"AUTONOMOUS BEETLE &#8211; GAUSIUM"},"content":{"rendered":"<p class=\"\" data-start=\"0\" data-end=\"59\"><strong data-start=\"0\" data-end=\"59\">Beetle &#8211; Barredora Industrial Aut\u00f3noma de Alta Potencia<\/strong><\/p>\n<p class=\"\" data-start=\"61\" data-end=\"123\"><strong>Ideal para almacenes, zonas industriales, \u00e1reas productivas, sector log\u00edstico.<\/strong><\/p>\n<p class=\"\" data-start=\"125\" data-end=\"591\">Beetle es la \u00faltima innovaci\u00f3n de <a href=\"https:\/\/dibosch.com\/es\/marcas\/gaussian-es\/\">Gausium<\/a> en robots de limpieza aut\u00f3nomos, dise\u00f1ado espec\u00edficamente para satisfacer las exigentes necesidades de limpieza en entornos industriales. Este robot de limpieza de \u00faltima generaci\u00f3n utiliza inteligencia artificial avanzada y tecnolog\u00eda de mapeo 3D con l\u00e1ser, lo que le permite realizar tareas de limpieza de manera eficiente y fiable, incluso en los entornos m\u00e1s desafiantes como f\u00e1bricas, almacenes y grandes instalaciones.<\/p>\n<div><b data-olk-copy-source=\"MailCompose\">Automatiza la limpieza y optimiza tus recursos<\/b><\/div>\n<div><\/div>\n<div>Los\u00a0<b><a id=\"LPlnk513724\" title=\"https:\/\/dibosch.com\/es\/robots-autonomos\/\" href=\"https:\/\/dibosch.com\/es\/robots-autonomos\/\">robots de limpieza industrial aut\u00f3nomos<\/a><\/b>\u00a0son una soluci\u00f3n eficiente para mantener los espacios productivos limpios con la m\u00e1xima regularidad y el m\u00ednimo consumo de recursos.<br \/>\nDescubre c\u00f3mo la\u00a0<b>automatizaci\u00f3n te ayuda a garantizar la seguridad, ahorrar costes y aumentar la productividad<\/b>, y por qu\u00e9 Dibosch es el\u00a0<b>partner tecnol\u00f3gico ideal<\/b>, con\u00a0<b>servicio t\u00e9cnico propio y m\u00e1s de 5 a\u00f1os de experiencia en soluciones aut\u00f3nomas<\/b>.<\/div>\n<div><\/div>\n<div><\/div>\n<div><b>Explora las ventajas de la\u00a0<a id=\"LPlnk817393\" title=\"https:\/\/dibosch.com\/es\/robots-autonomos\/\" href=\"https:\/\/dibosch.com\/es\/robots-autonomos\/\">automatizaci\u00f3n de la limpieza para tu industria<\/a><\/b><\/div>\n<div><\/div>\n<div><\/div>\n<div><\/div>\n<div><\/div>\n<div><\/div>\n<h3 class=\"\" data-start=\"593\" data-end=\"628\"><strong data-start=\"597\" data-end=\"628\">Caracter\u00edsticas Destacadas:<\/strong><\/h3>\n<p class=\"\" data-start=\"630\" data-end=\"924\"><strong data-start=\"630\" data-end=\"673\">1. Navegaci\u00f3n Precisa con Tecnolog\u00eda 3D<\/strong> Gracias a su sistema de mapeo y localizaci\u00f3n alimentado por un l\u00e1ser 3D, Beetle ofrece una navegaci\u00f3n precisa y fiable en entornos de alta din\u00e1mica o espacios abiertos, asegurando un rendimiento excepcional incluso en condiciones de baja visibilidad.<\/p>\n<p class=\"\" data-start=\"926\" data-end=\"1263\"><strong data-start=\"926\" data-end=\"969\">2. Motor de Aspiraci\u00f3n de Alta Potencia<\/strong> Beetle cuenta con un motor de aspiraci\u00f3n de alta potencia capaz de gestionar una amplia variedad de residuos, desde polvo fino hasta materiales de mayor tama\u00f1o como papel, botellas y virutas de madera. Su potencia garantiza un rendimiento superior en la limpieza de grandes \u00e1reas industriales.<\/p>\n<p class=\"\" data-start=\"1265\" data-end=\"1613\"><strong data-start=\"1265\" data-end=\"1296\">3. Control Eficaz del Polvo<\/strong> El avanzado sistema de control de polvo de Beetle captura eficazmente las part\u00edculas finas, evitando que queden suspendidas en el aire. La presi\u00f3n negativa y el sistema de filtraci\u00f3n de alta calidad aseguran que el polvo se retenga de forma segura en el cubo de basura, ofreciendo un ambiente m\u00e1s saludable y limpio.<\/p>\n<p class=\"\" data-start=\"1615\" data-end=\"1896\"><strong data-start=\"1615\" data-end=\"1642\">4. Maniobrabilidad \u00c1gil<\/strong> Con un clearance de 750 mm (29.5 pulgadas), Beetle puede navegar de forma \u00e1gil a trav\u00e9s de pasillos estrechos y espacios reducidos, optimizando el espacio en instalaciones industriales y garantizando una limpieza eficiente en zonas dif\u00edciles de acceder.<\/p>\n<p class=\"\" data-start=\"1898\" data-end=\"2150\"><strong data-start=\"1898\" data-end=\"1940\">5. Limpieza de Bordes a Distancia Cero<\/strong> Gracias a su dise\u00f1o avanzado, Beetle realiza una limpieza de bordes a distancia cero, garantizando que no quede ning\u00fan residuo en las esquinas y proporcionando un acabado de limpieza impecable en toda el \u00e1rea.<\/p>\n<p class=\"\" data-start=\"2152\" data-end=\"2490\"><strong data-start=\"2152\" data-end=\"2216\">6. Soluci\u00f3n AutoPass para Integraci\u00f3n con Puertas Correderas<\/strong> La soluci\u00f3n AutoPass de Gausium permite que Beetle se integre de manera perfecta con las puertas correderas de los almacenes. Esto permite un paso aut\u00f3nomo de las puertas, asegurando un funcionamiento ininterrumpido y una mayor productividad durante las tareas de limpieza.<\/p>\n<p class=\"\" data-start=\"2492\" data-end=\"2842\"><strong data-start=\"2492\" data-end=\"2522\">7. Productividad sin Rival<\/strong> El modo de limpieza puntual y la tecnolog\u00eda avanzada de detecci\u00f3n de residuos mediante c\u00e1maras RGB y algoritmos de IA, permiten a Beetle aumentar la eficiencia de la limpieza hasta en un 400%. Este robot puede cubrir m\u00e1s de 40,000 m\u00b2 en una sola noche, reduciendo significativamente la necesidad de mano de obra manual.<\/p>\n<p class=\"\" data-start=\"2844\" data-end=\"3228\"><strong data-start=\"2844\" data-end=\"2904\">8. Resistencia Ultradelgada para Operaciones Prolongadas<\/strong> Beetle est\u00e1 equipado con una bater\u00eda de larga duraci\u00f3n (4-8 horas de funcionamiento) y un cubo de basura de 45L, lo que le permite gestionar tareas de limpieza durante largos periodos sin necesidad de vaciar ni recargar con frecuencia. Su estaci\u00f3n de carga aut\u00f3noma garantiza que Beetle est\u00e9 siempre listo para operar 24\/7.<\/p>\n<h3 class=\"\" data-start=\"3230\" data-end=\"3264\"><strong data-start=\"3234\" data-end=\"3264\">Especificaciones T\u00e9cnicas:<\/strong><\/h3>\n<ul data-start=\"3265\" data-end=\"3758\">\n<li class=\"\" data-start=\"3265\" data-end=\"3354\">\n<p class=\"\" data-start=\"3267\" data-end=\"3354\"><strong data-start=\"3267\" data-end=\"3290\">Motor de Aspiraci\u00f3n<\/strong>: Alta potencia, ideal para residuos finos y materiales grandes.<\/p>\n<\/li>\n<li class=\"\" data-start=\"3355\" data-end=\"3406\">\n<p class=\"\" data-start=\"3357\" data-end=\"3406\"><strong data-start=\"3357\" data-end=\"3382\">Capacidad de Residuos<\/strong>: Cubo de basura de 45L.<\/p>\n<\/li>\n<li class=\"\" data-start=\"3407\" data-end=\"3447\">\n<p class=\"\" data-start=\"3409\" data-end=\"3447\"><strong data-start=\"3409\" data-end=\"3435\">Duraci\u00f3n de la Bater\u00eda<\/strong>: 4-8 horas.<\/p>\n<\/li>\n<li class=\"\" data-start=\"3448\" data-end=\"3520\">\n<p class=\"\" data-start=\"3450\" data-end=\"3520\"><strong data-start=\"3450\" data-end=\"3475\">Sistema de Navegaci\u00f3n<\/strong>: L\u00e1ser 3D para mapeo y localizaci\u00f3n precisa.<\/p>\n<\/li>\n<li class=\"\" data-start=\"3521\" data-end=\"3628\">\n<p class=\"\" data-start=\"3523\" data-end=\"3628\"><strong data-start=\"3523\" data-end=\"3544\">Modos de Limpieza<\/strong>: Incluye modo de limpieza puntual y funci\u00f3n de limpieza de bordes a distancia cero.<\/p>\n<\/li>\n<li class=\"\" data-start=\"3629\" data-end=\"3703\">\n<p class=\"\" data-start=\"3631\" data-end=\"3703\"><strong data-start=\"3631\" data-end=\"3655\">Integraci\u00f3n AutoPass<\/strong>: Compatible con puertas correderas autom\u00e1ticas.<\/p>\n<\/li>\n<li class=\"\" data-start=\"3704\" data-end=\"3755\">\n<p class=\"\" data-start=\"3706\" data-end=\"3755\"><strong data-start=\"3706\" data-end=\"3727\">\u00c1rea de Cobertura<\/strong>: Hasta 40,000 m\u00b2 por noche.<\/p>\n<\/li>\n<\/ul>\n<p>&nbsp;<\/p>\n<p class=\"\" data-start=\"3759\" data-end=\"4067\"><strong data-start=\"3759\" data-end=\"3769\">Beetle<\/strong> es la soluci\u00f3n definitiva para optimizar la limpieza industrial en entornos complejos. Con su alta autonom\u00eda, capacidad de navegaci\u00f3n avanzada y control eficaz del polvo, este robot aut\u00f3nomo proporciona una limpieza de calidad superior mientras reduce costes operativos y aumenta la productividad.<\/p>\n","protected":false},"excerpt":{"rendered":"<p>Barredora industrial aut\u00f3noma de alta resistencia<\/p>\n","protected":false},"featured_media":31254,"comment_status":"open","ping_status":"closed","template":"","meta":[],"product_brand":[],"product_cat":[1340,1342,1344,1366,1346,1122,1068,811,577,912],"product_tag":[],"marcas":[1064],"certificats":[],"caracteristiques":[],"tipus-productes":[942],"zona-aplicacio":[950,949],"tipus-maquinaria":[],"class_list":{"0":"post-31263","1":"product","2":"type-product","3":"status-publish","4":"has-post-thumbnail","6":"product_cat-aspirador-industrial-particulas","7":"product_cat-aspirador-industrial-taller","8":"product_cat-aspirador-industrial-trifasico","9":"product_cat-aspirador-portatil-industrial","10":"product_cat-aspirador-vertical-industrial","11":"product_cat-barredora-autonoma","12":"product_cat-barredoras-gausium","13":"product_cat-barredora","14":"product_cat-maquinas","15":"product_cat-robots-industriales-de-limpieza","16":"marcas-gaussian-es","17":"tipus-productes-novedad-es","18":"zona-aplicacio-zona-manipulacion-de-alimentos-industria","19":"zona-aplicacio-zona-produccion-y-talleres","21":"first","22":"instock","23":"shipping-taxable","24":"product-type-simple"},"_links":{"self":[{"href":"https:\/\/dibosch.com\/es\/wp-json\/wp\/v2\/product\/31263","targetHints":{"allow":["GET"]}}],"collection":[{"href":"https:\/\/dibosch.com\/es\/wp-json\/wp\/v2\/product"}],"about":[{"href":"https:\/\/dibosch.com\/es\/wp-json\/wp\/v2\/types\/product"}],"replies":[{"embeddable":true,"href":"https:\/\/dibosch.com\/es\/wp-json\/wp\/v2\/comments?post=31263"}],"wp:featuredmedia":[{"embeddable":true,"href":"https:\/\/dibosch.com\/es\/wp-json\/wp\/v2\/media\/31254"}],"wp:attachment":[{"href":"https:\/\/dibosch.com\/es\/wp-json\/wp\/v2\/media?parent=31263"}],"wp:term":[{"taxonomy":"product_brand","embeddable":true,"href":"https:\/\/dibosch.com\/es\/wp-json\/wp\/v2\/product_brand?post=31263"},{"taxonomy":"product_cat","embeddable":true,"href":"https:\/\/dibosch.com\/es\/wp-json\/wp\/v2\/product_cat?post=31263"},{"taxonomy":"product_tag","embeddable":true,"href":"https:\/\/dibosch.com\/es\/wp-json\/wp\/v2\/product_tag?post=31263"},{"taxonomy":"marcas","embeddable":true,"href":"https:\/\/dibosch.com\/es\/wp-json\/wp\/v2\/marcas?post=31263"},{"taxonomy":"certificats","embeddable":true,"href":"https:\/\/dibosch.com\/es\/wp-json\/wp\/v2\/certificats?post=31263"},{"taxonomy":"caracteristiques","embeddable":true,"href":"https:\/\/dibosch.com\/es\/wp-json\/wp\/v2\/caracteristiques?post=31263"},{"taxonomy":"tipus-productes","embeddable":true,"href":"https:\/\/dibosch.com\/es\/wp-json\/wp\/v2\/tipus-productes?post=31263"},{"taxonomy":"zona-aplicacio","embeddable":true,"href":"https:\/\/dibosch.com\/es\/wp-json\/wp\/v2\/zona-aplicacio?post=31263"},{"taxonomy":"tipus-maquinaria","embeddable":true,"href":"https:\/\/dibosch.com\/es\/wp-json\/wp\/v2\/tipus-maquinaria?post=31263"}],"curies":[{"name":"wp","href":"https:\/\/api.w.org\/{rel}","templated":true}]}}