{"id":32330,"date":"2025-04-01T12:59:28","date_gmt":"2025-04-01T12:59:28","guid":{"rendered":"https:\/\/dibosch.com\/?post_type=product&#038;p=32330"},"modified":"2025-04-01T13:01:28","modified_gmt":"2025-04-01T13:01:28","slug":"soporte-limpiacristales-lampo-25cm-00008390yl-tts","status":"publish","type":"product","link":"https:\/\/dibosch.com\/es\/producto\/soporte-limpiacristales-lampo-25cm-00008390yl-tts\/","title":{"rendered":"SOPORTE LIMPIACRISTALES LAMPO 25cm 00008390YL &#8211; TTS"},"content":{"rendered":"<p><strong>Caracter\u00edsticas del producto:<\/strong><\/p>\n<p>Soporte mojador Astro<\/p>\n<p>Soporte fijo de polipropileno con conexi\u00f3n sistema Lampo<\/p>\n<p>Eficiente: el soporte est\u00e1 equipado con celdas de dep\u00f3sito especiales que incrementan la autonom\u00eda de fregado<\/p>\n<p>Ergon\u00f3mico: la forma de la empu\u00f1adura est\u00e1 dise\u00f1ada para garantizar la m\u00e1xima ergonom\u00eda<\/p>\n<p>Seguro: permanece firmemente fijado a la asta durante el uso, evitando el desenganche accidental<\/p>\n","protected":false},"excerpt":{"rendered":"<p>Soporte mojador Astro<\/p>\n","protected":false},"featured_media":32329,"comment_status":"closed","ping_status":"closed","template":"","meta":[],"product_brand":[],"product_cat":[752,713,684],"product_tag":[],"marcas":[917],"certificats":[],"caracteristiques":[],"tipus-productes":[],"zona-aplicacio":[],"tipus-maquinaria":[],"class_list":{"0":"post-32330","1":"product","2":"type-product","3":"status-publish","4":"has-post-thumbnail","6":"product_cat-limpieza-cristales","7":"product_cat-utensilios","8":"product_cat-utiles-de-limpieza","9":"marcas-tts-es","11":"first","12":"instock","13":"shipping-taxable","14":"product-type-simple"},"_links":{"self":[{"href":"https:\/\/dibosch.com\/es\/wp-json\/wp\/v2\/product\/32330","targetHints":{"allow":["GET"]}}],"collection":[{"href":"https:\/\/dibosch.com\/es\/wp-json\/wp\/v2\/product"}],"about":[{"href":"https:\/\/dibosch.com\/es\/wp-json\/wp\/v2\/types\/product"}],"replies":[{"embeddable":true,"href":"https:\/\/dibosch.com\/es\/wp-json\/wp\/v2\/comments?post=32330"}],"wp:featuredmedia":[{"embeddable":true,"href":"https:\/\/dibosch.com\/es\/wp-json\/wp\/v2\/media\/32329"}],"wp:attachment":[{"href":"https:\/\/dibosch.com\/es\/wp-json\/wp\/v2\/media?parent=32330"}],"wp:term":[{"taxonomy":"product_brand","embeddable":true,"href":"https:\/\/dibosch.com\/es\/wp-json\/wp\/v2\/product_brand?post=32330"},{"taxonomy":"product_cat","embeddable":true,"href":"https:\/\/dibosch.com\/es\/wp-json\/wp\/v2\/product_cat?post=32330"},{"taxonomy":"product_tag","embeddable":true,"href":"https:\/\/dibosch.com\/es\/wp-json\/wp\/v2\/product_tag?post=32330"},{"taxonomy":"marcas","embeddable":true,"href":"https:\/\/dibosch.com\/es\/wp-json\/wp\/v2\/marcas?post=32330"},{"taxonomy":"certificats","embeddable":true,"href":"https:\/\/dibosch.com\/es\/wp-json\/wp\/v2\/certificats?post=32330"},{"taxonomy":"caracteristiques","embeddable":true,"href":"https:\/\/dibosch.com\/es\/wp-json\/wp\/v2\/caracteristiques?post=32330"},{"taxonomy":"tipus-productes","embeddable":true,"href":"https:\/\/dibosch.com\/es\/wp-json\/wp\/v2\/tipus-productes?post=32330"},{"taxonomy":"zona-aplicacio","embeddable":true,"href":"https:\/\/dibosch.com\/es\/wp-json\/wp\/v2\/zona-aplicacio?post=32330"},{"taxonomy":"tipus-maquinaria","embeddable":true,"href":"https:\/\/dibosch.com\/es\/wp-json\/wp\/v2\/tipus-maquinaria?post=32330"}],"curies":[{"name":"wp","href":"https:\/\/api.w.org\/{rel}","templated":true}]}}