{"id":32362,"date":"2025-04-02T07:44:33","date_gmt":"2025-04-02T07:44:33","guid":{"rendered":"https:\/\/dibosch.com\/?post_type=product&#038;p=32362"},"modified":"2025-04-02T07:45:17","modified_gmt":"2025-04-02T07:45:17","slug":"palo-telescopico-2x200cm-lampo-00008512ym-tts","status":"publish","type":"product","link":"https:\/\/dibosch.com\/es\/producto\/palo-telescopico-2x200cm-lampo-00008512ym-tts\/","title":{"rendered":"PALO TELESCOPICO 2x200cm LAMPO 00008512YM &#8211; TTS"},"content":{"rendered":"<p><strong>Caracter\u00edsticas del producto:<\/strong><\/p>\n<p>Mango telesc\u00f3pico de aluminio con agujero y adaptador Jack Lampo &#8211; 2 piezas<\/p>\n<p>Larga duraci\u00f3n: material inoxidable, garantiza una larga vida del producto<\/p>\n<p>Asta telesc\u00f3pica para alcanzar alturas<\/p>\n<p>Ideal para la limpieza exterior y para alturas<\/p>\n<p>Manejable: el aluminio lo hace ligero<\/p>\n<p>Ergon\u00f3mico: gracias al di\u00e1metro de la empu\u00f1adura dise\u00f1ado para reducir el esfuerzo del operario y evitar el dolor en la mano<\/p>\n","protected":false},"excerpt":{"rendered":"<p>Palo telesc\u00f3pico de aluminio<\/p>\n","protected":false},"featured_media":32361,"comment_status":"closed","ping_status":"closed","template":"","meta":[],"product_brand":[],"product_cat":[742,713,684],"product_tag":[],"marcas":[917],"certificats":[],"caracteristiques":[],"tipus-productes":[],"zona-aplicacio":[],"tipus-maquinaria":[],"class_list":{"0":"post-32362","1":"product","2":"type-product","3":"status-publish","4":"has-post-thumbnail","6":"product_cat-mastiles","7":"product_cat-utensilios","8":"product_cat-utiles-de-limpieza","9":"marcas-tts-es","11":"first","12":"instock","13":"shipping-taxable","14":"product-type-simple"},"_links":{"self":[{"href":"https:\/\/dibosch.com\/es\/wp-json\/wp\/v2\/product\/32362","targetHints":{"allow":["GET"]}}],"collection":[{"href":"https:\/\/dibosch.com\/es\/wp-json\/wp\/v2\/product"}],"about":[{"href":"https:\/\/dibosch.com\/es\/wp-json\/wp\/v2\/types\/product"}],"replies":[{"embeddable":true,"href":"https:\/\/dibosch.com\/es\/wp-json\/wp\/v2\/comments?post=32362"}],"wp:featuredmedia":[{"embeddable":true,"href":"https:\/\/dibosch.com\/es\/wp-json\/wp\/v2\/media\/32361"}],"wp:attachment":[{"href":"https:\/\/dibosch.com\/es\/wp-json\/wp\/v2\/media?parent=32362"}],"wp:term":[{"taxonomy":"product_brand","embeddable":true,"href":"https:\/\/dibosch.com\/es\/wp-json\/wp\/v2\/product_brand?post=32362"},{"taxonomy":"product_cat","embeddable":true,"href":"https:\/\/dibosch.com\/es\/wp-json\/wp\/v2\/product_cat?post=32362"},{"taxonomy":"product_tag","embeddable":true,"href":"https:\/\/dibosch.com\/es\/wp-json\/wp\/v2\/product_tag?post=32362"},{"taxonomy":"marcas","embeddable":true,"href":"https:\/\/dibosch.com\/es\/wp-json\/wp\/v2\/marcas?post=32362"},{"taxonomy":"certificats","embeddable":true,"href":"https:\/\/dibosch.com\/es\/wp-json\/wp\/v2\/certificats?post=32362"},{"taxonomy":"caracteristiques","embeddable":true,"href":"https:\/\/dibosch.com\/es\/wp-json\/wp\/v2\/caracteristiques?post=32362"},{"taxonomy":"tipus-productes","embeddable":true,"href":"https:\/\/dibosch.com\/es\/wp-json\/wp\/v2\/tipus-productes?post=32362"},{"taxonomy":"zona-aplicacio","embeddable":true,"href":"https:\/\/dibosch.com\/es\/wp-json\/wp\/v2\/zona-aplicacio?post=32362"},{"taxonomy":"tipus-maquinaria","embeddable":true,"href":"https:\/\/dibosch.com\/es\/wp-json\/wp\/v2\/tipus-maquinaria?post=32362"}],"curies":[{"name":"wp","href":"https:\/\/api.w.org\/{rel}","templated":true}]}}