{"id":34247,"date":"2025-07-08T09:08:22","date_gmt":"2025-07-08T09:08:22","guid":{"rendered":"https:\/\/dibosch.com\/?post_type=product&#038;p=34247"},"modified":"2025-09-24T09:13:23","modified_gmt":"2025-09-24T09:13:23","slug":"fregadora-vispa-35b-comac-de-ocasion","status":"publish","type":"product","link":"https:\/\/dibosch.com\/es\/producto\/fregadora-vispa-35b-comac-de-ocasion\/","title":{"rendered":"Fregadora Vispa 35B COMAC de ocasi\u00f3n"},"content":{"rendered":"<p><strong>Fregadora seminueva Comac VISPA 35B del 2020. Bateria nueva.<\/strong><\/p>\n<p>&nbsp;<\/p>\n<p>Todas las m\u00e1quinas han sido revisadas y puestas a punto por nuestro servicio t\u00e9cnico especializado, garantizando su buen funcionamiento y rendimiento. Adem\u00e1s con 6 meses de garant\u00eda para tu tranquilidad.<\/p>\n<p>Las fregadoras de ocasi\u00f3n son una opci\u00f3n inteligente para optimizar la inversi\u00f3n en limpieza profesional, manteniendo la misma eficacia que una m\u00e1quina nueva pero con un coste mucho m\u00e1s reducido. Disponemos de modelos de marcas reconocidas, preparados para su entrega y empezar a trabajar desde el primer d\u00eda.<\/p>\n<p>Ventajas de comprar fregadoras industriales de ocasi\u00f3n con Dibosch:<\/p>\n<ul>\n<li>Ahorro econ\u00f3mico sin renunciar a la calidad<\/li>\n<li>Revisi\u00f3n integral por t\u00e9cnicos especializados<\/li>\n<li>Garant\u00eda de 6 meses<\/li>\n<li>Asistencia postventa y repuestos asegurados<\/li>\n<li>Disponibilidad inmediata<\/li>\n<\/ul>\n<p>Si necesitas asesoramiento, nuestro equipo te ayudar\u00e1 a encontrar la fregadora que mejor se adapte a las necesidades de tu entorno profesional.<\/p>\n","protected":false},"excerpt":{"rendered":"<p>Fregadora seminueva Comac<\/p>\n","protected":false},"featured_media":34240,"comment_status":"closed","ping_status":"closed","template":"","meta":[],"product_brand":[],"product_cat":[1287],"product_tag":[],"marcas":[],"certificats":[],"caracteristiques":[],"tipus-productes":[],"zona-aplicacio":[],"tipus-maquinaria":[986,957],"class_list":{"0":"post-34247","1":"product","2":"type-product","3":"status-publish","4":"has-post-thumbnail","6":"product_cat-fregadoras-industriales-de-ocasion-seguna-mano","7":"tipus-maquinaria-fregadoras-industriales-ocasion-es","8":"tipus-maquinaria-maquina-ocasion","10":"first","11":"instock","12":"shipping-taxable","13":"purchasable","14":"product-type-simple"},"_links":{"self":[{"href":"https:\/\/dibosch.com\/es\/wp-json\/wp\/v2\/product\/34247","targetHints":{"allow":["GET"]}}],"collection":[{"href":"https:\/\/dibosch.com\/es\/wp-json\/wp\/v2\/product"}],"about":[{"href":"https:\/\/dibosch.com\/es\/wp-json\/wp\/v2\/types\/product"}],"replies":[{"embeddable":true,"href":"https:\/\/dibosch.com\/es\/wp-json\/wp\/v2\/comments?post=34247"}],"wp:featuredmedia":[{"embeddable":true,"href":"https:\/\/dibosch.com\/es\/wp-json\/wp\/v2\/media\/34240"}],"wp:attachment":[{"href":"https:\/\/dibosch.com\/es\/wp-json\/wp\/v2\/media?parent=34247"}],"wp:term":[{"taxonomy":"product_brand","embeddable":true,"href":"https:\/\/dibosch.com\/es\/wp-json\/wp\/v2\/product_brand?post=34247"},{"taxonomy":"product_cat","embeddable":true,"href":"https:\/\/dibosch.com\/es\/wp-json\/wp\/v2\/product_cat?post=34247"},{"taxonomy":"product_tag","embeddable":true,"href":"https:\/\/dibosch.com\/es\/wp-json\/wp\/v2\/product_tag?post=34247"},{"taxonomy":"marcas","embeddable":true,"href":"https:\/\/dibosch.com\/es\/wp-json\/wp\/v2\/marcas?post=34247"},{"taxonomy":"certificats","embeddable":true,"href":"https:\/\/dibosch.com\/es\/wp-json\/wp\/v2\/certificats?post=34247"},{"taxonomy":"caracteristiques","embeddable":true,"href":"https:\/\/dibosch.com\/es\/wp-json\/wp\/v2\/caracteristiques?post=34247"},{"taxonomy":"tipus-productes","embeddable":true,"href":"https:\/\/dibosch.com\/es\/wp-json\/wp\/v2\/tipus-productes?post=34247"},{"taxonomy":"zona-aplicacio","embeddable":true,"href":"https:\/\/dibosch.com\/es\/wp-json\/wp\/v2\/zona-aplicacio?post=34247"},{"taxonomy":"tipus-maquinaria","embeddable":true,"href":"https:\/\/dibosch.com\/es\/wp-json\/wp\/v2\/tipus-maquinaria?post=34247"}],"curies":[{"name":"wp","href":"https:\/\/api.w.org\/{rel}","templated":true}]}}