{"id":34268,"date":"2025-07-08T12:42:24","date_gmt":"2025-07-08T12:42:24","guid":{"rendered":"https:\/\/dibosch.com\/?post_type=product&#038;p=34268"},"modified":"2025-09-23T09:56:48","modified_gmt":"2025-09-23T09:56:48","slug":"fregadora-ultrax-ultra-45-duplex","status":"publish","type":"product","link":"https:\/\/dibosch.com\/es\/producto\/fregadora-ultrax-ultra-45-duplex\/","title":{"rendered":"Fregadora Ultrax Ultra 45 &#8211; DUPLEX"},"content":{"rendered":"<p data-start=\"2673\" data-end=\"3060\">La nueva <strong data-start=\"2682\" data-end=\"2700\">Ultrax Ultra45<\/strong> es una fregadora ultra compacta que sustituye la fregona, la fregadora convencional y las m\u00e1quinas monodisco en una \u00fanica herramienta profesional. La <strong data-start=\"2949\" data-end=\"2970\">Ultra45 de Ultrax<\/strong> responde a esta necesidad y te permite limpiar zonas de dif\u00edcil acceso con gran eficacia.<\/p>\n<p data-start=\"3062\" data-end=\"3349\">Una verdadera revoluci\u00f3n en el sector de la <strong data-start=\"3106\" data-end=\"3130\">limpieza profesional<\/strong>, pensada tanto para el bienestar del usuario \u2014reduciendo al m\u00e1ximo los riesgos de trastornos musculoesquel\u00e9ticos\u2014 como para una gesti\u00f3n eficiente del <strong data-start=\"3281\" data-end=\"3300\">consumo de agua<\/strong>, en l\u00ednea con una filosof\u00eda <strong data-start=\"3329\" data-end=\"3348\">eco-responsable<\/strong>.<\/p>\n<p data-start=\"3416\" data-end=\"3462\"><strong data-start=\"3416\" data-end=\"3462\">Ergonom\u00eda y facilidad de uso excepcionales<\/strong><\/p>\n<ul data-start=\"3463\" data-end=\"3672\">\n<li data-start=\"3463\" data-end=\"3487\">\n<p data-start=\"3465\" data-end=\"3487\">Peso 0% sobre el tim\u00f3n<\/p>\n<\/li>\n<li data-start=\"3488\" data-end=\"3523\">\n<p data-start=\"3490\" data-end=\"3523\">Sin peso ni agua en la empu\u00f1adura<\/p>\n<\/li>\n<li data-start=\"3524\" data-end=\"3585\">\n<p data-start=\"3526\" data-end=\"3585\">Previene la fatiga del usuario y reduce riesgos ergon\u00f3micos<\/p>\n<\/li>\n<li data-start=\"3586\" data-end=\"3621\">\n<p data-start=\"3588\" data-end=\"3621\">Prevenci\u00f3n de lesiones musculares<\/p>\n<\/li>\n<li data-start=\"3622\" data-end=\"3672\">\n<p data-start=\"3624\" data-end=\"3672\">Inclinaci\u00f3n de hasta 90\u00b0 para acceder a rincones<\/p>\n<\/li>\n<\/ul>\n<p>&nbsp;<\/p>\n<p data-start=\"3674\" data-end=\"3706\"><strong data-start=\"3674\" data-end=\"3706\">Alto rendimiento de limpieza<\/strong><\/p>\n<ul data-start=\"3707\" data-end=\"3888\">\n<li data-start=\"3707\" data-end=\"3760\">\n<p data-start=\"3709\" data-end=\"3760\"><strong data-start=\"3709\" data-end=\"3739\">Hasta 3 horas de autonom\u00eda<\/strong> con una sola bater\u00eda<\/p>\n<\/li>\n<li data-start=\"3761\" data-end=\"3797\">\n<p data-start=\"3763\" data-end=\"3797\">Llega f\u00e1cilmente a zonas estrechas<\/p>\n<\/li>\n<li data-start=\"3798\" data-end=\"3818\">\n<p data-start=\"3800\" data-end=\"3818\">Funci\u00f3n de escaneo<\/p>\n<\/li>\n<li data-start=\"3819\" data-end=\"3888\">\n<p data-start=\"3821\" data-end=\"3888\"><strong data-start=\"3821\" data-end=\"3857\">Limpieza hasta un 70% m\u00e1s r\u00e1pida<\/strong> que con m\u00e9todos convencionales<\/p>\n<\/li>\n<\/ul>\n<p>&nbsp;<\/p>\n<p data-start=\"3890\" data-end=\"3912\"><strong data-start=\"3890\" data-end=\"3912\">Ergonom\u00eda superior<\/strong><\/p>\n<ul data-start=\"3913\" data-end=\"3994\">\n<li data-start=\"3913\" data-end=\"3943\">\n<p data-start=\"3915\" data-end=\"3943\">Sin esfuerzo para el usuario<\/p>\n<\/li>\n<li data-start=\"3944\" data-end=\"3994\">\n<p data-start=\"3946\" data-end=\"3994\"><strong data-start=\"3946\" data-end=\"3968\">Solo 15 kg de peso<\/strong>: muy f\u00e1cil de transportar<\/p>\n<\/li>\n<\/ul>\n<p>&nbsp;<\/p>\n<p data-start=\"3996\" data-end=\"4020\"><strong data-start=\"3996\" data-end=\"4020\">Compromiso ecol\u00f3gico<\/strong><\/p>\n<ul data-start=\"4021\" data-end=\"4124\">\n<li data-start=\"4021\" data-end=\"4078\">\n<p data-start=\"4023\" data-end=\"4078\"><strong data-start=\"4023\" data-end=\"4049\">Ahorro del 90% de agua<\/strong> gracias a la tecnolog\u00eda USFS<\/p>\n<\/li>\n<li data-start=\"4079\" data-end=\"4124\">\n<p data-start=\"4081\" data-end=\"4124\"><strong data-start=\"4081\" data-end=\"4124\">50 minutos de autonom\u00eda con un dep\u00f3sito<\/strong><\/p>\n<\/li>\n<\/ul>\n<p>&nbsp;<\/p>\n<p data-start=\"4126\" data-end=\"4168\"><strong data-start=\"4126\" data-end=\"4168\">Mantenimiento f\u00e1cil y sin herramientas<\/strong><\/p>\n<ul data-start=\"4169\" data-end=\"4316\">\n<li data-start=\"4169\" data-end=\"4239\">\n<p data-start=\"4171\" data-end=\"4239\">6 patentes globales por su sistema de mantenimiento sin herramientas<\/p>\n<\/li>\n<li data-start=\"4240\" data-end=\"4316\">\n<p data-start=\"4242\" data-end=\"4316\">El propio usuario puede sustituir piezas sin formaci\u00f3n ni servicio t\u00e9cnico<\/p>\n<\/li>\n<\/ul>\n<p>&nbsp;<\/p>\n<p data-start=\"4318\" data-end=\"4336\"><strong data-start=\"4318\" data-end=\"4336\">Datos t\u00e9cnicos<\/strong><\/p>\n<ul data-start=\"4337\" data-end=\"4653\">\n<li data-start=\"4337\" data-end=\"4376\">\n<p data-start=\"4339\" data-end=\"4376\">Superficie de trabajo: <strong data-start=\"4362\" data-end=\"4376\">1.600 m\u00b2\/h<\/strong><\/p>\n<\/li>\n<li data-start=\"4377\" data-end=\"4408\">\n<p data-start=\"4379\" data-end=\"4408\">Ancho de limpieza: <strong data-start=\"4398\" data-end=\"4408\">430 mm<\/strong><\/p>\n<\/li>\n<li data-start=\"4409\" data-end=\"4447\">\n<p data-start=\"4411\" data-end=\"4447\">2 cepillos rotativos intercambiables<\/p>\n<\/li>\n<li data-start=\"4448\" data-end=\"4478\">\n<p data-start=\"4450\" data-end=\"4478\">Bater\u00eda de litio de <strong data-start=\"4470\" data-end=\"4478\">36 V<\/strong><\/p>\n<\/li>\n<li data-start=\"4479\" data-end=\"4508\">\n<p data-start=\"4481\" data-end=\"4508\">Nivel de ruido: <strong data-start=\"4497\" data-end=\"4508\">&lt;70 dBA<\/strong><\/p>\n<\/li>\n<li data-start=\"4509\" data-end=\"4542\">\n<p data-start=\"4511\" data-end=\"4542\">Dep\u00f3sito de soluci\u00f3n: <strong data-start=\"4533\" data-end=\"4542\">3,5 L<\/strong><\/p>\n<\/li>\n<li data-start=\"4543\" data-end=\"4580\">\n<p data-start=\"4545\" data-end=\"4580\">Dep\u00f3sito de recuperaci\u00f3n: <strong data-start=\"4571\" data-end=\"4580\">4,2 L<\/strong><\/p>\n<\/li>\n<li data-start=\"4581\" data-end=\"4619\">\n<p data-start=\"4583\" data-end=\"4619\">Peso en vac\u00edo con bater\u00eda: <strong data-start=\"4610\" data-end=\"4619\">12 kg<\/strong><\/p>\n<\/li>\n<li data-start=\"4620\" data-end=\"4653\">\n<p data-start=\"4622\" data-end=\"4653\">Tiempo de carga: <strong data-start=\"4639\" data-end=\"4653\">60 minutos<\/strong><\/p>\n<\/li>\n<\/ul>\n","protected":false},"excerpt":{"rendered":"<p>La nueva Ultrax Ultra45 es una fregadora ultra compacta que sustituye la fregona, la fregadora convencional y las m\u00e1quinas monodisco en una \u00fanica herramienta profesional. La Ultra45 de Ultrax responde a esta necesidad y te permite limpiar zonas de dif\u00edcil acceso con gran eficacia. Una verdadera revoluci\u00f3n en el sector de la limpieza profesional, pensada [&hellip;]<\/p>\n","protected":false},"featured_media":34270,"comment_status":"closed","ping_status":"closed","template":"","meta":[],"product_brand":[],"product_cat":[727,1076,810],"product_tag":[],"marcas":[924],"certificats":[],"caracteristiques":[],"tipus-productes":[942],"zona-aplicacio":[944,948,950,955,946],"tipus-maquinaria":[],"class_list":{"0":"post-34268","1":"product","2":"type-product","3":"status-publish","4":"has-post-thumbnail","6":"product_cat-fregadoras-a-pie","7":"product_cat-fregadora-industrial-pequena","8":"product_cat-fregadora-es","9":"marcas-duplex-es","10":"tipus-productes-novedad-es","11":"zona-aplicacio-zona-cocina","12":"zona-aplicacio-zona-habitaciones","13":"zona-aplicacio-zona-manipulacion-de-alimentos-industria","14":"zona-aplicacio-zona-sanitaria","15":"zona-aplicacio-zonas-comunes","17":"first","18":"instock","19":"shipping-taxable","20":"purchasable","21":"product-type-simple"},"_links":{"self":[{"href":"https:\/\/dibosch.com\/es\/wp-json\/wp\/v2\/product\/34268","targetHints":{"allow":["GET"]}}],"collection":[{"href":"https:\/\/dibosch.com\/es\/wp-json\/wp\/v2\/product"}],"about":[{"href":"https:\/\/dibosch.com\/es\/wp-json\/wp\/v2\/types\/product"}],"replies":[{"embeddable":true,"href":"https:\/\/dibosch.com\/es\/wp-json\/wp\/v2\/comments?post=34268"}],"wp:featuredmedia":[{"embeddable":true,"href":"https:\/\/dibosch.com\/es\/wp-json\/wp\/v2\/media\/34270"}],"wp:attachment":[{"href":"https:\/\/dibosch.com\/es\/wp-json\/wp\/v2\/media?parent=34268"}],"wp:term":[{"taxonomy":"product_brand","embeddable":true,"href":"https:\/\/dibosch.com\/es\/wp-json\/wp\/v2\/product_brand?post=34268"},{"taxonomy":"product_cat","embeddable":true,"href":"https:\/\/dibosch.com\/es\/wp-json\/wp\/v2\/product_cat?post=34268"},{"taxonomy":"product_tag","embeddable":true,"href":"https:\/\/dibosch.com\/es\/wp-json\/wp\/v2\/product_tag?post=34268"},{"taxonomy":"marcas","embeddable":true,"href":"https:\/\/dibosch.com\/es\/wp-json\/wp\/v2\/marcas?post=34268"},{"taxonomy":"certificats","embeddable":true,"href":"https:\/\/dibosch.com\/es\/wp-json\/wp\/v2\/certificats?post=34268"},{"taxonomy":"caracteristiques","embeddable":true,"href":"https:\/\/dibosch.com\/es\/wp-json\/wp\/v2\/caracteristiques?post=34268"},{"taxonomy":"tipus-productes","embeddable":true,"href":"https:\/\/dibosch.com\/es\/wp-json\/wp\/v2\/tipus-productes?post=34268"},{"taxonomy":"zona-aplicacio","embeddable":true,"href":"https:\/\/dibosch.com\/es\/wp-json\/wp\/v2\/zona-aplicacio?post=34268"},{"taxonomy":"tipus-maquinaria","embeddable":true,"href":"https:\/\/dibosch.com\/es\/wp-json\/wp\/v2\/tipus-maquinaria?post=34268"}],"curies":[{"name":"wp","href":"https:\/\/api.w.org\/{rel}","templated":true}]}}