{"id":35266,"date":"2025-12-01T17:03:59","date_gmt":"2025-12-01T17:03:59","guid":{"rendered":"https:\/\/dibosch.com\/?post_type=product&#038;p=35266"},"modified":"2025-12-01T17:05:56","modified_gmt":"2025-12-01T17:05:56","slug":"ambientador-v-twist-mango-vectair","status":"publish","type":"product","link":"https:\/\/dibosch.com\/es\/producto\/ambientador-v-twist-mango-vectair\/","title":{"rendered":"AMBIENTADOR V- TWIST MANGO &#8211; VECTAIR"},"content":{"rendered":"<h1 data-start=\"133\" data-end=\"193\"><strong data-start=\"135\" data-end=\"193\">Ambientador Multifa\u0301sico \u2013 Gama de Fragancias Frutales<\/strong><\/h1>\n<p data-start=\"195\" data-end=\"596\">Descubre la nueva generaci\u00f3n de ambientadores pasivos con tecnolog\u00eda <strong data-start=\"264\" data-end=\"280\">submicr\u00f3nica<\/strong> y sistema <strong data-start=\"291\" data-end=\"304\">multifase<\/strong>, dise\u00f1ados para ofrecer una experiencia olfativa duradera, potente y totalmente segura. Su formulaci\u00f3n avanzada y su cartucho sin pilas lo convierten en la soluci\u00f3n ideal para ba\u00f1os, zonas comunes, oficinas y cualquier espacio que requiera un ambiente fresco y agradable durante todo el d\u00eda.<\/p>\n<p data-start=\"195\" data-end=\"596\">\n<h2 data-start=\"2477\" data-end=\"2504\"><strong data-start=\"2483\" data-end=\"2504\">Ambientador Mango<\/strong><\/h2>\n<p data-start=\"2505\" data-end=\"2711\">Un aroma jugoso, dulce y refrescante, con una personalidad afrutada muy agradable. El mango aporta un ambiente c\u00e1lido y tropical que gusta a todo el mundo, ofreciendo frescor limpio y una sensaci\u00f3n natural.<\/p>\n<h3 data-start=\"2713\" data-end=\"2747\"><strong data-start=\"2717\" data-end=\"2747\">Caracter\u00edsticas destacadas<\/strong><\/h3>\n<ul data-start=\"2748\" data-end=\"2905\">\n<li data-start=\"2748\" data-end=\"2792\">\n<p data-start=\"2750\" data-end=\"2792\">Perfil arom\u00e1tico dulce pero equilibrado.<\/p>\n<\/li>\n<li data-start=\"2793\" data-end=\"2838\">\n<p data-start=\"2795\" data-end=\"2838\">Sensaci\u00f3n de frescor natural y agradable.<\/p>\n<\/li>\n<li data-start=\"2839\" data-end=\"2905\">\n<p data-start=\"2841\" data-end=\"2905\">Perfecto para ambientes que buscan un aroma moderno y diferente.<\/p>\n<\/li>\n<li data-start=\"2968\" data-end=\"3003\">\n<p data-start=\"2970\" data-end=\"3003\">Mayor durabilidad e intensidad.<\/p>\n<\/li>\n<li data-start=\"3004\" data-end=\"3043\">\n<p data-start=\"3006\" data-end=\"3043\">Tecnolog\u00eda innovadora y sostenible.<\/p>\n<\/li>\n<li data-start=\"3044\" data-end=\"3093\">\n<p data-start=\"3046\" data-end=\"3093\">Opci\u00f3n segura, vegana y libre de propelentes.<\/p>\n<\/li>\n<li data-start=\"3094\" data-end=\"3152\">\n<p data-start=\"3096\" data-end=\"3152\">Resultados profesionales para cualquier tipo de negocio.<\/p>\n<\/li>\n<\/ul>\n<p>&nbsp;<\/p>\n<h2 data-start=\"603\" data-end=\"632\"><strong data-start=\"606\" data-end=\"632\">Beneficios principales<\/strong><\/h2>\n<ul data-start=\"633\" data-end=\"1504\">\n<li data-start=\"633\" data-end=\"793\">\n<p data-start=\"635\" data-end=\"793\"><strong data-start=\"635\" data-end=\"673\">Elimina y neutraliza malos olores:<\/strong> gracias al cartucho de EVA y a la tecnolog\u00eda multifase, libera la fragancia de forma constante, equilibrada y efectiva.<\/p>\n<\/li>\n<li data-start=\"794\" data-end=\"979\">\n<p data-start=\"796\" data-end=\"979\"><strong data-start=\"796\" data-end=\"822\">Tecnolog\u00eda Sub-Micron:<\/strong> las part\u00edculas arom\u00e1ticas menores de 1 micra permanecen suspendidas m\u00e1s tiempo en el aire, aumentando el impacto arom\u00e1tico frente a aerosoles tradicionales.<\/p>\n<\/li>\n<li data-start=\"980\" data-end=\"1124\">\n<p data-start=\"982\" data-end=\"1124\"><strong data-start=\"982\" data-end=\"1013\">Funcionamiento 100% pasivo:<\/strong> no necesita pilas, l\u00edquidos ni propelentes qu\u00edmicos. M\u00e1s seguro, econ\u00f3mico y respetuoso con el medio ambiente.<\/p>\n<\/li>\n<li data-start=\"1125\" data-end=\"1273\">\n<p data-start=\"1127\" data-end=\"1273\"><strong data-start=\"1127\" data-end=\"1184\">N\u00facleo de gel org\u00e1nico a base de algas (carragenina):<\/strong> ingrediente natural, vegano y altamente eficiente en la liberaci\u00f3n progresiva del aroma.<\/p>\n<\/li>\n<li data-start=\"1274\" data-end=\"1419\">\n<p data-start=\"1276\" data-end=\"1419\"><strong data-start=\"1276\" data-end=\"1312\">Dise\u00f1o inteligente del cartucho:<\/strong> su estructura permite una circulaci\u00f3n \u00f3ptima del aire que mejora la evaporaci\u00f3n y la intensidad arom\u00e1tica.<\/p>\n<\/li>\n<li data-start=\"1420\" data-end=\"1504\">\n<p data-start=\"1422\" data-end=\"1504\"><strong data-start=\"1422\" data-end=\"1446\">Producto reciclable:<\/strong> una opci\u00f3n sostenible para cualquier entorno profesional.<\/p>\n<\/li>\n<\/ul>\n<p>&nbsp;<\/p>\n<p data-start=\"195\" data-end=\"596\">\n<p data-start=\"195\" data-end=\"596\">\n","protected":false},"excerpt":{"rendered":"<p>Ambientador Multifa\u0301sico \u2013 Gama de Fragancias Frutales Descubre la nueva generaci\u00f3n de ambientadores pasivos con tecnolog\u00eda submicr\u00f3nica y sistema multifase, dise\u00f1ados para ofrecer una experiencia olfativa duradera, potente y totalmente segura. Su formulaci\u00f3n avanzada y su cartucho sin pilas lo convierten en la soluci\u00f3n ideal para ba\u00f1os, zonas comunes, oficinas y cualquier espacio que requiera [&hellip;]<\/p>\n","protected":false},"featured_media":35261,"comment_status":"closed","ping_status":"closed","template":"","meta":[],"product_brand":[],"product_cat":[694,733],"product_tag":[],"marcas":[],"certificats":[],"caracteristiques":[],"tipus-productes":[],"zona-aplicacio":[945],"tipus-maquinaria":[],"class_list":{"0":"post-35266","1":"product","2":"type-product","3":"status-publish","4":"has-post-thumbnail","6":"product_cat-quimicos","7":"product_cat-ambientadores","8":"zona-aplicacio-zona-bano","10":"first","11":"instock","12":"shipping-taxable","13":"product-type-simple"},"_links":{"self":[{"href":"https:\/\/dibosch.com\/es\/wp-json\/wp\/v2\/product\/35266","targetHints":{"allow":["GET"]}}],"collection":[{"href":"https:\/\/dibosch.com\/es\/wp-json\/wp\/v2\/product"}],"about":[{"href":"https:\/\/dibosch.com\/es\/wp-json\/wp\/v2\/types\/product"}],"replies":[{"embeddable":true,"href":"https:\/\/dibosch.com\/es\/wp-json\/wp\/v2\/comments?post=35266"}],"wp:featuredmedia":[{"embeddable":true,"href":"https:\/\/dibosch.com\/es\/wp-json\/wp\/v2\/media\/35261"}],"wp:attachment":[{"href":"https:\/\/dibosch.com\/es\/wp-json\/wp\/v2\/media?parent=35266"}],"wp:term":[{"taxonomy":"product_brand","embeddable":true,"href":"https:\/\/dibosch.com\/es\/wp-json\/wp\/v2\/product_brand?post=35266"},{"taxonomy":"product_cat","embeddable":true,"href":"https:\/\/dibosch.com\/es\/wp-json\/wp\/v2\/product_cat?post=35266"},{"taxonomy":"product_tag","embeddable":true,"href":"https:\/\/dibosch.com\/es\/wp-json\/wp\/v2\/product_tag?post=35266"},{"taxonomy":"marcas","embeddable":true,"href":"https:\/\/dibosch.com\/es\/wp-json\/wp\/v2\/marcas?post=35266"},{"taxonomy":"certificats","embeddable":true,"href":"https:\/\/dibosch.com\/es\/wp-json\/wp\/v2\/certificats?post=35266"},{"taxonomy":"caracteristiques","embeddable":true,"href":"https:\/\/dibosch.com\/es\/wp-json\/wp\/v2\/caracteristiques?post=35266"},{"taxonomy":"tipus-productes","embeddable":true,"href":"https:\/\/dibosch.com\/es\/wp-json\/wp\/v2\/tipus-productes?post=35266"},{"taxonomy":"zona-aplicacio","embeddable":true,"href":"https:\/\/dibosch.com\/es\/wp-json\/wp\/v2\/zona-aplicacio?post=35266"},{"taxonomy":"tipus-maquinaria","embeddable":true,"href":"https:\/\/dibosch.com\/es\/wp-json\/wp\/v2\/tipus-maquinaria?post=35266"}],"curies":[{"name":"wp","href":"https:\/\/api.w.org\/{rel}","templated":true}]}}