{"id":35296,"date":"2025-12-15T13:08:15","date_gmt":"2025-12-15T13:08:15","guid":{"rendered":"https:\/\/dibosch.com\/?post_type=product&#038;p=35296"},"modified":"2025-12-15T13:10:41","modified_gmt":"2025-12-15T13:10:41","slug":"dispensador-bobina-plast-mp4523-negro","status":"publish","type":"product","link":"https:\/\/dibosch.com\/es\/producto\/dispensador-bobina-plast-mp4523-negro\/","title":{"rendered":"DISPENSADOR BOBINA PLAST MP4523-NEGRO"},"content":{"rendered":"<p data-start=\"283\" data-end=\"358\"><strong data-start=\"283\" data-end=\"333\">ARES BLACK VELVET \u2013 Dispensador de Papel Mecha<\/strong><br data-start=\"333\" data-end=\"336\" \/><strong data-start=\"336\" data-end=\"351\">Referencia:<\/strong> MP4523<\/p>\n<p data-start=\"360\" data-end=\"389\"><strong data-start=\"360\" data-end=\"389\">Caracter\u00edsticas t\u00e9cnicas:<\/strong><\/p>\n<ul data-start=\"390\" data-end=\"574\">\n<li data-start=\"390\" data-end=\"438\">\n<p data-start=\"392\" data-end=\"438\">Fabricado en <strong data-start=\"405\" data-end=\"438\">pl\u00e1stico ABS 100 % reciclable<\/strong><\/p>\n<\/li>\n<li data-start=\"439\" data-end=\"498\">\n<p data-start=\"441\" data-end=\"498\"><strong data-start=\"441\" data-end=\"467\">Visor de policarbonato<\/strong> (disponible en varios colores)<\/p>\n<\/li>\n<li data-start=\"499\" data-end=\"532\">\n<p data-start=\"501\" data-end=\"532\">Alta <strong data-start=\"506\" data-end=\"532\">resistencia a impactos<\/strong><\/p>\n<\/li>\n<li data-start=\"533\" data-end=\"574\">\n<p data-start=\"535\" data-end=\"574\">Resistente a <strong data-start=\"548\" data-end=\"574\">cambios de temperatura<\/strong><\/p>\n<\/li>\n<\/ul>\n<p data-start=\"576\" data-end=\"595\"><strong data-start=\"576\" data-end=\"595\">Sistema de uso:<\/strong><\/p>\n<ul data-start=\"596\" data-end=\"721\">\n<li data-start=\"596\" data-end=\"633\">\n<p data-start=\"598\" data-end=\"633\"><strong data-start=\"598\" data-end=\"623\">Dispensaci\u00f3n inferior<\/strong> del papel<\/p>\n<\/li>\n<li data-start=\"634\" data-end=\"673\">\n<p data-start=\"636\" data-end=\"673\"><strong data-start=\"636\" data-end=\"663\">Carga r\u00e1pida y sencilla<\/strong> del rollo<\/p>\n<\/li>\n<li data-start=\"674\" data-end=\"721\">\n<p data-start=\"676\" data-end=\"721\">Mantenimiento f\u00e1cil en entornos profesionales<\/p>\n<\/li>\n<\/ul>\n<p data-start=\"723\" data-end=\"737\"><strong data-start=\"723\" data-end=\"737\">Capacidad:<\/strong><\/p>\n<ul data-start=\"738\" data-end=\"792\">\n<li data-start=\"738\" data-end=\"792\">\n<p data-start=\"740\" data-end=\"792\">Apto para rollos de papel mecha de hasta <strong data-start=\"781\" data-end=\"792\">\u00d8 23 cm<\/strong><\/p>\n<\/li>\n<\/ul>\n<p data-start=\"794\" data-end=\"818\"><strong data-start=\"794\" data-end=\"818\">Dise\u00f1o y aplicaci\u00f3n:<\/strong><\/p>\n<ul data-start=\"819\" data-end=\"1002\">\n<li data-start=\"819\" data-end=\"849\">\n<p data-start=\"821\" data-end=\"849\">Pertenece a la <strong data-start=\"836\" data-end=\"849\">gama Ares<\/strong><\/p>\n<\/li>\n<li data-start=\"850\" data-end=\"883\">\n<p data-start=\"852\" data-end=\"883\">Dise\u00f1o <strong data-start=\"859\" data-end=\"883\">vers\u00e1til e innovador<\/strong><\/p>\n<\/li>\n<li data-start=\"884\" data-end=\"955\">\n<p data-start=\"886\" data-end=\"955\">Ideal para <strong data-start=\"897\" data-end=\"955\">ba\u00f1os, cocinas, zonas comunes y espacios profesionales<\/strong><\/p>\n<\/li>\n<li data-start=\"956\" data-end=\"1002\">\n<p data-start=\"958\" data-end=\"1002\"><strong data-start=\"958\" data-end=\"982\">Acabado Black Velvet<\/strong>, elegante y moderno<\/p>\n<\/li>\n<\/ul>\n","protected":false},"excerpt":{"rendered":"<p>ARES BLACK VELVET \u2013 Dispensador de Papel MechaReferencia: MP4523 Caracter\u00edsticas t\u00e9cnicas: Fabricado en pl\u00e1stico ABS 100 % reciclable Visor de policarbonato (disponible en varios colores) Alta resistencia a impactos Resistente a cambios de temperatura Sistema de uso: Dispensaci\u00f3n inferior del papel Carga r\u00e1pida y sencilla del rollo Mantenimiento f\u00e1cil en entornos profesionales Capacidad: Apto para [&hellip;]<\/p>\n","protected":false},"featured_media":35295,"comment_status":"closed","ping_status":"closed","template":"","meta":[],"product_brand":[],"product_cat":[787,687],"product_tag":[],"marcas":[],"certificats":[],"caracteristiques":[],"tipus-productes":[],"zona-aplicacio":[],"tipus-maquinaria":[],"class_list":{"0":"post-35296","1":"product","2":"type-product","3":"status-publish","4":"has-post-thumbnail","6":"product_cat-dispensadores-de-bobinas","7":"product_cat-equipamientos","9":"first","10":"instock","11":"shipping-taxable","12":"product-type-simple"},"_links":{"self":[{"href":"https:\/\/dibosch.com\/es\/wp-json\/wp\/v2\/product\/35296","targetHints":{"allow":["GET"]}}],"collection":[{"href":"https:\/\/dibosch.com\/es\/wp-json\/wp\/v2\/product"}],"about":[{"href":"https:\/\/dibosch.com\/es\/wp-json\/wp\/v2\/types\/product"}],"replies":[{"embeddable":true,"href":"https:\/\/dibosch.com\/es\/wp-json\/wp\/v2\/comments?post=35296"}],"wp:featuredmedia":[{"embeddable":true,"href":"https:\/\/dibosch.com\/es\/wp-json\/wp\/v2\/media\/35295"}],"wp:attachment":[{"href":"https:\/\/dibosch.com\/es\/wp-json\/wp\/v2\/media?parent=35296"}],"wp:term":[{"taxonomy":"product_brand","embeddable":true,"href":"https:\/\/dibosch.com\/es\/wp-json\/wp\/v2\/product_brand?post=35296"},{"taxonomy":"product_cat","embeddable":true,"href":"https:\/\/dibosch.com\/es\/wp-json\/wp\/v2\/product_cat?post=35296"},{"taxonomy":"product_tag","embeddable":true,"href":"https:\/\/dibosch.com\/es\/wp-json\/wp\/v2\/product_tag?post=35296"},{"taxonomy":"marcas","embeddable":true,"href":"https:\/\/dibosch.com\/es\/wp-json\/wp\/v2\/marcas?post=35296"},{"taxonomy":"certificats","embeddable":true,"href":"https:\/\/dibosch.com\/es\/wp-json\/wp\/v2\/certificats?post=35296"},{"taxonomy":"caracteristiques","embeddable":true,"href":"https:\/\/dibosch.com\/es\/wp-json\/wp\/v2\/caracteristiques?post=35296"},{"taxonomy":"tipus-productes","embeddable":true,"href":"https:\/\/dibosch.com\/es\/wp-json\/wp\/v2\/tipus-productes?post=35296"},{"taxonomy":"zona-aplicacio","embeddable":true,"href":"https:\/\/dibosch.com\/es\/wp-json\/wp\/v2\/zona-aplicacio?post=35296"},{"taxonomy":"tipus-maquinaria","embeddable":true,"href":"https:\/\/dibosch.com\/es\/wp-json\/wp\/v2\/tipus-maquinaria?post=35296"}],"curies":[{"name":"wp","href":"https:\/\/api.w.org\/{rel}","templated":true}]}}