{"id":35326,"date":"2025-12-17T14:49:20","date_gmt":"2025-12-17T14:49:20","guid":{"rendered":"https:\/\/dibosch.com\/?post_type=product&#038;p=35326"},"modified":"2026-01-02T14:09:06","modified_gmt":"2026-01-02T14:09:06","slug":"m-aspirador-p825-wd","status":"publish","type":"product","link":"https:\/\/dibosch.com\/es\/producto\/m-aspirador-p825-wd\/","title":{"rendered":"ASPIRADOR P825 WD &#8211; TMB"},"content":{"rendered":"<p data-start=\"386\" data-end=\"770\">El <strong data-start=\"389\" data-end=\"412\">M-Aspirador P827 WD<\/strong> es una aspiradora profesional para <strong data-start=\"448\" data-end=\"477\">limpieza en seco y h\u00famedo<\/strong>, dise\u00f1ada para ofrecer <strong data-start=\"501\" data-end=\"559\">alto rendimiento, ergonom\u00eda y sostenibilidad ambiental<\/strong>. Equipada con un <strong data-start=\"577\" data-end=\"617\">motor bypass de dos etapas de 1000 W<\/strong>, proporciona un <strong data-start=\"634\" data-end=\"662\">caudal de aire de 52 l\/s<\/strong> y un <strong data-start=\"668\" data-end=\"701\">vac\u00edo de 2100 mm H\u2082O (21 kPa)<\/strong>, garantizando una succi\u00f3n potente tanto de l\u00edquidos como de s\u00f3lidos.<\/p>\n<p data-start=\"772\" data-end=\"1150\">Su <strong data-start=\"775\" data-end=\"800\">dep\u00f3sito de 27 litros<\/strong> permite trabajar durante largos periodos sin interrupciones, siendo ideal para aplicaciones profesionales intensivas. Dispone de un <strong data-start=\"933\" data-end=\"970\">cable de alimentaci\u00f3n de 7 metros<\/strong>, que ofrece un amplio radio de acci\u00f3n, y gracias a su <strong data-start=\"1025\" data-end=\"1055\">peso reducido de solo 8 kg<\/strong> y a sus <strong data-start=\"1064\" data-end=\"1107\">dimensiones compactas (40 \u00d7 45 \u00d7 68 cm)<\/strong>, resulta f\u00e1cil de transportar y maniobrar.<\/p>\n<p data-start=\"1152\" data-end=\"1548\">La P827 WD incorpora <strong data-start=\"1173\" data-end=\"1213\">filtro de tela y esponjas antiespuma<\/strong>, asegurando una alta eficiencia de filtraci\u00f3n y una mayor durabilidad del equipo. Incluye un completo <strong data-start=\"1316\" data-end=\"1351\">kit de accesorios profesionales<\/strong>: manguera flexible, tubos de extensi\u00f3n, boquilla para l\u00edquidos, cepillo de cerdas, lanza plana y cepillo redondo, lo que la convierte en una soluci\u00f3n vers\u00e1til para todo tipo de tareas de limpieza.<\/p>\n<p data-start=\"1550\" data-end=\"1839\">Forma parte de la <strong data-start=\"1568\" data-end=\"1584\">l\u00ednea ReNova<\/strong>, fabricada con un <strong data-start=\"1603\" data-end=\"1649\">60 % de pl\u00e1stico reciclado de alta calidad<\/strong>, combinando fiabilidad, rendimiento profesional y un menor impacto ambiental. Es la opci\u00f3n ideal para profesionales que buscan <strong data-start=\"1777\" data-end=\"1838\">potencia, versatilidad y compromiso con la sostenibilidad<\/strong>.<\/p>\n","protected":false},"excerpt":{"rendered":"<p>El M-Aspirador P827 WD es una aspiradora profesional para limpieza en seco y h\u00famedo, dise\u00f1ada para ofrecer alto rendimiento, ergonom\u00eda y sostenibilidad ambiental. Equipada con un motor bypass de dos etapas de 1000 W, proporciona un caudal de aire de 52 l\/s y un vac\u00edo de 2100 mm H\u2082O (21 kPa), garantizando una succi\u00f3n potente [&hellip;]<\/p>\n","protected":false},"featured_media":35325,"comment_status":"closed","ping_status":"closed","template":"","meta":[],"product_brand":[],"product_cat":[578,769],"product_tag":[],"marcas":[1353],"certificats":[],"caracteristiques":[],"tipus-productes":[],"zona-aplicacio":[],"tipus-maquinaria":[],"class_list":{"0":"post-35326","1":"product","2":"type-product","3":"status-publish","4":"has-post-thumbnail","6":"product_cat-aspiradores-industriales","7":"product_cat-aspiradores-profesionales","8":"marcas-tmb","10":"first","11":"instock","12":"shipping-taxable","13":"product-type-simple"},"_links":{"self":[{"href":"https:\/\/dibosch.com\/es\/wp-json\/wp\/v2\/product\/35326","targetHints":{"allow":["GET"]}}],"collection":[{"href":"https:\/\/dibosch.com\/es\/wp-json\/wp\/v2\/product"}],"about":[{"href":"https:\/\/dibosch.com\/es\/wp-json\/wp\/v2\/types\/product"}],"replies":[{"embeddable":true,"href":"https:\/\/dibosch.com\/es\/wp-json\/wp\/v2\/comments?post=35326"}],"wp:featuredmedia":[{"embeddable":true,"href":"https:\/\/dibosch.com\/es\/wp-json\/wp\/v2\/media\/35325"}],"wp:attachment":[{"href":"https:\/\/dibosch.com\/es\/wp-json\/wp\/v2\/media?parent=35326"}],"wp:term":[{"taxonomy":"product_brand","embeddable":true,"href":"https:\/\/dibosch.com\/es\/wp-json\/wp\/v2\/product_brand?post=35326"},{"taxonomy":"product_cat","embeddable":true,"href":"https:\/\/dibosch.com\/es\/wp-json\/wp\/v2\/product_cat?post=35326"},{"taxonomy":"product_tag","embeddable":true,"href":"https:\/\/dibosch.com\/es\/wp-json\/wp\/v2\/product_tag?post=35326"},{"taxonomy":"marcas","embeddable":true,"href":"https:\/\/dibosch.com\/es\/wp-json\/wp\/v2\/marcas?post=35326"},{"taxonomy":"certificats","embeddable":true,"href":"https:\/\/dibosch.com\/es\/wp-json\/wp\/v2\/certificats?post=35326"},{"taxonomy":"caracteristiques","embeddable":true,"href":"https:\/\/dibosch.com\/es\/wp-json\/wp\/v2\/caracteristiques?post=35326"},{"taxonomy":"tipus-productes","embeddable":true,"href":"https:\/\/dibosch.com\/es\/wp-json\/wp\/v2\/tipus-productes?post=35326"},{"taxonomy":"zona-aplicacio","embeddable":true,"href":"https:\/\/dibosch.com\/es\/wp-json\/wp\/v2\/zona-aplicacio?post=35326"},{"taxonomy":"tipus-maquinaria","embeddable":true,"href":"https:\/\/dibosch.com\/es\/wp-json\/wp\/v2\/tipus-maquinaria?post=35326"}],"curies":[{"name":"wp","href":"https:\/\/api.w.org\/{rel}","templated":true}]}}