{"id":35389,"date":"2026-01-08T08:31:26","date_gmt":"2026-01-08T08:31:26","guid":{"rendered":"https:\/\/dibosch.com\/?post_type=product&#038;p=35389"},"modified":"2026-01-08T08:50:15","modified_gmt":"2026-01-08T08:50:15","slug":"fregadora-c75b-essential-comac","status":"publish","type":"product","link":"https:\/\/dibosch.com\/es\/producto\/fregadora-c75b-essential-comac\/","title":{"rendered":"FREGADORA C75B ESSENTIAL COMAC"},"content":{"rendered":"<p data-start=\"0\" data-end=\"82\">Fregadora Comac C75B Essential del a\u00f1o 2022 con 795 horas de uso. Bater\u00edas nuevas.<\/p>\n<p data-start=\"84\" data-end=\"304\">Todas las m\u00e1quinas han sido revisadas y puestas a punto por nuestro servicio t\u00e9cnico especializado, garantizando su correcto funcionamiento y rendimiento. Adem\u00e1s, cuentan con <strong data-start=\"259\" data-end=\"282\">6 meses de garant\u00eda<\/strong> para tu tranquilidad.<\/p>\n<p data-start=\"306\" data-end=\"616\">Las fregadoras de ocasi\u00f3n son una opci\u00f3n inteligente para optimizar la inversi\u00f3n en limpieza profesional, manteniendo la misma eficacia que una m\u00e1quina nueva, pero con un coste mucho m\u00e1s reducido. Disponemos de modelos de marcas reconocidas, listos para ser entregados y empezar a trabajar desde el primer d\u00eda.<\/p>\n<p data-start=\"618\" data-end=\"689\"><strong data-start=\"618\" data-end=\"689\">Ventajas de comprar fregadoras industriales de ocasi\u00f3n con Dibosch:<\/strong><\/p>\n<ul data-start=\"690\" data-end=\"887\">\n<li data-start=\"690\" data-end=\"737\">\n<p data-start=\"692\" data-end=\"737\">Ahorro econ\u00f3mico sin renunciar a la calidad<\/p>\n<\/li>\n<li data-start=\"738\" data-end=\"787\">\n<p data-start=\"740\" data-end=\"787\">Revisi\u00f3n integral por t\u00e9cnicos especializados<\/p>\n<\/li>\n<li data-start=\"788\" data-end=\"811\">\n<p data-start=\"790\" data-end=\"811\">Garant\u00eda de 6 meses<\/p>\n<\/li>\n<li data-start=\"812\" data-end=\"858\">\n<p data-start=\"814\" data-end=\"858\">Asistencia posventa y recambios asegurados<\/p>\n<\/li>\n<li data-start=\"859\" data-end=\"887\">\n<p data-start=\"861\" data-end=\"887\">Disponibilidad inmediata<\/p>\n<\/li>\n<\/ul>\n<p data-start=\"889\" data-end=\"1032\" data-is-last-node=\"\" data-is-only-node=\"\">Si necesitas asesoramiento, nuestro equipo te ayudar\u00e1 a encontrar la fregadora que mejor se adapte a las necesidades de tu entorno profesional.<\/p>\n","protected":false},"excerpt":{"rendered":"<p>Fregadora Comac C75B Essential del a\u00f1o 2022 con 795 horas de uso. Bater\u00edas nuevas. Todas las m\u00e1quinas han sido revisadas y puestas a punto por nuestro servicio t\u00e9cnico especializado, garantizando su correcto funcionamiento y rendimiento. Adem\u00e1s, cuentan con 6 meses de garant\u00eda para tu tranquilidad. Las fregadoras de ocasi\u00f3n son una opci\u00f3n inteligente para optimizar [&hellip;]<\/p>\n","protected":false},"featured_media":35383,"comment_status":"closed","ping_status":"closed","template":"","meta":[],"product_brand":[],"product_cat":[1287],"product_tag":[],"marcas":[916],"certificats":[],"caracteristiques":[],"tipus-productes":[],"zona-aplicacio":[],"tipus-maquinaria":[986,957],"class_list":{"0":"post-35389","1":"product","2":"type-product","3":"status-publish","4":"has-post-thumbnail","6":"product_cat-fregadoras-industriales-de-ocasion-seguna-mano","7":"marcas-comac-es","8":"tipus-maquinaria-fregadoras-industriales-ocasion-es","9":"tipus-maquinaria-maquina-ocasion","11":"first","12":"instock","13":"shipping-taxable","14":"purchasable","15":"product-type-simple"},"_links":{"self":[{"href":"https:\/\/dibosch.com\/es\/wp-json\/wp\/v2\/product\/35389","targetHints":{"allow":["GET"]}}],"collection":[{"href":"https:\/\/dibosch.com\/es\/wp-json\/wp\/v2\/product"}],"about":[{"href":"https:\/\/dibosch.com\/es\/wp-json\/wp\/v2\/types\/product"}],"replies":[{"embeddable":true,"href":"https:\/\/dibosch.com\/es\/wp-json\/wp\/v2\/comments?post=35389"}],"wp:featuredmedia":[{"embeddable":true,"href":"https:\/\/dibosch.com\/es\/wp-json\/wp\/v2\/media\/35383"}],"wp:attachment":[{"href":"https:\/\/dibosch.com\/es\/wp-json\/wp\/v2\/media?parent=35389"}],"wp:term":[{"taxonomy":"product_brand","embeddable":true,"href":"https:\/\/dibosch.com\/es\/wp-json\/wp\/v2\/product_brand?post=35389"},{"taxonomy":"product_cat","embeddable":true,"href":"https:\/\/dibosch.com\/es\/wp-json\/wp\/v2\/product_cat?post=35389"},{"taxonomy":"product_tag","embeddable":true,"href":"https:\/\/dibosch.com\/es\/wp-json\/wp\/v2\/product_tag?post=35389"},{"taxonomy":"marcas","embeddable":true,"href":"https:\/\/dibosch.com\/es\/wp-json\/wp\/v2\/marcas?post=35389"},{"taxonomy":"certificats","embeddable":true,"href":"https:\/\/dibosch.com\/es\/wp-json\/wp\/v2\/certificats?post=35389"},{"taxonomy":"caracteristiques","embeddable":true,"href":"https:\/\/dibosch.com\/es\/wp-json\/wp\/v2\/caracteristiques?post=35389"},{"taxonomy":"tipus-productes","embeddable":true,"href":"https:\/\/dibosch.com\/es\/wp-json\/wp\/v2\/tipus-productes?post=35389"},{"taxonomy":"zona-aplicacio","embeddable":true,"href":"https:\/\/dibosch.com\/es\/wp-json\/wp\/v2\/zona-aplicacio?post=35389"},{"taxonomy":"tipus-maquinaria","embeddable":true,"href":"https:\/\/dibosch.com\/es\/wp-json\/wp\/v2\/tipus-maquinaria?post=35389"}],"curies":[{"name":"wp","href":"https:\/\/api.w.org\/{rel}","templated":true}]}}