{"id":35401,"date":"2026-01-08T11:00:33","date_gmt":"2026-01-08T11:00:33","guid":{"rendered":"https:\/\/dibosch.com\/?post_type=product&#038;p=35401"},"modified":"2026-01-08T13:52:11","modified_gmt":"2026-01-08T13:52:11","slug":"fregadora-duplex-420-steam-230v-50hz-de-ocasion","status":"publish","type":"product","link":"https:\/\/dibosch.com\/es\/producto\/fregadora-duplex-420-steam-230v-50hz-de-ocasion\/","title":{"rendered":"FREGADORA DUPLEX 420 STEAM 230V 50Hz de ocasi\u00f3n"},"content":{"rendered":"<div class=\"flex flex-col text-sm pb-25\">\n<article class=\"text-token-text-primary w-full focus:outline-none [--shadow-height:45px] has-data-writing-block:pointer-events-none has-data-writing-block:-mt-(--shadow-height) has-data-writing-block:pt-(--shadow-height) [&amp;:has([data-writing-block])&gt;*]:pointer-events-auto scroll-mt-[calc(var(--header-height)+min(200px,max(70px,20svh)))]\" dir=\"auto\" tabindex=\"-1\" data-turn-id=\"request-WEB:58337307-5553-4f6d-9a34-f4adee60d515-2\" data-testid=\"conversation-turn-4\" data-scroll-anchor=\"true\" data-turn=\"assistant\">\n<div class=\"text-base my-auto mx-auto pb-10 [--thread-content-margin:--spacing(4)] @w-sm\/main:[--thread-content-margin:--spacing(6)] @w-lg\/main:[--thread-content-margin:--spacing(16)] px-(--thread-content-margin)\">\n<div class=\"[--thread-content-max-width:40rem] @w-lg\/main:[--thread-content-max-width:48rem] mx-auto max-w-(--thread-content-max-width) flex-1 group\/turn-messages focus-visible:outline-hidden relative flex w-full min-w-0 flex-col agent-turn\" tabindex=\"-1\">\n<div class=\"flex max-w-full flex-col grow\">\n<div class=\"min-h-8 text-message relative flex w-full flex-col items-end gap-2 text-start break-words whitespace-normal [.text-message+&amp;]:mt-1\" dir=\"auto\" data-message-author-role=\"assistant\" data-message-id=\"443a4baa-8efa-498f-813a-f29cb57a610c\" data-message-model-slug=\"gpt-5-2\">\n<div class=\"flex w-full flex-col gap-1 empty:hidden first:pt-[1px]\">\n<div class=\"markdown prose dark:prose-invert w-full break-words light markdown-new-styling\">\n<p data-start=\"0\" data-end=\"88\">Fregadora Duplex 420 STEAM 230V 50Hz del a\u00f1o 2021. Caldera y cepillos nuevos a estrenar.<\/p>\n<p data-start=\"90\" data-end=\"310\">Todas las m\u00e1quinas han sido revisadas y puestas a punto por nuestro servicio t\u00e9cnico especializado, garantizando su correcto funcionamiento y rendimiento. Adem\u00e1s, cuentan con <strong data-start=\"265\" data-end=\"288\">6 meses de garant\u00eda<\/strong> para tu tranquilidad.<\/p>\n<p data-start=\"312\" data-end=\"622\">Las fregadoras de ocasi\u00f3n son una opci\u00f3n inteligente para optimizar la inversi\u00f3n en limpieza profesional, manteniendo la misma eficacia que una m\u00e1quina nueva, pero con un coste mucho m\u00e1s reducido. Disponemos de modelos de marcas reconocidas, listos para ser entregados y empezar a trabajar desde el primer d\u00eda.<\/p>\n<p data-start=\"624\" data-end=\"695\"><strong data-start=\"624\" data-end=\"695\">Ventajas de comprar fregadoras industriales de ocasi\u00f3n con Dibosch:<\/strong><\/p>\n<ul data-start=\"696\" data-end=\"893\">\n<li data-start=\"696\" data-end=\"743\">\n<p data-start=\"698\" data-end=\"743\">Ahorro econ\u00f3mico sin renunciar a la calidad<\/p>\n<\/li>\n<li data-start=\"744\" data-end=\"793\">\n<p data-start=\"746\" data-end=\"793\">Revisi\u00f3n integral por t\u00e9cnicos especializados<\/p>\n<\/li>\n<li data-start=\"794\" data-end=\"817\">\n<p data-start=\"796\" data-end=\"817\">Garant\u00eda de 6 meses<\/p>\n<\/li>\n<li data-start=\"818\" data-end=\"864\">\n<p data-start=\"820\" data-end=\"864\">Asistencia posventa y recambios asegurados<\/p>\n<\/li>\n<li data-start=\"865\" data-end=\"893\">\n<p data-start=\"867\" data-end=\"893\">Disponibilidad inmediata<\/p>\n<\/li>\n<\/ul>\n<p data-start=\"895\" data-end=\"1038\" data-is-last-node=\"\" data-is-only-node=\"\">Si necesitas asesoramiento, nuestro equipo te ayudar\u00e1 a encontrar la fregadora que mejor se adapte a las necesidades de tu entorno profesional.<\/p>\n<\/div>\n<\/div>\n<\/div>\n<\/div>\n<\/div>\n<\/div>\n<\/article>\n<\/div>\n","protected":false},"excerpt":{"rendered":"<p>Fregadora Duplex 420 STEAM 230V 50Hz del a\u00f1o 2021. Caldera y cepillos nuevos a estrenar. Todas las m\u00e1quinas han sido revisadas y puestas a punto por nuestro servicio t\u00e9cnico especializado, garantizando su correcto funcionamiento y rendimiento. Adem\u00e1s, cuentan con 6 meses de garant\u00eda para tu tranquilidad. Las fregadoras de ocasi\u00f3n son una opci\u00f3n inteligente para [&hellip;]<\/p>\n","protected":false},"featured_media":35397,"comment_status":"closed","ping_status":"closed","template":"","meta":[],"product_brand":[],"product_cat":[1287],"product_tag":[],"marcas":[924],"certificats":[],"caracteristiques":[],"tipus-productes":[],"zona-aplicacio":[],"tipus-maquinaria":[986,957],"class_list":{"0":"post-35401","1":"product","2":"type-product","3":"status-publish","4":"has-post-thumbnail","6":"product_cat-fregadoras-industriales-de-ocasion-seguna-mano","7":"marcas-duplex-es","8":"tipus-maquinaria-fregadoras-industriales-ocasion-es","9":"tipus-maquinaria-maquina-ocasion","11":"first","12":"instock","13":"shipping-taxable","14":"purchasable","15":"product-type-simple"},"_links":{"self":[{"href":"https:\/\/dibosch.com\/es\/wp-json\/wp\/v2\/product\/35401","targetHints":{"allow":["GET"]}}],"collection":[{"href":"https:\/\/dibosch.com\/es\/wp-json\/wp\/v2\/product"}],"about":[{"href":"https:\/\/dibosch.com\/es\/wp-json\/wp\/v2\/types\/product"}],"replies":[{"embeddable":true,"href":"https:\/\/dibosch.com\/es\/wp-json\/wp\/v2\/comments?post=35401"}],"wp:featuredmedia":[{"embeddable":true,"href":"https:\/\/dibosch.com\/es\/wp-json\/wp\/v2\/media\/35397"}],"wp:attachment":[{"href":"https:\/\/dibosch.com\/es\/wp-json\/wp\/v2\/media?parent=35401"}],"wp:term":[{"taxonomy":"product_brand","embeddable":true,"href":"https:\/\/dibosch.com\/es\/wp-json\/wp\/v2\/product_brand?post=35401"},{"taxonomy":"product_cat","embeddable":true,"href":"https:\/\/dibosch.com\/es\/wp-json\/wp\/v2\/product_cat?post=35401"},{"taxonomy":"product_tag","embeddable":true,"href":"https:\/\/dibosch.com\/es\/wp-json\/wp\/v2\/product_tag?post=35401"},{"taxonomy":"marcas","embeddable":true,"href":"https:\/\/dibosch.com\/es\/wp-json\/wp\/v2\/marcas?post=35401"},{"taxonomy":"certificats","embeddable":true,"href":"https:\/\/dibosch.com\/es\/wp-json\/wp\/v2\/certificats?post=35401"},{"taxonomy":"caracteristiques","embeddable":true,"href":"https:\/\/dibosch.com\/es\/wp-json\/wp\/v2\/caracteristiques?post=35401"},{"taxonomy":"tipus-productes","embeddable":true,"href":"https:\/\/dibosch.com\/es\/wp-json\/wp\/v2\/tipus-productes?post=35401"},{"taxonomy":"zona-aplicacio","embeddable":true,"href":"https:\/\/dibosch.com\/es\/wp-json\/wp\/v2\/zona-aplicacio?post=35401"},{"taxonomy":"tipus-maquinaria","embeddable":true,"href":"https:\/\/dibosch.com\/es\/wp-json\/wp\/v2\/tipus-maquinaria?post=35401"}],"curies":[{"name":"wp","href":"https:\/\/api.w.org\/{rel}","templated":true}]}}