{"id":35403,"date":"2026-01-08T13:57:32","date_gmt":"2026-01-08T13:57:32","guid":{"rendered":"https:\/\/dibosch.com\/?post_type=product&#038;p=35403"},"modified":"2026-01-09T13:33:27","modified_gmt":"2026-01-09T13:33:27","slug":"fregadora-innova-75b-comac","status":"publish","type":"product","link":"https:\/\/dibosch.com\/es\/producto\/fregadora-innova-75b-comac\/","title":{"rendered":"FREGADORA INNOVA 75B COMAC"},"content":{"rendered":"<div class=\"text-base my-auto mx-auto pb-10 [--thread-content-margin:--spacing(4)] @w-sm\/main:[--thread-content-margin:--spacing(6)] @w-lg\/main:[--thread-content-margin:--spacing(16)] px-(--thread-content-margin)\">\n<div class=\"[--thread-content-max-width:40rem] @w-lg\/main:[--thread-content-max-width:48rem] mx-auto max-w-(--thread-content-max-width) flex-1 group\/turn-messages focus-visible:outline-hidden relative flex w-full min-w-0 flex-col agent-turn\" tabindex=\"-1\">\n<div class=\"flex max-w-full flex-col grow\">\n<div class=\"min-h-8 text-message relative flex w-full flex-col items-end gap-2 text-start break-words whitespace-normal [.text-message+&amp;]:mt-1\" dir=\"auto\" data-message-author-role=\"assistant\" data-message-id=\"96e14385-68ab-49e1-b3b5-17ecdd2b271f\" data-message-model-slug=\"gpt-5-2\">\n<div class=\"flex w-full flex-col gap-1 empty:hidden first:pt-[1px]\">\n<div class=\"markdown prose dark:prose-invert w-full break-words light markdown-new-styling\">\n<p data-start=\"0\" data-end=\"63\">Fregadora Comac Innova 75B del a\u00f1o 2011 con 1.899 horas de uso.<\/p>\n<p data-start=\"65\" data-end=\"285\">Todas las m\u00e1quinas han sido revisadas y puestas a punto por nuestro servicio t\u00e9cnico especializado, garantizando su correcto funcionamiento y rendimiento. Adem\u00e1s, cuentan con <strong data-start=\"240\" data-end=\"263\">6 meses de garant\u00eda<\/strong> para tu tranquilidad.<\/p>\n<p data-start=\"287\" data-end=\"597\">Las fregadoras de ocasi\u00f3n son una opci\u00f3n inteligente para optimizar la inversi\u00f3n en limpieza profesional, manteniendo la misma eficacia que una m\u00e1quina nueva, pero con un coste mucho m\u00e1s reducido. Disponemos de modelos de marcas reconocidas, listas para ser entregadas y empezar a trabajar desde el primer d\u00eda.<\/p>\n<p data-start=\"599\" data-end=\"670\"><strong data-start=\"599\" data-end=\"670\">Ventajas de comprar fregadoras industriales de ocasi\u00f3n con Dibosch:<\/strong><\/p>\n<ul data-start=\"671\" data-end=\"868\">\n<li data-start=\"671\" data-end=\"718\">\n<p data-start=\"673\" data-end=\"718\">Ahorro econ\u00f3mico sin renunciar a la calidad<\/p>\n<\/li>\n<li data-start=\"719\" data-end=\"768\">\n<p data-start=\"721\" data-end=\"768\">Revisi\u00f3n integral por t\u00e9cnicos especializados<\/p>\n<\/li>\n<li data-start=\"769\" data-end=\"792\">\n<p data-start=\"771\" data-end=\"792\">Garant\u00eda de 6 meses<\/p>\n<\/li>\n<li data-start=\"793\" data-end=\"839\">\n<p data-start=\"795\" data-end=\"839\">Asistencia posventa y recambios asegurados<\/p>\n<\/li>\n<li data-start=\"840\" data-end=\"868\">\n<p data-start=\"842\" data-end=\"868\">Disponibilidad inmediata<\/p>\n<\/li>\n<\/ul>\n<p data-start=\"870\" data-end=\"1013\" data-is-last-node=\"\" data-is-only-node=\"\">Si necesitas asesoramiento, nuestro equipo te ayudar\u00e1 a encontrar la fregadora que mejor se adapte a las necesidades de tu entorno profesional.<\/p>\n<\/div>\n<\/div>\n<\/div>\n<\/div>\n<\/div>\n<\/div>\n","protected":false},"excerpt":{"rendered":"<p>Fregadora Comac Innova 75B del a\u00f1o 2011 con 1.899 horas de uso. Todas las m\u00e1quinas han sido revisadas y puestas a punto por nuestro servicio t\u00e9cnico especializado, garantizando su correcto funcionamiento y rendimiento. Adem\u00e1s, cuentan con 6 meses de garant\u00eda para tu tranquilidad. Las fregadoras de ocasi\u00f3n son una opci\u00f3n inteligente para optimizar la inversi\u00f3n [&hellip;]<\/p>\n","protected":false},"featured_media":35406,"comment_status":"closed","ping_status":"closed","template":"","meta":[],"product_brand":[],"product_cat":[663,1287],"product_tag":[],"marcas":[916],"certificats":[],"caracteristiques":[],"tipus-productes":[],"zona-aplicacio":[],"tipus-maquinaria":[],"class_list":{"0":"post-35403","1":"product","2":"type-product","3":"status-publish","4":"has-post-thumbnail","6":"product_cat-accesorios-aspirador-profesional","7":"product_cat-fregadoras-industriales-de-ocasion-seguna-mano","8":"marcas-comac-es","10":"first","11":"instock","12":"shipping-taxable","13":"purchasable","14":"product-type-simple"},"_links":{"self":[{"href":"https:\/\/dibosch.com\/es\/wp-json\/wp\/v2\/product\/35403","targetHints":{"allow":["GET"]}}],"collection":[{"href":"https:\/\/dibosch.com\/es\/wp-json\/wp\/v2\/product"}],"about":[{"href":"https:\/\/dibosch.com\/es\/wp-json\/wp\/v2\/types\/product"}],"replies":[{"embeddable":true,"href":"https:\/\/dibosch.com\/es\/wp-json\/wp\/v2\/comments?post=35403"}],"wp:featuredmedia":[{"embeddable":true,"href":"https:\/\/dibosch.com\/es\/wp-json\/wp\/v2\/media\/35406"}],"wp:attachment":[{"href":"https:\/\/dibosch.com\/es\/wp-json\/wp\/v2\/media?parent=35403"}],"wp:term":[{"taxonomy":"product_brand","embeddable":true,"href":"https:\/\/dibosch.com\/es\/wp-json\/wp\/v2\/product_brand?post=35403"},{"taxonomy":"product_cat","embeddable":true,"href":"https:\/\/dibosch.com\/es\/wp-json\/wp\/v2\/product_cat?post=35403"},{"taxonomy":"product_tag","embeddable":true,"href":"https:\/\/dibosch.com\/es\/wp-json\/wp\/v2\/product_tag?post=35403"},{"taxonomy":"marcas","embeddable":true,"href":"https:\/\/dibosch.com\/es\/wp-json\/wp\/v2\/marcas?post=35403"},{"taxonomy":"certificats","embeddable":true,"href":"https:\/\/dibosch.com\/es\/wp-json\/wp\/v2\/certificats?post=35403"},{"taxonomy":"caracteristiques","embeddable":true,"href":"https:\/\/dibosch.com\/es\/wp-json\/wp\/v2\/caracteristiques?post=35403"},{"taxonomy":"tipus-productes","embeddable":true,"href":"https:\/\/dibosch.com\/es\/wp-json\/wp\/v2\/tipus-productes?post=35403"},{"taxonomy":"zona-aplicacio","embeddable":true,"href":"https:\/\/dibosch.com\/es\/wp-json\/wp\/v2\/zona-aplicacio?post=35403"},{"taxonomy":"tipus-maquinaria","embeddable":true,"href":"https:\/\/dibosch.com\/es\/wp-json\/wp\/v2\/tipus-maquinaria?post=35403"}],"curies":[{"name":"wp","href":"https:\/\/api.w.org\/{rel}","templated":true}]}}